{"id":957,"date":"2019-09-03T15:18:52","date_gmt":"2019-09-03T15:18:52","guid":{"rendered":"https:\/\/new.gidaperakendecileri.org\/?page_id=957"},"modified":"2019-09-03T15:19:28","modified_gmt":"2019-09-03T15:19:28","slug":"perakende-kariyer-platformu","status":"publish","type":"page","link":"https:\/\/www.gidaperakendecileri.org\/?page_id=957","title":{"rendered":"Perakende Kariyer Platformu"},"content":{"rendered":"\t\t<div data-elementor-type=\"wp-post\" data-elementor-id=\"957\" class=\"elementor elementor-957\">\n\t\t\t\t\t\t<section class=\"elementor-section elementor-top-section elementor-element elementor-element-9dd1223 elementor-section-boxed elementor-section-height-default elementor-section-height-default\" data-id=\"9dd1223\" data-element_type=\"section\">\n\t\t\t\t\t\t<div class=\"elementor-container elementor-column-gap-default\">\n\t\t\t\t\t<div class=\"elementor-column elementor-col-100 elementor-top-column elementor-element elementor-element-f158812\" data-id=\"f158812\" data-element_type=\"column\">\n\t\t\t<div class=\"elementor-widget-wrap elementor-element-populated\">\n\t\t\t\t\t\t<div class=\"elementor-element elementor-element-aa18ed8 elementor-widget elementor-widget-text-editor\" data-id=\"aa18ed8\" data-element_type=\"widget\" data-widget_type=\"text-editor.default\">\n\t\t\t\t<div class=\"elementor-widget-container\">\n\t\t\t\t\t\t\t\t\t<p><span style=\"color: #000000;\">GPD ve KMD\u2019nin \u0130SMEK ve \u0130\u015eKUR ile i\u015fbirli\u011fi yap\u0131p a\u00e7t\u0131\u011f\u0131 Perakende Okulu, Avrupa Birli\u011fi Erasmus+ hibesiyle hayata ge\u00e7irdi\u011fi \u00fccretsiz online perakende e\u011fitiminden sonra\u00a0\u00f6zellikle mavi yakal\u0131 i\u015f ilanlar\u0131n\u0131n \u00fccretsiz olarak yer alaca\u011f\u0131 \u0130\u015e-PER Kariyer Platformu\u2019nu yay\u0131na a\u00e7t\u0131.\u00a0<\/span><\/p><p><span style=\"color: #000000;\"><a class=\"daria-goto-anchor\" style=\"color: #000000;\" href=\"http:\/\/www.is-per.org\/\" target=\"_blank\" rel=\"noopener noreferrer\" data-vdir-href=\"https:\/\/mail.yandex.com\/re.jsx?uid=1130000020532498&amp;c=LIZA&amp;cv=17.9.22&amp;mid=170010885933254375&amp;h=a,qPJjcKYaYbRIqj3RoCphGg&amp;l=aHR0cDovL3d3dy5pcy1wZXIub3JnLw\" data-orig-href=\"http:\/\/www.is-per.org\/\"><span style=\"color: #ff0000;\">www.is-per.org<\/span><\/a>\u00a0adresinde yay\u0131na ge\u00e7en sitede \u00fcye kurulu\u015flar i\u015f ilanlar\u0131n\u0131 girebilecek. \u00d6zellikle \u0130SMEK Perakende Okulu\u2019nu bitiren kursiyerlerle daha h\u0131zl\u0131 ve s\u00fcrekli temasta olunmas\u0131 i\u00e7in haz\u0131rlanan site \u00fczerinden, perakendede \u00e7al\u0131\u015fmak isteyenler i\u015f ilanlar\u0131na ba\u015fvurabilecek.<\/span><\/p>\t\t\t\t\t\t\t\t<\/div>\n\t\t\t\t<\/div>\n\t\t\t\t\t<\/div>\n\t\t<\/div>\n\t\t\t\t\t<\/div>\n\t\t<\/section>\n\t\t\t\t<\/div>\n\t\t","protected":false},"excerpt":{"rendered":"<p>GPD ve KMD\u2019nin \u0130SMEK ve \u0130\u015eKUR ile i\u015fbirli\u011fi yap\u0131p a\u00e7t\u0131\u011f\u0131 Perakende Okulu, Avrupa Birli\u011fi Erasmus+ hibesiyle hayata ge\u00e7irdi\u011fi \u00fccretsiz online perakende e\u011fitiminden sonra\u00a0\u00f6zellikle mavi yakal\u0131 i\u015f ilanlar\u0131n\u0131n \u00fccretsiz olarak yer alaca\u011f\u0131 \u0130\u015e-PER Kariyer Platformu\u2019nu yay\u0131na a\u00e7t\u0131.\u00a0 www.is-per.org\u00a0adresinde yay\u0131na ge\u00e7en sitede \u00fcye kurulu\u015flar i\u015f ilanlar\u0131n\u0131 girebilecek. \u00d6zellikle \u0130SMEK Perakende Okulu\u2019nu bitiren kursiyerlerle daha h\u0131zl\u0131 ve s\u00fcrekli [&hellip;]<\/p>\n","protected":false},"author":1,"featured_media":0,"parent":0,"menu_order":0,"comment_status":"closed","ping_status":"closed","template":"","meta":{"_monsterinsights_skip_tracking":false,"_monsterinsights_sitenote_active":false,"_monsterinsights_sitenote_note":"","_monsterinsights_sitenote_category":0,"footnotes":""},"class_list":["post-957","page","type-page","status-publish"],"featured_image_src":null,"yoast_head":"<!-- This site is optimized with the Yoast SEO plugin v26.7 - https:\/\/yoast.com\/wordpress\/plugins\/seo\/ -->\n<title>Perakende Kariyer Platformu - GPD<\/title>\n<meta name=\"robots\" content=\"index, follow, max-snippet:-1, max-image-preview:large, max-video-preview:-1\" \/>\n<link rel=\"canonical\" href=\"https:\/\/www.gidaperakendecileri.org\/?page_id=957\" \/>\n<meta property=\"og:locale\" content=\"en_US\" \/>\n<meta property=\"og:type\" content=\"article\" \/>\n<meta property=\"og:title\" content=\"Perakende Kariyer Platformu - GPD\" \/>\n<meta property=\"og:description\" content=\"GPD ve KMD\u2019nin \u0130SMEK ve \u0130\u015eKUR ile i\u015fbirli\u011fi yap\u0131p a\u00e7t\u0131\u011f\u0131 Perakende Okulu, Avrupa Birli\u011fi Erasmus+ hibesiyle hayata ge\u00e7irdi\u011fi \u00fccretsiz online perakende e\u011fitiminden sonra\u00a0\u00f6zellikle mavi yakal\u0131 i\u015f ilanlar\u0131n\u0131n \u00fccretsiz olarak yer alaca\u011f\u0131 \u0130\u015e-PER Kariyer Platformu\u2019nu yay\u0131na a\u00e7t\u0131.\u00a0 www.is-per.org\u00a0adresinde yay\u0131na ge\u00e7en sitede \u00fcye kurulu\u015flar i\u015f ilanlar\u0131n\u0131 girebilecek. \u00d6zellikle \u0130SMEK Perakende Okulu\u2019nu bitiren kursiyerlerle daha h\u0131zl\u0131 ve s\u00fcrekli [&hellip;]\" \/>\n<meta property=\"og:url\" content=\"https:\/\/www.gidaperakendecileri.org\/?page_id=957\" \/>\n<meta property=\"og:site_name\" content=\"GPD\" \/>\n<meta property=\"article:modified_time\" content=\"2019-09-03T15:19:28+00:00\" \/>\n<meta name=\"twitter:card\" content=\"summary_large_image\" \/>\n<script type=\"application\/ld+json\" class=\"yoast-schema-graph\">{\"@context\":\"https:\/\/schema.org\",\"@graph\":[{\"@type\":\"WebPage\",\"@id\":\"https:\/\/www.gidaperakendecileri.org\/?page_id=957\",\"url\":\"https:\/\/www.gidaperakendecileri.org\/?page_id=957\",\"name\":\"Perakende Kariyer Platformu - GPD\",\"isPartOf\":{\"@id\":\"https:\/\/www.gidaperakendecileri.org\/#website\"},\"datePublished\":\"2019-09-03T15:18:52+00:00\",\"dateModified\":\"2019-09-03T15:19:28+00:00\",\"breadcrumb\":{\"@id\":\"https:\/\/www.gidaperakendecileri.org\/?page_id=957#breadcrumb\"},\"inLanguage\":\"en-US\",\"potentialAction\":[{\"@type\":\"ReadAction\",\"target\":[\"https:\/\/www.gidaperakendecileri.org\/?page_id=957\"]}]},{\"@type\":\"BreadcrumbList\",\"@id\":\"https:\/\/www.gidaperakendecileri.org\/?page_id=957#breadcrumb\",\"itemListElement\":[{\"@type\":\"ListItem\",\"position\":1,\"name\":\"Home\",\"item\":\"https:\/\/www.gidaperakendecileri.org\/\"},{\"@type\":\"ListItem\",\"position\":2,\"name\":\"Perakende Kariyer Platformu\"}]},{\"@type\":\"WebSite\",\"@id\":\"https:\/\/www.gidaperakendecileri.org\/#website\",\"url\":\"https:\/\/www.gidaperakendecileri.org\/\",\"name\":\"GPD\",\"description\":\"G\u0131da Perakendecileri Derne\u011fi\",\"potentialAction\":[{\"@type\":\"SearchAction\",\"target\":{\"@type\":\"EntryPoint\",\"urlTemplate\":\"https:\/\/www.gidaperakendecileri.org\/?s={search_term_string}\"},\"query-input\":{\"@type\":\"PropertyValueSpecification\",\"valueRequired\":true,\"valueName\":\"search_term_string\"}}],\"inLanguage\":\"en-US\"}]}<\/script>\n<!-- \/ Yoast SEO plugin. -->","yoast_head_json":{"title":"Perakende Kariyer Platformu - GPD","robots":{"index":"index","follow":"follow","max-snippet":"max-snippet:-1","max-image-preview":"max-image-preview:large","max-video-preview":"max-video-preview:-1"},"canonical":"https:\/\/www.gidaperakendecileri.org\/?page_id=957","og_locale":"en_US","og_type":"article","og_title":"Perakende Kariyer Platformu - GPD","og_description":"GPD ve KMD\u2019nin \u0130SMEK ve \u0130\u015eKUR ile i\u015fbirli\u011fi yap\u0131p a\u00e7t\u0131\u011f\u0131 Perakende Okulu, Avrupa Birli\u011fi Erasmus+ hibesiyle hayata ge\u00e7irdi\u011fi \u00fccretsiz online perakende e\u011fitiminden sonra\u00a0\u00f6zellikle mavi yakal\u0131 i\u015f ilanlar\u0131n\u0131n \u00fccretsiz olarak yer alaca\u011f\u0131 \u0130\u015e-PER Kariyer Platformu\u2019nu yay\u0131na a\u00e7t\u0131.\u00a0 www.is-per.org\u00a0adresinde yay\u0131na ge\u00e7en sitede \u00fcye kurulu\u015flar i\u015f ilanlar\u0131n\u0131 girebilecek. \u00d6zellikle \u0130SMEK Perakende Okulu\u2019nu bitiren kursiyerlerle daha h\u0131zl\u0131 ve s\u00fcrekli [&hellip;]","og_url":"https:\/\/www.gidaperakendecileri.org\/?page_id=957","og_site_name":"GPD","article_modified_time":"2019-09-03T15:19:28+00:00","twitter_card":"summary_large_image","schema":{"@context":"https:\/\/schema.org","@graph":[{"@type":"WebPage","@id":"https:\/\/www.gidaperakendecileri.org\/?page_id=957","url":"https:\/\/www.gidaperakendecileri.org\/?page_id=957","name":"Perakende Kariyer Platformu - GPD","isPartOf":{"@id":"https:\/\/www.gidaperakendecileri.org\/#website"},"datePublished":"2019-09-03T15:18:52+00:00","dateModified":"2019-09-03T15:19:28+00:00","breadcrumb":{"@id":"https:\/\/www.gidaperakendecileri.org\/?page_id=957#breadcrumb"},"inLanguage":"en-US","potentialAction":[{"@type":"ReadAction","target":["https:\/\/www.gidaperakendecileri.org\/?page_id=957"]}]},{"@type":"BreadcrumbList","@id":"https:\/\/www.gidaperakendecileri.org\/?page_id=957#breadcrumb","itemListElement":[{"@type":"ListItem","position":1,"name":"Home","item":"https:\/\/www.gidaperakendecileri.org\/"},{"@type":"ListItem","position":2,"name":"Perakende Kariyer Platformu"}]},{"@type":"WebSite","@id":"https:\/\/www.gidaperakendecileri.org\/#website","url":"https:\/\/www.gidaperakendecileri.org\/","name":"GPD","description":"G\u0131da Perakendecileri Derne\u011fi","potentialAction":[{"@type":"SearchAction","target":{"@type":"EntryPoint","urlTemplate":"https:\/\/www.gidaperakendecileri.org\/?s={search_term_string}"},"query-input":{"@type":"PropertyValueSpecification","valueRequired":true,"valueName":"search_term_string"}}],"inLanguage":"en-US"}]}},"_links":{"self":[{"href":"https:\/\/www.gidaperakendecileri.org\/index.php?rest_route=\/wp\/v2\/pages\/957","targetHints":{"allow":["GET"]}}],"collection":[{"href":"https:\/\/www.gidaperakendecileri.org\/index.php?rest_route=\/wp\/v2\/pages"}],"about":[{"href":"https:\/\/www.gidaperakendecileri.org\/index.php?rest_route=\/wp\/v2\/types\/page"}],"author":[{"embeddable":true,"href":"https:\/\/www.gidaperakendecileri.org\/index.php?rest_route=\/wp\/v2\/users\/1"}],"replies":[{"embeddable":true,"href":"https:\/\/www.gidaperakendecileri.org\/index.php?rest_route=%2Fwp%2Fv2%2Fcomments&post=957"}],"version-history":[{"count":2,"href":"https:\/\/www.gidaperakendecileri.org\/index.php?rest_route=\/wp\/v2\/pages\/957\/revisions"}],"predecessor-version":[{"id":959,"href":"https:\/\/www.gidaperakendecileri.org\/index.php?rest_route=\/wp\/v2\/pages\/957\/revisions\/959"}],"wp:attachment":[{"href":"https:\/\/www.gidaperakendecileri.org\/index.php?rest_route=%2Fwp%2Fv2%2Fmedia&parent=957"}],"curies":[{"name":"wp","href":"https:\/\/api.w.org\/{rel}","templated":true}]}}