{"id":7613,"date":"2026-01-12T03:25:09","date_gmt":"2026-01-12T03:25:09","guid":{"rendered":"https:\/\/www.gidaperakendecileri.org\/?page_id=7613"},"modified":"2026-01-12T03:30:00","modified_gmt":"2026-01-12T03:30:00","slug":"kongre-2026","status":"publish","type":"page","link":"https:\/\/www.gidaperakendecileri.org\/?page_id=7613","title":{"rendered":"Kongre 2026"},"content":{"rendered":"\t\t<div data-elementor-type=\"wp-post\" data-elementor-id=\"7613\" class=\"elementor elementor-7613\">\n\t\t\t\t\t\t<section class=\"elementor-section elementor-top-section elementor-element elementor-element-72419c1 elementor-section-boxed elementor-section-height-default elementor-section-height-default\" data-id=\"72419c1\" data-element_type=\"section\">\n\t\t\t\t\t\t<div class=\"elementor-container elementor-column-gap-default\">\n\t\t\t\t\t<div class=\"elementor-column elementor-col-100 elementor-top-column elementor-element elementor-element-11e519b\" data-id=\"11e519b\" data-element_type=\"column\">\n\t\t\t<div class=\"elementor-widget-wrap elementor-element-populated\">\n\t\t\t\t\t\t<div class=\"elementor-element elementor-element-6eee5c1 elementor-widget elementor-widget-image\" data-id=\"6eee5c1\" data-element_type=\"widget\" data-widget_type=\"image.default\">\n\t\t\t\t<div class=\"elementor-widget-container\">\n\t\t\t\t\t\t\t\t\t\t\t\t\t\t\t\t<a href=\"#\" target=\"_blank\">\n\t\t\t\t\t\t\t<img fetchpriority=\"high\" decoding=\"async\" width=\"1103\" height=\"1378\" src=\"https:\/\/www.gidaperakendecileri.org\/wp-content\/uploads\/2026\/01\/kongre-2026-savethedate-m.jpg\" class=\"attachment-full size-full wp-image-7614\" alt=\"\" srcset=\"https:\/\/www.gidaperakendecileri.org\/wp-content\/uploads\/2026\/01\/kongre-2026-savethedate-m.jpg 1103w, https:\/\/www.gidaperakendecileri.org\/wp-content\/uploads\/2026\/01\/kongre-2026-savethedate-m-240x300.jpg 240w, https:\/\/www.gidaperakendecileri.org\/wp-content\/uploads\/2026\/01\/kongre-2026-savethedate-m-820x1024.jpg 820w, https:\/\/www.gidaperakendecileri.org\/wp-content\/uploads\/2026\/01\/kongre-2026-savethedate-m-768x959.jpg 768w, https:\/\/www.gidaperakendecileri.org\/wp-content\/uploads\/2026\/01\/kongre-2026-savethedate-m-336x420.jpg 336w, https:\/\/www.gidaperakendecileri.org\/wp-content\/uploads\/2026\/01\/kongre-2026-savethedate-m-696x870.jpg 696w, https:\/\/www.gidaperakendecileri.org\/wp-content\/uploads\/2026\/01\/kongre-2026-savethedate-m-1068x1334.jpg 1068w, https:\/\/www.gidaperakendecileri.org\/wp-content\/uploads\/2026\/01\/kongre-2026-savethedate-m-320x400.jpg 320w, https:\/\/www.gidaperakendecileri.org\/wp-content\/uploads\/2026\/01\/kongre-2026-savethedate-m-480x600.jpg 480w, https:\/\/www.gidaperakendecileri.org\/wp-content\/uploads\/2026\/01\/kongre-2026-savethedate-m-800x999.jpg 800w\" sizes=\"(max-width: 1103px) 100vw, 1103px\" \/>\t\t\t\t\t\t\t\t<\/a>\n\t\t\t\t\t\t\t\t\t\t\t\t\t\t\t<\/div>\n\t\t\t\t<\/div>\n\t\t\t\t<div class=\"elementor-element elementor-element-a0e1d7b elementor-widget elementor-widget-text-editor\" data-id=\"a0e1d7b\" data-element_type=\"widget\" data-widget_type=\"text-editor.default\">\n\t\t\t\t<div class=\"elementor-widget-container\">\n\t\t\t\t\t\t\t\t\t<p><span style=\"color: #000000;\"><b>Ortak Geli\u015fim Kongresi, Perakende Sekt\u00f6r\u00fcn\u00fc Bulu\u015fturuyor<\/b><\/span><\/p><p><span style=\"color: #000000;\">G\u0131da perakendecilerinin ve tedarik\u00e7ilerinin bulu\u015ftu\u011fu <strong>12. Ortak Geli\u015fim Kongresi, 17 Kas\u0131m 2026 Sal\u0131 g\u00fcn\u00fc Wyndham Grand \u0130stanbul Levent Hotel &amp; Conference Center\u2019da<\/strong> ger\u00e7ekle\u015ftirilecek.<\/span><\/p><ul><li><span style=\"color: #000000;\">Ulusal zincir marketler, h\u0131zl\u0131 servis restoranlar\u0131 ve kahve zincirleri,<\/span><\/li><li><span style=\"color: #000000;\">Yerel ve b\u00f6lgesel perakendeciler,<\/span><\/li><li><span style=\"color: #000000;\">H\u0131zl\u0131 t\u00fcketim mallar\u0131 \u00fcreticileri ve tedarik\u00e7ileri,<\/span><\/li><li><span style=\"color: #000000;\">Yerel \u00fcreticiler,<\/span><\/li><li><span style=\"color: #000000;\">G\u0131da ve tar\u0131m teknolojileri \u00fcreticileri,<\/span><\/li><li><span style=\"color: #000000;\">Lojistik firmalar\u0131,<\/span><\/li><li><span style=\"color: #000000;\">Market ve restoran ekipman \u00fcretici ve tedarik\u00e7ileri<\/span><\/li><li><span style=\"color: #000000;\">Ve sekt\u00f6r\u00fcn \u00e7\u00f6z\u00fcm ortaklar\u0131 olan t\u00fcm payda\u015flar,<br \/><\/span><strong style=\"color: #000000; font-family: Verdana, BlinkMacSystemFont, -apple-system, 'Segoe UI', Roboto, Oxygen, Ubuntu, Cantarell, 'Open Sans', 'Helvetica Neue', sans-serif;\">17 Kas\u0131m 2026<\/strong><span style=\"color: #000000; font-family: Verdana, BlinkMacSystemFont, -apple-system, 'Segoe UI', Roboto, Oxygen, Ubuntu, Cantarell, 'Open Sans', 'Helvetica Neue', sans-serif;\">\u00a0Sal\u0131\u00a0g\u00fcn\u00fc\u00a0<\/span><strong style=\"color: #000000; font-family: Verdana, BlinkMacSystemFont, -apple-system, 'Segoe UI', Roboto, Oxygen, Ubuntu, Cantarell, 'Open Sans', 'Helvetica Neue', sans-serif;\">Wyndham Grand \u0130stanbul Levent <span style=\"color: #000000;\"><strong>Hotel &amp; Conference Center\u2019da<\/strong><\/span><\/strong><span style=\"color: #000000; font-family: Verdana, BlinkMacSystemFont, -apple-system, 'Segoe UI', Roboto, Oxygen, Ubuntu, Cantarell, 'Open Sans', 'Helvetica Neue', sans-serif;\">\u00a0ger\u00e7ekle\u015fecek <\/span><strong style=\"color: #000000; font-family: Verdana, BlinkMacSystemFont, -apple-system, 'Segoe UI', Roboto, Oxygen, Ubuntu, Cantarell, 'Open Sans', 'Helvetica Neue', sans-serif;\">12. Ortak Geli\u015fim Kongresi<\/strong><span style=\"color: #000000; font-family: Verdana, BlinkMacSystemFont, -apple-system, 'Segoe UI', Roboto, Oxygen, Ubuntu, Cantarell, 'Open Sans', 'Helvetica Neue', sans-serif;\">\u2019nde bir araya gelecek.<\/span><\/li><\/ul>\t\t\t\t\t\t\t\t<\/div>\n\t\t\t\t<\/div>\n\t\t\t\t\t<\/div>\n\t\t<\/div>\n\t\t\t\t\t<\/div>\n\t\t<\/section>\n\t\t\t\t<section class=\"elementor-section elementor-top-section elementor-element elementor-element-32f5249 elementor-section-boxed elementor-section-height-default elementor-section-height-default\" data-id=\"32f5249\" data-element_type=\"section\">\n\t\t\t\t\t\t<div class=\"elementor-container elementor-column-gap-default\">\n\t\t\t\t\t<div class=\"elementor-column elementor-col-100 elementor-top-column elementor-element elementor-element-d42da3e\" data-id=\"d42da3e\" data-element_type=\"column\">\n\t\t\t<div class=\"elementor-widget-wrap elementor-element-populated\">\n\t\t\t\t\t\t<div class=\"elementor-element elementor-element-3ed7f8a elementor-widget-divider--view-line elementor-widget elementor-widget-divider\" data-id=\"3ed7f8a\" data-element_type=\"widget\" data-widget_type=\"divider.default\">\n\t\t\t\t<div class=\"elementor-widget-container\">\n\t\t\t\t\t\t\t<div class=\"elementor-divider\">\n\t\t\t<span class=\"elementor-divider-separator\">\n\t\t\t\t\t\t<\/span>\n\t\t<\/div>\n\t\t\t\t\t\t<\/div>\n\t\t\t\t<\/div>\n\t\t\t\t\t<\/div>\n\t\t<\/div>\n\t\t\t\t\t<\/div>\n\t\t<\/section>\n\t\t\t\t<section class=\"elementor-section elementor-top-section elementor-element elementor-element-735151c elementor-section-boxed elementor-section-height-default elementor-section-height-default\" data-id=\"735151c\" data-element_type=\"section\">\n\t\t\t\t\t\t<div class=\"elementor-container elementor-column-gap-default\">\n\t\t\t\t\t<div class=\"elementor-column elementor-col-100 elementor-top-column elementor-element elementor-element-cfda09c\" data-id=\"cfda09c\" data-element_type=\"column\">\n\t\t\t<div class=\"elementor-widget-wrap elementor-element-populated\">\n\t\t\t\t\t\t<div class=\"elementor-element elementor-element-0bef444 elementor-widget elementor-widget-text-editor\" data-id=\"0bef444\" data-element_type=\"widget\" data-widget_type=\"text-editor.default\">\n\t\t\t\t<div class=\"elementor-widget-container\">\n\t\t\t\t\t\t\t\t\t<p><em><strong><span style=\"color: #000000;\">Etkinlikte yer alma imkanlar\u0131 ve kat\u0131l\u0131m i\u00e7in ileti\u015fime ge\u00e7iniz:<br \/><\/span><\/strong><\/em><strong><span style=\"color: #000000;\">Egemen Sayra\u00e7<br \/><\/span><\/strong><a href=\"mailto:esayrac@gidaperakendecileri.org\"><span style=\"color: #000000;\">esayrac@gidaperakendecileri.org<\/span><\/a><\/p><p><strong><span style=\"color: #000000;\">Benek Gen\u00e7ero\u011flu<\/span><\/strong><strong><span style=\"color: #000000;\"><br \/><\/span><\/strong><a href=\"mailto:bgenceroglu@gidaperakendecileri.org\"><span style=\"color: #000000;\">bgenceroglu@gidaperakendecileri.org<\/span><\/a><span style=\"color: #000000;\"><br \/>0212 227 85 42-52<\/span><\/p>\t\t\t\t\t\t\t\t<\/div>\n\t\t\t\t<\/div>\n\t\t\t\t\t<\/div>\n\t\t<\/div>\n\t\t\t\t\t<\/div>\n\t\t<\/section>\n\t\t\t\t<\/div>\n\t\t","protected":false},"excerpt":{"rendered":"<p>Ortak Geli\u015fim Kongresi, Perakende Sekt\u00f6r\u00fcn\u00fc Bulu\u015fturuyor G\u0131da perakendecilerinin ve tedarik\u00e7ilerinin bulu\u015ftu\u011fu 12. Ortak Geli\u015fim Kongresi, 17 Kas\u0131m 2026 Sal\u0131 g\u00fcn\u00fc Wyndham Grand \u0130stanbul Levent Hotel &amp; Conference Center\u2019da ger\u00e7ekle\u015ftirilecek. Ulusal zincir marketler, h\u0131zl\u0131 servis restoranlar\u0131 ve kahve zincirleri, Yerel ve b\u00f6lgesel perakendeciler, H\u0131zl\u0131 t\u00fcketim mallar\u0131 \u00fcreticileri ve tedarik\u00e7ileri, Yerel \u00fcreticiler, G\u0131da ve tar\u0131m teknolojileri \u00fcreticileri, [&hellip;]<\/p>\n","protected":false},"author":1,"featured_media":7614,"parent":0,"menu_order":0,"comment_status":"closed","ping_status":"closed","template":"","meta":{"_monsterinsights_skip_tracking":false,"_monsterinsights_sitenote_active":false,"_monsterinsights_sitenote_note":"","_monsterinsights_sitenote_category":0,"footnotes":""},"class_list":["post-7613","page","type-page","status-publish","has-post-thumbnail"],"featured_image_src":"https:\/\/www.gidaperakendecileri.org\/wp-content\/uploads\/2026\/01\/kongre-2026-savethedate-m.jpg","yoast_head":"<!-- This site is optimized with the Yoast SEO plugin v26.7 - https:\/\/yoast.com\/wordpress\/plugins\/seo\/ -->\n<title>Kongre 2026 - GPD<\/title>\n<meta name=\"description\" content=\"Ortak Geli\u015fim Kongresi bu y\u0131l, 17 Kas\u0131m\u2019da Wyndham Grand \u0130stanbul Levent Hotel &amp; Conference Center\u2019da ger\u00e7ekle\u015ftirilecek.\" \/>\n<meta name=\"robots\" content=\"index, follow, max-snippet:-1, max-image-preview:large, max-video-preview:-1\" \/>\n<link rel=\"canonical\" href=\"https:\/\/www.gidaperakendecileri.org\/?page_id=7613\" \/>\n<meta property=\"og:locale\" content=\"en_US\" \/>\n<meta property=\"og:type\" content=\"article\" \/>\n<meta property=\"og:title\" content=\"Kongre 2026 - GPD\" \/>\n<meta property=\"og:description\" content=\"Ortak Geli\u015fim Kongresi bu y\u0131l, 17 Kas\u0131m\u2019da Wyndham Grand \u0130stanbul Levent Hotel &amp; Conference Center\u2019da ger\u00e7ekle\u015ftirilecek.\" \/>\n<meta property=\"og:url\" content=\"https:\/\/www.gidaperakendecileri.org\/?page_id=7613\" \/>\n<meta property=\"og:site_name\" content=\"GPD\" \/>\n<meta property=\"article:modified_time\" content=\"2026-01-12T03:30:00+00:00\" \/>\n<meta property=\"og:image\" content=\"http:\/\/www.gidaperakendecileri.org\/wp-content\/uploads\/2026\/01\/kongre-2026-savethedate-m.jpg\" \/>\n\t<meta property=\"og:image:width\" content=\"1103\" \/>\n\t<meta property=\"og:image:height\" content=\"1378\" \/>\n\t<meta property=\"og:image:type\" content=\"image\/jpeg\" \/>\n<meta name=\"twitter:card\" content=\"summary_large_image\" \/>\n<meta name=\"twitter:label1\" content=\"Est. reading time\" \/>\n\t<meta name=\"twitter:data1\" content=\"1 minute\" \/>\n<script type=\"application\/ld+json\" class=\"yoast-schema-graph\">{\"@context\":\"https:\/\/schema.org\",\"@graph\":[{\"@type\":\"WebPage\",\"@id\":\"https:\/\/www.gidaperakendecileri.org\/?page_id=7613\",\"url\":\"https:\/\/www.gidaperakendecileri.org\/?page_id=7613\",\"name\":\"Kongre 2026 - GPD\",\"isPartOf\":{\"@id\":\"https:\/\/www.gidaperakendecileri.org\/#website\"},\"primaryImageOfPage\":{\"@id\":\"https:\/\/www.gidaperakendecileri.org\/?page_id=7613#primaryimage\"},\"image\":{\"@id\":\"https:\/\/www.gidaperakendecileri.org\/?page_id=7613#primaryimage\"},\"thumbnailUrl\":\"https:\/\/www.gidaperakendecileri.org\/wp-content\/uploads\/2026\/01\/kongre-2026-savethedate-m.jpg\",\"datePublished\":\"2026-01-12T03:25:09+00:00\",\"dateModified\":\"2026-01-12T03:30:00+00:00\",\"description\":\"Ortak Geli\u015fim Kongresi bu y\u0131l, 17 Kas\u0131m\u2019da Wyndham Grand \u0130stanbul Levent Hotel & Conference Center\u2019da ger\u00e7ekle\u015ftirilecek.\",\"breadcrumb\":{\"@id\":\"https:\/\/www.gidaperakendecileri.org\/?page_id=7613#breadcrumb\"},\"inLanguage\":\"en-US\",\"potentialAction\":[{\"@type\":\"ReadAction\",\"target\":[\"https:\/\/www.gidaperakendecileri.org\/?page_id=7613\"]}]},{\"@type\":\"ImageObject\",\"inLanguage\":\"en-US\",\"@id\":\"https:\/\/www.gidaperakendecileri.org\/?page_id=7613#primaryimage\",\"url\":\"https:\/\/www.gidaperakendecileri.org\/wp-content\/uploads\/2026\/01\/kongre-2026-savethedate-m.jpg\",\"contentUrl\":\"https:\/\/www.gidaperakendecileri.org\/wp-content\/uploads\/2026\/01\/kongre-2026-savethedate-m.jpg\",\"width\":1103,\"height\":1378},{\"@type\":\"BreadcrumbList\",\"@id\":\"https:\/\/www.gidaperakendecileri.org\/?page_id=7613#breadcrumb\",\"itemListElement\":[{\"@type\":\"ListItem\",\"position\":1,\"name\":\"Home\",\"item\":\"https:\/\/www.gidaperakendecileri.org\/\"},{\"@type\":\"ListItem\",\"position\":2,\"name\":\"Kongre 2026\"}]},{\"@type\":\"WebSite\",\"@id\":\"https:\/\/www.gidaperakendecileri.org\/#website\",\"url\":\"https:\/\/www.gidaperakendecileri.org\/\",\"name\":\"GPD\",\"description\":\"G\u0131da Perakendecileri Derne\u011fi\",\"potentialAction\":[{\"@type\":\"SearchAction\",\"target\":{\"@type\":\"EntryPoint\",\"urlTemplate\":\"https:\/\/www.gidaperakendecileri.org\/?s={search_term_string}\"},\"query-input\":{\"@type\":\"PropertyValueSpecification\",\"valueRequired\":true,\"valueName\":\"search_term_string\"}}],\"inLanguage\":\"en-US\"}]}<\/script>\n<!-- \/ Yoast SEO plugin. -->","yoast_head_json":{"title":"Kongre 2026 - GPD","description":"Ortak Geli\u015fim Kongresi bu y\u0131l, 17 Kas\u0131m\u2019da Wyndham Grand \u0130stanbul Levent Hotel & Conference Center\u2019da ger\u00e7ekle\u015ftirilecek.","robots":{"index":"index","follow":"follow","max-snippet":"max-snippet:-1","max-image-preview":"max-image-preview:large","max-video-preview":"max-video-preview:-1"},"canonical":"https:\/\/www.gidaperakendecileri.org\/?page_id=7613","og_locale":"en_US","og_type":"article","og_title":"Kongre 2026 - GPD","og_description":"Ortak Geli\u015fim Kongresi bu y\u0131l, 17 Kas\u0131m\u2019da Wyndham Grand \u0130stanbul Levent Hotel & Conference Center\u2019da ger\u00e7ekle\u015ftirilecek.","og_url":"https:\/\/www.gidaperakendecileri.org\/?page_id=7613","og_site_name":"GPD","article_modified_time":"2026-01-12T03:30:00+00:00","og_image":[{"width":1103,"height":1378,"url":"http:\/\/www.gidaperakendecileri.org\/wp-content\/uploads\/2026\/01\/kongre-2026-savethedate-m.jpg","type":"image\/jpeg"}],"twitter_card":"summary_large_image","twitter_misc":{"Est. reading time":"1 minute"},"schema":{"@context":"https:\/\/schema.org","@graph":[{"@type":"WebPage","@id":"https:\/\/www.gidaperakendecileri.org\/?page_id=7613","url":"https:\/\/www.gidaperakendecileri.org\/?page_id=7613","name":"Kongre 2026 - GPD","isPartOf":{"@id":"https:\/\/www.gidaperakendecileri.org\/#website"},"primaryImageOfPage":{"@id":"https:\/\/www.gidaperakendecileri.org\/?page_id=7613#primaryimage"},"image":{"@id":"https:\/\/www.gidaperakendecileri.org\/?page_id=7613#primaryimage"},"thumbnailUrl":"https:\/\/www.gidaperakendecileri.org\/wp-content\/uploads\/2026\/01\/kongre-2026-savethedate-m.jpg","datePublished":"2026-01-12T03:25:09+00:00","dateModified":"2026-01-12T03:30:00+00:00","description":"Ortak Geli\u015fim Kongresi bu y\u0131l, 17 Kas\u0131m\u2019da Wyndham Grand \u0130stanbul Levent Hotel & Conference Center\u2019da ger\u00e7ekle\u015ftirilecek.","breadcrumb":{"@id":"https:\/\/www.gidaperakendecileri.org\/?page_id=7613#breadcrumb"},"inLanguage":"en-US","potentialAction":[{"@type":"ReadAction","target":["https:\/\/www.gidaperakendecileri.org\/?page_id=7613"]}]},{"@type":"ImageObject","inLanguage":"en-US","@id":"https:\/\/www.gidaperakendecileri.org\/?page_id=7613#primaryimage","url":"https:\/\/www.gidaperakendecileri.org\/wp-content\/uploads\/2026\/01\/kongre-2026-savethedate-m.jpg","contentUrl":"https:\/\/www.gidaperakendecileri.org\/wp-content\/uploads\/2026\/01\/kongre-2026-savethedate-m.jpg","width":1103,"height":1378},{"@type":"BreadcrumbList","@id":"https:\/\/www.gidaperakendecileri.org\/?page_id=7613#breadcrumb","itemListElement":[{"@type":"ListItem","position":1,"name":"Home","item":"https:\/\/www.gidaperakendecileri.org\/"},{"@type":"ListItem","position":2,"name":"Kongre 2026"}]},{"@type":"WebSite","@id":"https:\/\/www.gidaperakendecileri.org\/#website","url":"https:\/\/www.gidaperakendecileri.org\/","name":"GPD","description":"G\u0131da Perakendecileri Derne\u011fi","potentialAction":[{"@type":"SearchAction","target":{"@type":"EntryPoint","urlTemplate":"https:\/\/www.gidaperakendecileri.org\/?s={search_term_string}"},"query-input":{"@type":"PropertyValueSpecification","valueRequired":true,"valueName":"search_term_string"}}],"inLanguage":"en-US"}]}},"_links":{"self":[{"href":"https:\/\/www.gidaperakendecileri.org\/index.php?rest_route=\/wp\/v2\/pages\/7613","targetHints":{"allow":["GET"]}}],"collection":[{"href":"https:\/\/www.gidaperakendecileri.org\/index.php?rest_route=\/wp\/v2\/pages"}],"about":[{"href":"https:\/\/www.gidaperakendecileri.org\/index.php?rest_route=\/wp\/v2\/types\/page"}],"author":[{"embeddable":true,"href":"https:\/\/www.gidaperakendecileri.org\/index.php?rest_route=\/wp\/v2\/users\/1"}],"replies":[{"embeddable":true,"href":"https:\/\/www.gidaperakendecileri.org\/index.php?rest_route=%2Fwp%2Fv2%2Fcomments&post=7613"}],"version-history":[{"count":10,"href":"https:\/\/www.gidaperakendecileri.org\/index.php?rest_route=\/wp\/v2\/pages\/7613\/revisions"}],"predecessor-version":[{"id":7624,"href":"https:\/\/www.gidaperakendecileri.org\/index.php?rest_route=\/wp\/v2\/pages\/7613\/revisions\/7624"}],"wp:featuredmedia":[{"embeddable":true,"href":"https:\/\/www.gidaperakendecileri.org\/index.php?rest_route=\/wp\/v2\/media\/7614"}],"wp:attachment":[{"href":"https:\/\/www.gidaperakendecileri.org\/index.php?rest_route=%2Fwp%2Fv2%2Fmedia&parent=7613"}],"curies":[{"name":"wp","href":"https:\/\/api.w.org\/{rel}","templated":true}]}}