{"id":7056,"date":"2025-03-11T06:04:26","date_gmt":"2025-03-11T06:04:26","guid":{"rendered":"https:\/\/www.gidaperakendecileri.org\/?page_id=7056"},"modified":"2025-11-13T07:37:41","modified_gmt":"2025-11-13T07:37:41","slug":"kongre-2025","status":"publish","type":"page","link":"https:\/\/www.gidaperakendecileri.org\/?page_id=7056","title":{"rendered":"Kongre 2025"},"content":{"rendered":"\t\t<div data-elementor-type=\"wp-post\" data-elementor-id=\"7056\" class=\"elementor elementor-7056\">\n\t\t\t\t\t\t<section class=\"elementor-section elementor-top-section elementor-element elementor-element-72419c1 elementor-section-boxed elementor-section-height-default elementor-section-height-default\" data-id=\"72419c1\" data-element_type=\"section\">\n\t\t\t\t\t\t<div class=\"elementor-container elementor-column-gap-default\">\n\t\t\t\t\t<div class=\"elementor-column elementor-col-100 elementor-top-column elementor-element elementor-element-11e519b\" data-id=\"11e519b\" data-element_type=\"column\">\n\t\t\t<div class=\"elementor-widget-wrap elementor-element-populated\">\n\t\t\t\t\t\t<div class=\"elementor-element elementor-element-6eee5c1 elementor-widget elementor-widget-image\" data-id=\"6eee5c1\" data-element_type=\"widget\" data-widget_type=\"image.default\">\n\t\t\t\t<div class=\"elementor-widget-container\">\n\t\t\t\t\t\t\t\t\t\t\t\t\t\t\t\t<a href=\"https:\/\/digitalnetworkalkas.com\/event\/11-ortak-gelisim-kongresi-online-gpd\" target=\"_blank\">\n\t\t\t\t\t\t\t<img fetchpriority=\"high\" decoding=\"async\" width=\"1042\" height=\"1459\" src=\"https:\/\/www.gidaperakendecileri.org\/wp-content\/uploads\/2025\/11\/tarihi_kaydet-2025.jpg\" class=\"attachment-full size-full wp-image-7507\" alt=\"\" srcset=\"https:\/\/www.gidaperakendecileri.org\/wp-content\/uploads\/2025\/11\/tarihi_kaydet-2025.jpg 1042w, https:\/\/www.gidaperakendecileri.org\/wp-content\/uploads\/2025\/11\/tarihi_kaydet-2025-214x300.jpg 214w, https:\/\/www.gidaperakendecileri.org\/wp-content\/uploads\/2025\/11\/tarihi_kaydet-2025-731x1024.jpg 731w, https:\/\/www.gidaperakendecileri.org\/wp-content\/uploads\/2025\/11\/tarihi_kaydet-2025-768x1075.jpg 768w, https:\/\/www.gidaperakendecileri.org\/wp-content\/uploads\/2025\/11\/tarihi_kaydet-2025-300x420.jpg 300w, https:\/\/www.gidaperakendecileri.org\/wp-content\/uploads\/2025\/11\/tarihi_kaydet-2025-696x975.jpg 696w, https:\/\/www.gidaperakendecileri.org\/wp-content\/uploads\/2025\/11\/tarihi_kaydet-2025-320x448.jpg 320w, https:\/\/www.gidaperakendecileri.org\/wp-content\/uploads\/2025\/11\/tarihi_kaydet-2025-480x672.jpg 480w, https:\/\/www.gidaperakendecileri.org\/wp-content\/uploads\/2025\/11\/tarihi_kaydet-2025-800x1120.jpg 800w\" sizes=\"(max-width: 1042px) 100vw, 1042px\" \/>\t\t\t\t\t\t\t\t<\/a>\n\t\t\t\t\t\t\t\t\t\t\t\t\t\t\t<\/div>\n\t\t\t\t<\/div>\n\t\t\t\t<div class=\"elementor-element elementor-element-a0e1d7b elementor-widget elementor-widget-text-editor\" data-id=\"a0e1d7b\" data-element_type=\"widget\" data-widget_type=\"text-editor.default\">\n\t\t\t\t<div class=\"elementor-widget-container\">\n\t\t\t\t\t\t\t\t\t<p><span style=\"color: #000000;\"><b>Ortak Geli\u015fim Kongresi \u201cHer \u00dcr\u00fcn Bir G\u00fcven Eseri\u201d Temas\u0131yla Sekt\u00f6r\u00fc Bulu\u015fturuyor<\/b><\/span><\/p><p class=\"p1\"><span style=\"color: #000000;\">Her \u00fcr\u00fcn, \u00fcretimden raflara uzanan yolculu\u011funda bir g\u00fcven zincirinin halkas\u0131d\u0131r. Tarladan sofraya, fabrikadan ma\u011fazaya kadar her a\u015famada; kalite, hijyen, g\u00fcvenlik ve titizlikle korunur. G\u0131da perakendesi bu s\u00fcrecin en g\u00f6r\u00fcn\u00fcr, ama ayn\u0131 zamanda en sorumlu halkas\u0131d\u0131r. <strong>\u201cHer \u00dcr\u00fcn Bir G\u00fcven Eseri\u201d<\/strong> temas\u0131yla d\u00fczenledi\u011fimiz Ortak Geli\u015fim Kongresi\u2019nde, perakendenin g\u00fcven in\u015fa eden bu kritik rol\u00fcn\u00fc g\u00f6r\u00fcn\u00fcr k\u0131lmay\u0131; t\u00fcketiciyle sekt\u00f6r aras\u0131nda g\u00fc\u00e7lenen bir g\u00fcven k\u00f6pr\u00fcs\u00fc kurmay\u0131 hedefliyoruz.<\/span><\/p><p><span style=\"color: #000000;\">G\u0131da perakendecilerinin ve tedarik\u00e7ilerinin bulu\u015ftu\u011fu <strong>11. Ortak Geli\u015fim Kongresi, 18 Kas\u0131m 2025 Sal\u0131 g\u00fcn\u00fc Wyndham Grand \u0130stanbul Levent\u2019te<\/strong> ve e\u015f zamanl\u0131 olarak <strong>Digital Network Alka\u015f<\/strong>\u2019ta hibrit olarak ger\u00e7ekle\u015ftirilecek.<\/span><\/p><ul><li><span style=\"color: #000000;\">Ulusal zincir marketler, h\u0131zl\u0131 servis restoranlar\u0131 ve kahve zincirleri,<\/span><\/li><li><span style=\"color: #000000;\">Yerel ve b\u00f6lgesel perakendeciler,<\/span><\/li><li><span style=\"color: #000000;\">H\u0131zl\u0131 t\u00fcketim mallar\u0131 \u00fcreticileri ve tedarik\u00e7ileri,<\/span><\/li><li><span style=\"color: #000000;\">Yerel \u00fcreticiler,<\/span><\/li><li><span style=\"color: #000000;\">G\u0131da ve tar\u0131m teknolojileri \u00fcreticileri,<\/span><\/li><li><span style=\"color: #000000;\">Lojistik firmalar\u0131,<\/span><\/li><li><span style=\"color: #000000;\">Market ve restoran ekipman \u00fcretici ve tedarik\u00e7ileri<\/span><\/li><li><span style=\"color: #000000;\">Ve sekt\u00f6r\u00fcn \u00e7\u00f6z\u00fcm ortaklar\u0131 olan t\u00fcm payda\u015flar,<br \/><\/span><strong style=\"color: #000000; font-family: Verdana, BlinkMacSystemFont, -apple-system, 'Segoe UI', Roboto, Oxygen, Ubuntu, Cantarell, 'Open Sans', 'Helvetica Neue', sans-serif;\">18 Kas\u0131m 2025<\/strong><span style=\"color: #000000; font-family: Verdana, BlinkMacSystemFont, -apple-system, 'Segoe UI', Roboto, Oxygen, Ubuntu, Cantarell, 'Open Sans', 'Helvetica Neue', sans-serif;\"> Sal\u0131\u00a0g\u00fcn\u00fc\u00a0<\/span><strong style=\"color: #000000; font-family: Verdana, BlinkMacSystemFont, -apple-system, 'Segoe UI', Roboto, Oxygen, Ubuntu, Cantarell, 'Open Sans', 'Helvetica Neue', sans-serif;\">Wyndham Grand \u0130stanbul Levent\u2019<\/strong><span style=\"color: #000000; font-family: Verdana, BlinkMacSystemFont, -apple-system, 'Segoe UI', Roboto, Oxygen, Ubuntu, Cantarell, 'Open Sans', 'Helvetica Neue', sans-serif;\">te\u00a0ger\u00e7ekle\u015fecek <\/span><strong style=\"color: #000000; font-family: Verdana, BlinkMacSystemFont, -apple-system, 'Segoe UI', Roboto, Oxygen, Ubuntu, Cantarell, 'Open Sans', 'Helvetica Neue', sans-serif;\">11. Ortak Geli\u015fim Kongresi<\/strong><span style=\"color: #000000; font-family: Verdana, BlinkMacSystemFont, -apple-system, 'Segoe UI', Roboto, Oxygen, Ubuntu, Cantarell, 'Open Sans', 'Helvetica Neue', sans-serif;\">\u2019nde bir araya gelecek.<\/span><\/li><\/ul>\t\t\t\t\t\t\t\t<\/div>\n\t\t\t\t<\/div>\n\t\t\t\t\t<\/div>\n\t\t<\/div>\n\t\t\t\t\t<\/div>\n\t\t<\/section>\n\t\t\t\t<section class=\"elementor-section elementor-top-section elementor-element elementor-element-9609bd3 elementor-section-boxed elementor-section-height-default elementor-section-height-default\" data-id=\"9609bd3\" data-element_type=\"section\">\n\t\t\t\t\t\t<div class=\"elementor-container elementor-column-gap-default\">\n\t\t\t\t\t<div class=\"elementor-column elementor-col-100 elementor-top-column elementor-element elementor-element-9b62dc8\" data-id=\"9b62dc8\" data-element_type=\"column\">\n\t\t\t<div class=\"elementor-widget-wrap elementor-element-populated\">\n\t\t\t\t\t\t<div class=\"elementor-element elementor-element-ffb5629 elementor-align-center elementor-widget elementor-widget-button\" data-id=\"ffb5629\" data-element_type=\"widget\" data-widget_type=\"button.default\">\n\t\t\t\t<div class=\"elementor-widget-container\">\n\t\t\t\t\t\t\t\t\t<div class=\"elementor-button-wrapper\">\n\t\t\t\t\t<a class=\"elementor-button elementor-button-link elementor-size-sm\" href=\"https:\/\/digitalnetworkalkas.com\/event\/11-ortak-gelisim-kongresi-online-gpd\" target=\"_blank\">\n\t\t\t\t\t\t<span class=\"elementor-button-content-wrapper\">\n\t\t\t\t\t\t\t\t\t<span class=\"elementor-button-text\">Program ve Online Kat\u0131l\u0131m Kayd\u0131 \u0130\u00e7in T\u0131klay\u0131n\u0131z<\/span>\n\t\t\t\t\t<\/span>\n\t\t\t\t\t<\/a>\n\t\t\t\t<\/div>\n\t\t\t\t\t\t\t\t<\/div>\n\t\t\t\t<\/div>\n\t\t\t\t\t<\/div>\n\t\t<\/div>\n\t\t\t\t\t<\/div>\n\t\t<\/section>\n\t\t\t\t<section class=\"elementor-section elementor-top-section elementor-element elementor-element-32f5249 elementor-section-boxed elementor-section-height-default elementor-section-height-default\" data-id=\"32f5249\" data-element_type=\"section\">\n\t\t\t\t\t\t<div class=\"elementor-container elementor-column-gap-default\">\n\t\t\t\t\t<div class=\"elementor-column elementor-col-100 elementor-top-column elementor-element elementor-element-d42da3e\" data-id=\"d42da3e\" data-element_type=\"column\">\n\t\t\t<div class=\"elementor-widget-wrap elementor-element-populated\">\n\t\t\t\t\t\t<div class=\"elementor-element elementor-element-3ed7f8a elementor-widget-divider--view-line elementor-widget elementor-widget-divider\" data-id=\"3ed7f8a\" data-element_type=\"widget\" data-widget_type=\"divider.default\">\n\t\t\t\t<div class=\"elementor-widget-container\">\n\t\t\t\t\t\t\t<div class=\"elementor-divider\">\n\t\t\t<span class=\"elementor-divider-separator\">\n\t\t\t\t\t\t<\/span>\n\t\t<\/div>\n\t\t\t\t\t\t<\/div>\n\t\t\t\t<\/div>\n\t\t\t\t\t<\/div>\n\t\t<\/div>\n\t\t\t\t\t<\/div>\n\t\t<\/section>\n\t\t\t\t<section class=\"elementor-section elementor-top-section elementor-element elementor-element-735151c elementor-section-boxed elementor-section-height-default elementor-section-height-default\" data-id=\"735151c\" data-element_type=\"section\">\n\t\t\t\t\t\t<div class=\"elementor-container elementor-column-gap-default\">\n\t\t\t\t\t<div class=\"elementor-column elementor-col-100 elementor-top-column elementor-element elementor-element-cfda09c\" data-id=\"cfda09c\" data-element_type=\"column\">\n\t\t\t<div class=\"elementor-widget-wrap elementor-element-populated\">\n\t\t\t\t\t\t<div class=\"elementor-element elementor-element-0bef444 elementor-widget elementor-widget-text-editor\" data-id=\"0bef444\" data-element_type=\"widget\" data-widget_type=\"text-editor.default\">\n\t\t\t\t<div class=\"elementor-widget-container\">\n\t\t\t\t\t\t\t\t\t<p><em><strong><span style=\"color: #000000;\">Etkinlikte yer alma imkanlar\u0131 ve kat\u0131l\u0131m i\u00e7in ileti\u015fime ge\u00e7iniz:<br \/><\/span><\/strong><\/em><strong><span style=\"color: #000000;\">Egemen Sayra\u00e7<br \/><\/span><\/strong><a href=\"mailto:esayrac@gidaperakendecileri.org\"><span style=\"color: #000000;\">esayrac@gidaperakendecileri.org<\/span><\/a><\/p><p><strong><span style=\"color: #000000;\">Benek Gen\u00e7ero\u011flu<\/span><\/strong><strong><span style=\"color: #000000;\"><br \/><\/span><\/strong><a href=\"mailto:bgenceroglu@gidaperakendecileri.org\"><span style=\"color: #000000;\">bgenceroglu@gidaperakendecileri.org<\/span><\/a><span style=\"color: #000000;\"><br \/>0212 227 85 42-52<\/span><\/p>\t\t\t\t\t\t\t\t<\/div>\n\t\t\t\t<\/div>\n\t\t\t\t\t<\/div>\n\t\t<\/div>\n\t\t\t\t\t<\/div>\n\t\t<\/section>\n\t\t\t\t<section class=\"elementor-section elementor-top-section elementor-element elementor-element-423cc03 elementor-section-boxed elementor-section-height-default elementor-section-height-default\" data-id=\"423cc03\" data-element_type=\"section\">\n\t\t\t\t\t\t<div class=\"elementor-container elementor-column-gap-default\">\n\t\t\t\t\t<div class=\"elementor-column elementor-col-50 elementor-top-column elementor-element elementor-element-64fd28c\" data-id=\"64fd28c\" data-element_type=\"column\">\n\t\t\t<div class=\"elementor-widget-wrap elementor-element-populated\">\n\t\t\t\t\t\t<div class=\"elementor-element elementor-element-e599635 elementor-align-center elementor-widget elementor-widget-button\" data-id=\"e599635\" data-element_type=\"widget\" data-widget_type=\"button.default\">\n\t\t\t\t<div class=\"elementor-widget-container\">\n\t\t\t\t\t\t\t\t\t<div class=\"elementor-button-wrapper\">\n\t\t\t\t\t<a class=\"elementor-button elementor-button-link elementor-size-sm\" href=\"https:\/\/www.gidaperakendecileri.org\/wp-content\/uploads\/2025\/05\/2025-Ortak-Gelisim-Kongresi-Tanitim.pdf\" target=\"_blank\">\n\t\t\t\t\t\t<span class=\"elementor-button-content-wrapper\">\n\t\t\t\t\t\t\t\t\t<span class=\"elementor-button-text\">Tan\u0131t\u0131m Dosyas\u0131<\/span>\n\t\t\t\t\t<\/span>\n\t\t\t\t\t<\/a>\n\t\t\t\t<\/div>\n\t\t\t\t\t\t\t\t<\/div>\n\t\t\t\t<\/div>\n\t\t\t\t\t<\/div>\n\t\t<\/div>\n\t\t\t\t<div class=\"elementor-column elementor-col-50 elementor-top-column elementor-element elementor-element-449aa55\" data-id=\"449aa55\" data-element_type=\"column\">\n\t\t\t<div class=\"elementor-widget-wrap elementor-element-populated\">\n\t\t\t\t\t\t<div class=\"elementor-element elementor-element-5162fa1 elementor-align-center elementor-widget elementor-widget-button\" data-id=\"5162fa1\" data-element_type=\"widget\" data-widget_type=\"button.default\">\n\t\t\t\t<div class=\"elementor-widget-container\">\n\t\t\t\t\t\t\t\t\t<div class=\"elementor-button-wrapper\">\n\t\t\t\t\t<a class=\"elementor-button elementor-button-link elementor-size-sm\" href=\"https:\/\/www.gidaperakendecileri.org\/?page_id=7194\" target=\"_blank\">\n\t\t\t\t\t\t<span class=\"elementor-button-content-wrapper\">\n\t\t\t\t\t\t\t\t\t<span class=\"elementor-button-text\">Kongre 2024 Foto\u011fraf Alb\u00fcm\u00fc<\/span>\n\t\t\t\t\t<\/span>\n\t\t\t\t\t<\/a>\n\t\t\t\t<\/div>\n\t\t\t\t\t\t\t\t<\/div>\n\t\t\t\t<\/div>\n\t\t\t\t\t<\/div>\n\t\t<\/div>\n\t\t\t\t\t<\/div>\n\t\t<\/section>\n\t\t\t\t<section class=\"elementor-section elementor-top-section elementor-element elementor-element-43fb8f6 elementor-section-boxed elementor-section-height-default elementor-section-height-default\" data-id=\"43fb8f6\" data-element_type=\"section\">\n\t\t\t\t\t\t<div class=\"elementor-container elementor-column-gap-default\">\n\t\t\t\t\t<div class=\"elementor-column elementor-col-100 elementor-top-column elementor-element elementor-element-dd0ba34\" data-id=\"dd0ba34\" data-element_type=\"column\">\n\t\t\t<div class=\"elementor-widget-wrap elementor-element-populated\">\n\t\t\t\t\t\t<div class=\"elementor-element elementor-element-a7a9cc1 elementor-widget-divider--view-line elementor-widget elementor-widget-divider\" data-id=\"a7a9cc1\" data-element_type=\"widget\" data-widget_type=\"divider.default\">\n\t\t\t\t<div class=\"elementor-widget-container\">\n\t\t\t\t\t\t\t<div class=\"elementor-divider\">\n\t\t\t<span class=\"elementor-divider-separator\">\n\t\t\t\t\t\t<\/span>\n\t\t<\/div>\n\t\t\t\t\t\t<\/div>\n\t\t\t\t<\/div>\n\t\t\t\t\t<\/div>\n\t\t<\/div>\n\t\t\t\t\t<\/div>\n\t\t<\/section>\n\t\t\t\t<section class=\"elementor-section elementor-top-section elementor-element elementor-element-e9144b3 elementor-section-boxed elementor-section-height-default elementor-section-height-default\" data-id=\"e9144b3\" data-element_type=\"section\">\n\t\t\t\t\t\t<div class=\"elementor-container elementor-column-gap-default\">\n\t\t\t\t\t<div class=\"elementor-column elementor-col-100 elementor-top-column elementor-element elementor-element-a1faae6\" data-id=\"a1faae6\" data-element_type=\"column\">\n\t\t\t<div class=\"elementor-widget-wrap elementor-element-populated\">\n\t\t\t\t\t\t<div class=\"elementor-element elementor-element-67c0e4a elementor-align-center elementor-widget elementor-widget-button\" data-id=\"67c0e4a\" data-element_type=\"widget\" data-widget_type=\"button.default\">\n\t\t\t\t<div class=\"elementor-widget-container\">\n\t\t\t\t\t\t\t\t\t<div class=\"elementor-button-wrapper\">\n\t\t\t\t\t<a class=\"elementor-button elementor-button-link elementor-size-sm\" href=\"https:\/\/www.gidaperakendecileri.org\/wp-content\/uploads\/2025\/03\/gpd-kongre-rapor-2024.pdf\" target=\"_blank\">\n\t\t\t\t\t\t<span class=\"elementor-button-content-wrapper\">\n\t\t\t\t\t\t\t\t\t<span class=\"elementor-button-text\">10. Ortak Geli\u015fim Kongresi sonu\u00e7 raporu i\u00e7in t\u0131klay\u0131n\u0131z.<\/span>\n\t\t\t\t\t<\/span>\n\t\t\t\t\t<\/a>\n\t\t\t\t<\/div>\n\t\t\t\t\t\t\t\t<\/div>\n\t\t\t\t<\/div>\n\t\t\t\t\t<\/div>\n\t\t<\/div>\n\t\t\t\t\t<\/div>\n\t\t<\/section>\n\t\t\t\t<\/div>\n\t\t","protected":false},"excerpt":{"rendered":"<p>Ortak Geli\u015fim Kongresi \u201cHer \u00dcr\u00fcn Bir G\u00fcven Eseri\u201d Temas\u0131yla Sekt\u00f6r\u00fc Bulu\u015fturuyor Her \u00fcr\u00fcn, \u00fcretimden raflara uzanan yolculu\u011funda bir g\u00fcven zincirinin halkas\u0131d\u0131r. Tarladan sofraya, fabrikadan ma\u011fazaya kadar her a\u015famada; kalite, hijyen, g\u00fcvenlik ve titizlikle korunur. G\u0131da perakendesi bu s\u00fcrecin en g\u00f6r\u00fcn\u00fcr, ama ayn\u0131 zamanda en sorumlu halkas\u0131d\u0131r. \u201cHer \u00dcr\u00fcn Bir G\u00fcven Eseri\u201d temas\u0131yla d\u00fczenledi\u011fimiz Ortak Geli\u015fim [&hellip;]<\/p>\n","protected":false},"author":1,"featured_media":7507,"parent":0,"menu_order":0,"comment_status":"closed","ping_status":"closed","template":"","meta":{"_monsterinsights_skip_tracking":false,"_monsterinsights_sitenote_active":false,"_monsterinsights_sitenote_note":"","_monsterinsights_sitenote_category":0,"footnotes":""},"class_list":["post-7056","page","type-page","status-publish","has-post-thumbnail"],"featured_image_src":"https:\/\/www.gidaperakendecileri.org\/wp-content\/uploads\/2025\/11\/tarihi_kaydet-2025.jpg","yoast_head":"<!-- This site is optimized with the Yoast SEO plugin v26.7 - https:\/\/yoast.com\/wordpress\/plugins\/seo\/ -->\n<title>Kongre 2025 - GPD<\/title>\n<meta name=\"description\" content=\"Ortak Geli\u015fim Kongresi bu y\u0131l, 18 Kas\u0131m\u2019de Wyndham Grand \u0130stanbul Levent\u2019te ger\u00e7ekle\u015ftirilecek.\" \/>\n<meta name=\"robots\" content=\"index, follow, max-snippet:-1, max-image-preview:large, max-video-preview:-1\" \/>\n<link rel=\"canonical\" href=\"https:\/\/www.gidaperakendecileri.org\/?page_id=7056\" \/>\n<meta property=\"og:locale\" content=\"en_US\" \/>\n<meta property=\"og:type\" content=\"article\" \/>\n<meta property=\"og:title\" content=\"Kongre 2025 - GPD\" \/>\n<meta property=\"og:description\" content=\"Ortak Geli\u015fim Kongresi bu y\u0131l, 18 Kas\u0131m\u2019de Wyndham Grand \u0130stanbul Levent\u2019te ger\u00e7ekle\u015ftirilecek.\" \/>\n<meta property=\"og:url\" content=\"https:\/\/www.gidaperakendecileri.org\/?page_id=7056\" \/>\n<meta property=\"og:site_name\" content=\"GPD\" \/>\n<meta property=\"article:modified_time\" content=\"2025-11-13T07:37:41+00:00\" \/>\n<meta property=\"og:image\" content=\"https:\/\/www.gidaperakendecileri.org\/wp-content\/uploads\/2025\/11\/tarihi_kaydet-2025.jpg\" \/>\n\t<meta property=\"og:image:width\" content=\"1042\" \/>\n\t<meta property=\"og:image:height\" content=\"1459\" \/>\n\t<meta property=\"og:image:type\" content=\"image\/jpeg\" \/>\n<meta name=\"twitter:card\" content=\"summary_large_image\" \/>\n<meta name=\"twitter:label1\" content=\"Est. reading time\" \/>\n\t<meta name=\"twitter:data1\" content=\"2 minutes\" \/>\n<script type=\"application\/ld+json\" class=\"yoast-schema-graph\">{\"@context\":\"https:\/\/schema.org\",\"@graph\":[{\"@type\":\"WebPage\",\"@id\":\"https:\/\/www.gidaperakendecileri.org\/?page_id=7056\",\"url\":\"https:\/\/www.gidaperakendecileri.org\/?page_id=7056\",\"name\":\"Kongre 2025 - GPD\",\"isPartOf\":{\"@id\":\"https:\/\/www.gidaperakendecileri.org\/#website\"},\"primaryImageOfPage\":{\"@id\":\"https:\/\/www.gidaperakendecileri.org\/?page_id=7056#primaryimage\"},\"image\":{\"@id\":\"https:\/\/www.gidaperakendecileri.org\/?page_id=7056#primaryimage\"},\"thumbnailUrl\":\"https:\/\/www.gidaperakendecileri.org\/wp-content\/uploads\/2025\/11\/tarihi_kaydet-2025.jpg\",\"datePublished\":\"2025-03-11T06:04:26+00:00\",\"dateModified\":\"2025-11-13T07:37:41+00:00\",\"description\":\"Ortak Geli\u015fim Kongresi bu y\u0131l, 18 Kas\u0131m\u2019de Wyndham Grand \u0130stanbul Levent\u2019te ger\u00e7ekle\u015ftirilecek.\",\"breadcrumb\":{\"@id\":\"https:\/\/www.gidaperakendecileri.org\/?page_id=7056#breadcrumb\"},\"inLanguage\":\"en-US\",\"potentialAction\":[{\"@type\":\"ReadAction\",\"target\":[\"https:\/\/www.gidaperakendecileri.org\/?page_id=7056\"]}]},{\"@type\":\"ImageObject\",\"inLanguage\":\"en-US\",\"@id\":\"https:\/\/www.gidaperakendecileri.org\/?page_id=7056#primaryimage\",\"url\":\"https:\/\/www.gidaperakendecileri.org\/wp-content\/uploads\/2025\/11\/tarihi_kaydet-2025.jpg\",\"contentUrl\":\"https:\/\/www.gidaperakendecileri.org\/wp-content\/uploads\/2025\/11\/tarihi_kaydet-2025.jpg\",\"width\":1042,\"height\":1459},{\"@type\":\"BreadcrumbList\",\"@id\":\"https:\/\/www.gidaperakendecileri.org\/?page_id=7056#breadcrumb\",\"itemListElement\":[{\"@type\":\"ListItem\",\"position\":1,\"name\":\"Home\",\"item\":\"https:\/\/www.gidaperakendecileri.org\/\"},{\"@type\":\"ListItem\",\"position\":2,\"name\":\"Kongre 2025\"}]},{\"@type\":\"WebSite\",\"@id\":\"https:\/\/www.gidaperakendecileri.org\/#website\",\"url\":\"https:\/\/www.gidaperakendecileri.org\/\",\"name\":\"GPD\",\"description\":\"G\u0131da Perakendecileri Derne\u011fi\",\"potentialAction\":[{\"@type\":\"SearchAction\",\"target\":{\"@type\":\"EntryPoint\",\"urlTemplate\":\"https:\/\/www.gidaperakendecileri.org\/?s={search_term_string}\"},\"query-input\":{\"@type\":\"PropertyValueSpecification\",\"valueRequired\":true,\"valueName\":\"search_term_string\"}}],\"inLanguage\":\"en-US\"}]}<\/script>\n<!-- \/ Yoast SEO plugin. -->","yoast_head_json":{"title":"Kongre 2025 - GPD","description":"Ortak Geli\u015fim Kongresi bu y\u0131l, 18 Kas\u0131m\u2019de Wyndham Grand \u0130stanbul Levent\u2019te ger\u00e7ekle\u015ftirilecek.","robots":{"index":"index","follow":"follow","max-snippet":"max-snippet:-1","max-image-preview":"max-image-preview:large","max-video-preview":"max-video-preview:-1"},"canonical":"https:\/\/www.gidaperakendecileri.org\/?page_id=7056","og_locale":"en_US","og_type":"article","og_title":"Kongre 2025 - GPD","og_description":"Ortak Geli\u015fim Kongresi bu y\u0131l, 18 Kas\u0131m\u2019de Wyndham Grand \u0130stanbul Levent\u2019te ger\u00e7ekle\u015ftirilecek.","og_url":"https:\/\/www.gidaperakendecileri.org\/?page_id=7056","og_site_name":"GPD","article_modified_time":"2025-11-13T07:37:41+00:00","og_image":[{"width":1042,"height":1459,"url":"https:\/\/www.gidaperakendecileri.org\/wp-content\/uploads\/2025\/11\/tarihi_kaydet-2025.jpg","type":"image\/jpeg"}],"twitter_card":"summary_large_image","twitter_misc":{"Est. reading time":"2 minutes"},"schema":{"@context":"https:\/\/schema.org","@graph":[{"@type":"WebPage","@id":"https:\/\/www.gidaperakendecileri.org\/?page_id=7056","url":"https:\/\/www.gidaperakendecileri.org\/?page_id=7056","name":"Kongre 2025 - GPD","isPartOf":{"@id":"https:\/\/www.gidaperakendecileri.org\/#website"},"primaryImageOfPage":{"@id":"https:\/\/www.gidaperakendecileri.org\/?page_id=7056#primaryimage"},"image":{"@id":"https:\/\/www.gidaperakendecileri.org\/?page_id=7056#primaryimage"},"thumbnailUrl":"https:\/\/www.gidaperakendecileri.org\/wp-content\/uploads\/2025\/11\/tarihi_kaydet-2025.jpg","datePublished":"2025-03-11T06:04:26+00:00","dateModified":"2025-11-13T07:37:41+00:00","description":"Ortak Geli\u015fim Kongresi bu y\u0131l, 18 Kas\u0131m\u2019de Wyndham Grand \u0130stanbul Levent\u2019te ger\u00e7ekle\u015ftirilecek.","breadcrumb":{"@id":"https:\/\/www.gidaperakendecileri.org\/?page_id=7056#breadcrumb"},"inLanguage":"en-US","potentialAction":[{"@type":"ReadAction","target":["https:\/\/www.gidaperakendecileri.org\/?page_id=7056"]}]},{"@type":"ImageObject","inLanguage":"en-US","@id":"https:\/\/www.gidaperakendecileri.org\/?page_id=7056#primaryimage","url":"https:\/\/www.gidaperakendecileri.org\/wp-content\/uploads\/2025\/11\/tarihi_kaydet-2025.jpg","contentUrl":"https:\/\/www.gidaperakendecileri.org\/wp-content\/uploads\/2025\/11\/tarihi_kaydet-2025.jpg","width":1042,"height":1459},{"@type":"BreadcrumbList","@id":"https:\/\/www.gidaperakendecileri.org\/?page_id=7056#breadcrumb","itemListElement":[{"@type":"ListItem","position":1,"name":"Home","item":"https:\/\/www.gidaperakendecileri.org\/"},{"@type":"ListItem","position":2,"name":"Kongre 2025"}]},{"@type":"WebSite","@id":"https:\/\/www.gidaperakendecileri.org\/#website","url":"https:\/\/www.gidaperakendecileri.org\/","name":"GPD","description":"G\u0131da Perakendecileri Derne\u011fi","potentialAction":[{"@type":"SearchAction","target":{"@type":"EntryPoint","urlTemplate":"https:\/\/www.gidaperakendecileri.org\/?s={search_term_string}"},"query-input":{"@type":"PropertyValueSpecification","valueRequired":true,"valueName":"search_term_string"}}],"inLanguage":"en-US"}]}},"_links":{"self":[{"href":"https:\/\/www.gidaperakendecileri.org\/index.php?rest_route=\/wp\/v2\/pages\/7056","targetHints":{"allow":["GET"]}}],"collection":[{"href":"https:\/\/www.gidaperakendecileri.org\/index.php?rest_route=\/wp\/v2\/pages"}],"about":[{"href":"https:\/\/www.gidaperakendecileri.org\/index.php?rest_route=\/wp\/v2\/types\/page"}],"author":[{"embeddable":true,"href":"https:\/\/www.gidaperakendecileri.org\/index.php?rest_route=\/wp\/v2\/users\/1"}],"replies":[{"embeddable":true,"href":"https:\/\/www.gidaperakendecileri.org\/index.php?rest_route=%2Fwp%2Fv2%2Fcomments&post=7056"}],"version-history":[{"count":44,"href":"https:\/\/www.gidaperakendecileri.org\/index.php?rest_route=\/wp\/v2\/pages\/7056\/revisions"}],"predecessor-version":[{"id":7597,"href":"https:\/\/www.gidaperakendecileri.org\/index.php?rest_route=\/wp\/v2\/pages\/7056\/revisions\/7597"}],"wp:featuredmedia":[{"embeddable":true,"href":"https:\/\/www.gidaperakendecileri.org\/index.php?rest_route=\/wp\/v2\/media\/7507"}],"wp:attachment":[{"href":"https:\/\/www.gidaperakendecileri.org\/index.php?rest_route=%2Fwp%2Fv2%2Fmedia&parent=7056"}],"curies":[{"name":"wp","href":"https:\/\/api.w.org\/{rel}","templated":true}]}}