{"id":683,"date":"2019-07-31T13:16:06","date_gmt":"2019-07-31T13:16:06","guid":{"rendered":"https:\/\/new.gidaperakendecileri.org\/?page_id=683"},"modified":"2019-09-20T10:34:59","modified_gmt":"2019-09-20T10:34:59","slug":"ogk-2019","status":"publish","type":"page","link":"https:\/\/www.gidaperakendecileri.org\/?page_id=683","title":{"rendered":"OGK 2019"},"content":{"rendered":"\t\t<div data-elementor-type=\"wp-post\" data-elementor-id=\"683\" class=\"elementor elementor-683\">\n\t\t\t\t\t\t<section class=\"elementor-section elementor-top-section elementor-element elementor-element-72419c1 elementor-section-boxed elementor-section-height-default elementor-section-height-default\" data-id=\"72419c1\" data-element_type=\"section\">\n\t\t\t\t\t\t<div class=\"elementor-container elementor-column-gap-default\">\n\t\t\t\t\t<div class=\"elementor-column elementor-col-100 elementor-top-column elementor-element elementor-element-11e519b\" data-id=\"11e519b\" data-element_type=\"column\">\n\t\t\t<div class=\"elementor-widget-wrap elementor-element-populated\">\n\t\t\t\t\t\t<div class=\"elementor-element elementor-element-6eee5c1 elementor-widget elementor-widget-image\" data-id=\"6eee5c1\" data-element_type=\"widget\" data-widget_type=\"image.default\">\n\t\t\t\t<div class=\"elementor-widget-container\">\n\t\t\t\t\t\t\t\t\t\t\t\t\t\t\t<img fetchpriority=\"high\" decoding=\"async\" width=\"1152\" height=\"500\" src=\"https:\/\/www.gidaperakendecileri.org\/wp-content\/uploads\/2019\/09\/kongre-1134x482_C\u0327al\u0131s\u0327ma-Yu\u0308zeyi-1.jpg\" class=\"attachment-full size-full wp-image-955\" alt=\"\" srcset=\"https:\/\/www.gidaperakendecileri.org\/wp-content\/uploads\/2019\/09\/kongre-1134x482_C\u0327al\u0131s\u0327ma-Yu\u0308zeyi-1.jpg 1152w, https:\/\/www.gidaperakendecileri.org\/wp-content\/uploads\/2019\/09\/kongre-1134x482_C\u0327al\u0131s\u0327ma-Yu\u0308zeyi-1-300x130.jpg 300w, https:\/\/www.gidaperakendecileri.org\/wp-content\/uploads\/2019\/09\/kongre-1134x482_C\u0327al\u0131s\u0327ma-Yu\u0308zeyi-1-768x333.jpg 768w, https:\/\/www.gidaperakendecileri.org\/wp-content\/uploads\/2019\/09\/kongre-1134x482_C\u0327al\u0131s\u0327ma-Yu\u0308zeyi-1-1024x444.jpg 1024w, https:\/\/www.gidaperakendecileri.org\/wp-content\/uploads\/2019\/09\/kongre-1134x482_C\u0327al\u0131s\u0327ma-Yu\u0308zeyi-1-696x302.jpg 696w, https:\/\/www.gidaperakendecileri.org\/wp-content\/uploads\/2019\/09\/kongre-1134x482_C\u0327al\u0131s\u0327ma-Yu\u0308zeyi-1-1068x464.jpg 1068w, https:\/\/www.gidaperakendecileri.org\/wp-content\/uploads\/2019\/09\/kongre-1134x482_C\u0327al\u0131s\u0327ma-Yu\u0308zeyi-1-968x420.jpg 968w\" sizes=\"(max-width: 1152px) 100vw, 1152px\" \/>\t\t\t\t\t\t\t\t\t\t\t\t\t\t\t<\/div>\n\t\t\t\t<\/div>\n\t\t\t\t<div class=\"elementor-element elementor-element-a0e1d7b elementor-widget elementor-widget-text-editor\" data-id=\"a0e1d7b\" data-element_type=\"widget\" data-widget_type=\"text-editor.default\">\n\t\t\t\t<div class=\"elementor-widget-container\">\n\t\t\t\t\t\t\t\t\t<p class=\"p1\"><strong><span style=\"color: #000000;\">6. Ortak Geli\u015fim Kongresi<br \/><\/span><\/strong><strong><span style=\"color: #000000;\">\u201cGelecek \u00c7evik ve Dayan\u0131kl\u0131 Olanlar\u0131n\u201d<\/span><\/strong><\/p><p class=\"p1\"><span style=\"color: #000000;\">Bu y\u0131l, 14 Ekim tarihinde Wyndham Grand \u0130stanbul Levent\u2019te ger\u00e7ekle\u015ftirilecek olan 6. Ortak Geli\u015fim Kongresi, yine birbirinden de\u011ferli isimleri bir araya getirerek perakendenin gelece\u011fini \u015fekillendirecek konular\u0131 ele alacak.<\/span><\/p><p class=\"p1\"><span style=\"color: #000000;\">Dayan\u0131kl\u0131l\u0131k ve \u00c7eviklik, g\u00fcn\u00fcm\u00fcz i\u015f d\u00fcnyas\u0131n\u0131n en s\u0131cak g\u00fcndem maddeleri. D\u00fcnyada ya\u015fanan ekonomik gerginlikler, jeopolitik belirsizlikler ve k\u00fcresel ekonomide ya\u015fanan dalgalanmalar, gelece\u011fin \u201cdayan\u0131kl\u0131\u201d ve \u201c\u00e7evik\u201d i\u015fletmelere ait oldu\u011funu g\u00f6steriyor.<\/span><\/p>\t\t\t\t\t\t\t\t<\/div>\n\t\t\t\t<\/div>\n\t\t\t\t\t<\/div>\n\t\t<\/div>\n\t\t\t\t\t<\/div>\n\t\t<\/section>\n\t\t\t\t<\/div>\n\t\t","protected":false},"excerpt":{"rendered":"<p>6. Ortak Geli\u015fim Kongresi\u201cGelecek \u00c7evik ve Dayan\u0131kl\u0131 Olanlar\u0131n\u201d Bu y\u0131l, 14 Ekim tarihinde Wyndham Grand \u0130stanbul Levent\u2019te ger\u00e7ekle\u015ftirilecek olan 6. Ortak Geli\u015fim Kongresi, yine birbirinden de\u011ferli isimleri bir araya getirerek perakendenin gelece\u011fini \u015fekillendirecek konular\u0131 ele alacak. Dayan\u0131kl\u0131l\u0131k ve \u00c7eviklik, g\u00fcn\u00fcm\u00fcz i\u015f d\u00fcnyas\u0131n\u0131n en s\u0131cak g\u00fcndem maddeleri. D\u00fcnyada ya\u015fanan ekonomik gerginlikler, jeopolitik belirsizlikler ve k\u00fcresel ekonomide [&hellip;]<\/p>\n","protected":false},"author":1,"featured_media":0,"parent":0,"menu_order":0,"comment_status":"closed","ping_status":"closed","template":"","meta":{"_monsterinsights_skip_tracking":false,"_monsterinsights_sitenote_active":false,"_monsterinsights_sitenote_note":"","_monsterinsights_sitenote_category":0,"footnotes":""},"class_list":["post-683","page","type-page","status-publish"],"featured_image_src":null,"yoast_head":"<!-- This site is optimized with the Yoast SEO plugin v26.7 - https:\/\/yoast.com\/wordpress\/plugins\/seo\/ -->\n<title>OGK 2019 - GPD<\/title>\n<meta name=\"robots\" content=\"index, follow, max-snippet:-1, max-image-preview:large, max-video-preview:-1\" \/>\n<link rel=\"canonical\" href=\"https:\/\/www.gidaperakendecileri.org\/?page_id=683\" \/>\n<meta property=\"og:locale\" content=\"en_US\" \/>\n<meta property=\"og:type\" content=\"article\" \/>\n<meta property=\"og:title\" content=\"OGK 2019 - GPD\" \/>\n<meta property=\"og:description\" content=\"6. Ortak Geli\u015fim Kongresi\u201cGelecek \u00c7evik ve Dayan\u0131kl\u0131 Olanlar\u0131n\u201d Bu y\u0131l, 14 Ekim tarihinde Wyndham Grand \u0130stanbul Levent\u2019te ger\u00e7ekle\u015ftirilecek olan 6. Ortak Geli\u015fim Kongresi, yine birbirinden de\u011ferli isimleri bir araya getirerek perakendenin gelece\u011fini \u015fekillendirecek konular\u0131 ele alacak. Dayan\u0131kl\u0131l\u0131k ve \u00c7eviklik, g\u00fcn\u00fcm\u00fcz i\u015f d\u00fcnyas\u0131n\u0131n en s\u0131cak g\u00fcndem maddeleri. D\u00fcnyada ya\u015fanan ekonomik gerginlikler, jeopolitik belirsizlikler ve k\u00fcresel ekonomide [&hellip;]\" \/>\n<meta property=\"og:url\" content=\"https:\/\/www.gidaperakendecileri.org\/?page_id=683\" \/>\n<meta property=\"og:site_name\" content=\"GPD\" \/>\n<meta property=\"article:modified_time\" content=\"2019-09-20T10:34:59+00:00\" \/>\n<meta name=\"twitter:card\" content=\"summary_large_image\" \/>\n<script type=\"application\/ld+json\" class=\"yoast-schema-graph\">{\"@context\":\"https:\/\/schema.org\",\"@graph\":[{\"@type\":\"WebPage\",\"@id\":\"https:\/\/www.gidaperakendecileri.org\/?page_id=683\",\"url\":\"https:\/\/www.gidaperakendecileri.org\/?page_id=683\",\"name\":\"OGK 2019 - GPD\",\"isPartOf\":{\"@id\":\"https:\/\/www.gidaperakendecileri.org\/#website\"},\"datePublished\":\"2019-07-31T13:16:06+00:00\",\"dateModified\":\"2019-09-20T10:34:59+00:00\",\"breadcrumb\":{\"@id\":\"https:\/\/www.gidaperakendecileri.org\/?page_id=683#breadcrumb\"},\"inLanguage\":\"en-US\",\"potentialAction\":[{\"@type\":\"ReadAction\",\"target\":[\"https:\/\/www.gidaperakendecileri.org\/?page_id=683\"]}]},{\"@type\":\"BreadcrumbList\",\"@id\":\"https:\/\/www.gidaperakendecileri.org\/?page_id=683#breadcrumb\",\"itemListElement\":[{\"@type\":\"ListItem\",\"position\":1,\"name\":\"Home\",\"item\":\"https:\/\/www.gidaperakendecileri.org\/\"},{\"@type\":\"ListItem\",\"position\":2,\"name\":\"OGK 2019\"}]},{\"@type\":\"WebSite\",\"@id\":\"https:\/\/www.gidaperakendecileri.org\/#website\",\"url\":\"https:\/\/www.gidaperakendecileri.org\/\",\"name\":\"GPD\",\"description\":\"G\u0131da Perakendecileri Derne\u011fi\",\"potentialAction\":[{\"@type\":\"SearchAction\",\"target\":{\"@type\":\"EntryPoint\",\"urlTemplate\":\"https:\/\/www.gidaperakendecileri.org\/?s={search_term_string}\"},\"query-input\":{\"@type\":\"PropertyValueSpecification\",\"valueRequired\":true,\"valueName\":\"search_term_string\"}}],\"inLanguage\":\"en-US\"}]}<\/script>\n<!-- \/ Yoast SEO plugin. -->","yoast_head_json":{"title":"OGK 2019 - GPD","robots":{"index":"index","follow":"follow","max-snippet":"max-snippet:-1","max-image-preview":"max-image-preview:large","max-video-preview":"max-video-preview:-1"},"canonical":"https:\/\/www.gidaperakendecileri.org\/?page_id=683","og_locale":"en_US","og_type":"article","og_title":"OGK 2019 - GPD","og_description":"6. Ortak Geli\u015fim Kongresi\u201cGelecek \u00c7evik ve Dayan\u0131kl\u0131 Olanlar\u0131n\u201d Bu y\u0131l, 14 Ekim tarihinde Wyndham Grand \u0130stanbul Levent\u2019te ger\u00e7ekle\u015ftirilecek olan 6. Ortak Geli\u015fim Kongresi, yine birbirinden de\u011ferli isimleri bir araya getirerek perakendenin gelece\u011fini \u015fekillendirecek konular\u0131 ele alacak. Dayan\u0131kl\u0131l\u0131k ve \u00c7eviklik, g\u00fcn\u00fcm\u00fcz i\u015f d\u00fcnyas\u0131n\u0131n en s\u0131cak g\u00fcndem maddeleri. D\u00fcnyada ya\u015fanan ekonomik gerginlikler, jeopolitik belirsizlikler ve k\u00fcresel ekonomide [&hellip;]","og_url":"https:\/\/www.gidaperakendecileri.org\/?page_id=683","og_site_name":"GPD","article_modified_time":"2019-09-20T10:34:59+00:00","twitter_card":"summary_large_image","schema":{"@context":"https:\/\/schema.org","@graph":[{"@type":"WebPage","@id":"https:\/\/www.gidaperakendecileri.org\/?page_id=683","url":"https:\/\/www.gidaperakendecileri.org\/?page_id=683","name":"OGK 2019 - GPD","isPartOf":{"@id":"https:\/\/www.gidaperakendecileri.org\/#website"},"datePublished":"2019-07-31T13:16:06+00:00","dateModified":"2019-09-20T10:34:59+00:00","breadcrumb":{"@id":"https:\/\/www.gidaperakendecileri.org\/?page_id=683#breadcrumb"},"inLanguage":"en-US","potentialAction":[{"@type":"ReadAction","target":["https:\/\/www.gidaperakendecileri.org\/?page_id=683"]}]},{"@type":"BreadcrumbList","@id":"https:\/\/www.gidaperakendecileri.org\/?page_id=683#breadcrumb","itemListElement":[{"@type":"ListItem","position":1,"name":"Home","item":"https:\/\/www.gidaperakendecileri.org\/"},{"@type":"ListItem","position":2,"name":"OGK 2019"}]},{"@type":"WebSite","@id":"https:\/\/www.gidaperakendecileri.org\/#website","url":"https:\/\/www.gidaperakendecileri.org\/","name":"GPD","description":"G\u0131da Perakendecileri Derne\u011fi","potentialAction":[{"@type":"SearchAction","target":{"@type":"EntryPoint","urlTemplate":"https:\/\/www.gidaperakendecileri.org\/?s={search_term_string}"},"query-input":{"@type":"PropertyValueSpecification","valueRequired":true,"valueName":"search_term_string"}}],"inLanguage":"en-US"}]}},"_links":{"self":[{"href":"https:\/\/www.gidaperakendecileri.org\/index.php?rest_route=\/wp\/v2\/pages\/683","targetHints":{"allow":["GET"]}}],"collection":[{"href":"https:\/\/www.gidaperakendecileri.org\/index.php?rest_route=\/wp\/v2\/pages"}],"about":[{"href":"https:\/\/www.gidaperakendecileri.org\/index.php?rest_route=\/wp\/v2\/types\/page"}],"author":[{"embeddable":true,"href":"https:\/\/www.gidaperakendecileri.org\/index.php?rest_route=\/wp\/v2\/users\/1"}],"replies":[{"embeddable":true,"href":"https:\/\/www.gidaperakendecileri.org\/index.php?rest_route=%2Fwp%2Fv2%2Fcomments&post=683"}],"version-history":[{"count":4,"href":"https:\/\/www.gidaperakendecileri.org\/index.php?rest_route=\/wp\/v2\/pages\/683\/revisions"}],"predecessor-version":[{"id":1189,"href":"https:\/\/www.gidaperakendecileri.org\/index.php?rest_route=\/wp\/v2\/pages\/683\/revisions\/1189"}],"wp:attachment":[{"href":"https:\/\/www.gidaperakendecileri.org\/index.php?rest_route=%2Fwp%2Fv2%2Fmedia&parent=683"}],"curies":[{"name":"wp","href":"https:\/\/api.w.org\/{rel}","templated":true}]}}