{"id":659,"date":"2019-07-31T12:47:21","date_gmt":"2019-07-31T12:47:21","guid":{"rendered":"https:\/\/new.gidaperakendecileri.org\/?page_id=659"},"modified":"2019-09-20T10:33:44","modified_gmt":"2019-09-20T10:33:44","slug":"kongre-hakkinda-2","status":"publish","type":"page","link":"https:\/\/www.gidaperakendecileri.org\/?page_id=659","title":{"rendered":"Kongre Hakk\u0131nda"},"content":{"rendered":"\t\t<div data-elementor-type=\"wp-post\" data-elementor-id=\"659\" class=\"elementor elementor-659\">\n\t\t\t\t\t\t<section class=\"elementor-section elementor-top-section elementor-element elementor-element-72419c1 elementor-section-boxed elementor-section-height-default elementor-section-height-default\" data-id=\"72419c1\" data-element_type=\"section\">\n\t\t\t\t\t\t<div class=\"elementor-container elementor-column-gap-default\">\n\t\t\t\t\t<div class=\"elementor-column elementor-col-100 elementor-top-column elementor-element elementor-element-11e519b\" data-id=\"11e519b\" data-element_type=\"column\">\n\t\t\t<div class=\"elementor-widget-wrap elementor-element-populated\">\n\t\t\t\t\t\t<div class=\"elementor-element elementor-element-6eee5c1 elementor-widget elementor-widget-image\" data-id=\"6eee5c1\" data-element_type=\"widget\" data-widget_type=\"image.default\">\n\t\t\t\t<div class=\"elementor-widget-container\">\n\t\t\t\t\t\t\t\t\t\t\t\t\t\t\t<img fetchpriority=\"high\" decoding=\"async\" width=\"1181\" height=\"787\" src=\"https:\/\/www.gidaperakendecileri.org\/wp-content\/uploads\/2019\/07\/kongre-hakk\u0131nda.jpg\" class=\"attachment-full size-full wp-image-661\" alt=\"\" srcset=\"https:\/\/www.gidaperakendecileri.org\/wp-content\/uploads\/2019\/07\/kongre-hakk\u0131nda.jpg 1181w, https:\/\/www.gidaperakendecileri.org\/wp-content\/uploads\/2019\/07\/kongre-hakk\u0131nda-300x200.jpg 300w, https:\/\/www.gidaperakendecileri.org\/wp-content\/uploads\/2019\/07\/kongre-hakk\u0131nda-768x512.jpg 768w, https:\/\/www.gidaperakendecileri.org\/wp-content\/uploads\/2019\/07\/kongre-hakk\u0131nda-1024x682.jpg 1024w, https:\/\/www.gidaperakendecileri.org\/wp-content\/uploads\/2019\/07\/kongre-hakk\u0131nda-696x464.jpg 696w, https:\/\/www.gidaperakendecileri.org\/wp-content\/uploads\/2019\/07\/kongre-hakk\u0131nda-1068x712.jpg 1068w, https:\/\/www.gidaperakendecileri.org\/wp-content\/uploads\/2019\/07\/kongre-hakk\u0131nda-630x420.jpg 630w\" sizes=\"(max-width: 1181px) 100vw, 1181px\" \/>\t\t\t\t\t\t\t\t\t\t\t\t\t\t\t<\/div>\n\t\t\t\t<\/div>\n\t\t\t\t<div class=\"elementor-element elementor-element-a0e1d7b elementor-widget elementor-widget-text-editor\" data-id=\"a0e1d7b\" data-element_type=\"widget\" data-widget_type=\"text-editor.default\">\n\t\t\t\t<div class=\"elementor-widget-container\">\n\t\t\t\t\t\t\t\t\t<h3 class=\"p1\"><span style=\"color: #000000;\"><b>GPD Ortak Geli\u015fim Kongresi<br \/><\/b><\/span><strong><span style=\"color: #000000;\"><br \/>GPD Ortak Geli\u015fim Kongresi, her y\u0131l perakendecileri, tedarik\u00e7ileri ve servis sa\u011flay\u0131c\u0131lar\u0131 bulu\u015fturmak amac\u0131yla Ekim ay\u0131nda ger\u00e7ekle\u015ftiriliyor.<\/span><\/strong><\/h3><p class=\"p1\"><span style=\"color: #000000;\">GPD olarak, \u00fcretici\/imalat\u00e7\u0131lar\u0131m\u0131zla, sonu\u00e7ta m\u00fc\u015fterilerimize\/t\u00fcketiciye d\u00f6nen, d\u00f6necek olan ili\u015fkilerimizi konu edinen\u00a0\u201cOrtak Geli\u015fim &#8211; T\u00fcketici Odakl\u0131 Tedarik\u00e7i ve Perakendeci Verimlili\u011fi\u201d\u00a0ba\u015fl\u0131kl\u0131 kongremizi 2014 y\u0131l\u0131ndan bu yana d\u00fczenlemeye devam ediyoruz.<\/span><\/p><p class=\"p1\"><span style=\"color: #000000;\">Y\u00fczlerce profesyoneli bir araya getiren Kongremiz, sekt\u00f6r i\u00e7in \u00f6nem arz eden bir temalara odaklanarak sorulara ve sorunlara her payda\u015f\u0131m\u0131z\u0131n bak\u0131\u015f a\u00e7\u0131s\u0131n\u0131 g\u00f6z \u00f6n\u00fcnde bulundurarak cevap bulma amac\u0131 g\u00fcd\u00fcyor. Bilginin aktar\u0131ld\u0131\u011f\u0131, tecr\u00fcbenin payla\u015f\u0131ld\u0131\u011f\u0131 ve iyi uygulamalar\u0131n \u00f6rnek olarak sahnede yer ald\u0131\u011f\u0131 Ortak Geli\u015fim Kongresi, sekt\u00f6r\u00fcn daha iyiye \u00f6zendirildi\u011fi heyecan verici bir bulu\u015fma.<\/span><\/p><p class=\"p1\"><span style=\"color: #000000;\">Temel yakla\u015f\u0131m\u0131, perakendenin oyuncular\u0131 aras\u0131ndaki ileti\u015fimi artt\u0131rmak, birbirlerini anlamalar\u0131n\u0131 sa\u011flamak ve sekt\u00f6r\u00fc geli\u015ftirmek ad\u0131na bilgi payla\u015f\u0131m\u0131nda bulunmak olan Ortak Geli\u015fim Kongresi, tedarik\u00e7i, perakendeci ve t\u00fcketici i\u00e7in kazan-kazan-kazan sonucunu yaratacak ortak geli\u015fim alanlar\u0131n\u0131 tespit etmek ve sorunlara ortak \u00e7\u00f6z\u00fcmler \u00fcretebilmek ad\u0131na b\u00fcy\u00fck \u00f6nem ta\u015f\u0131yor.<\/span><\/p><p class=\"p1\"><span style=\"color: #000000;\"><b>Tan\u0131\u015fma Maratonu<br \/><\/b><\/span><span style=\"color: #000000;\">Ortak Geli\u015fim Kongresi\u2019nin en \u00f6nemli ve dikkat \u00e7eken b\u00f6l\u00fcmlerinden biri olan Tan\u0131\u015fma Maratonu, yeni ticari ili\u015fkilerin yarat\u0131lmas\u0131na zemin haz\u0131rlama ve i\u015f hacmi geni\u015fletme imk\u00e2n\u0131 veriyor. T\u00fcm \u00fcst d\u00fczey y\u00f6neticilerin g\u0131da zinciri sat\u0131\u015f kanallar\u0131nda olmak isteyen k\u00fc\u00e7\u00fck-b\u00fcy\u00fck t\u00fcm \u00fcreticilerle do\u011frudan bir araya gelebildi\u011fi Tan\u0131\u015fma Maratonu, network geli\u015ftirmek i\u00e7in \u00e7ok k\u0131ymetli bir olanak sa\u011fl\u0131yor.<\/span><\/p><p class=\"p1\"><span style=\"color: #000000;\"><b>Geli\u015fim Market<br \/><\/b><\/span><span style=\"color: #000000;\">\u0130lk defa 2018 y\u0131l\u0131ndaki kongremizde a\u00e7t\u0131\u011f\u0131m\u0131z Geli\u015fim Market, \u00f6zellikle k\u00fc\u00e7\u00fck tedarik\u00e7ilerin ve kooperatiflerin i\u015f f\u0131rsat\u0131 yakalamas\u0131 ve kendilerini tan\u0131tmalar\u0131 i\u00e7in b\u00fcy\u00fck f\u0131rsatlar sunuyor. Yerel tedarik\u00e7ilerle perakendeciler bir araya gelerek kar\u015f\u0131l\u0131kl\u0131 fayda sa\u011flaman\u0131n yollar\u0131n\u0131 ar\u0131yor. K\u00fc\u00e7\u00fck ve yerel \u00fcreticilerin b\u00fcy\u00fcmesini ve t\u00fcm yurda yay\u0131lmas\u0131n\u0131 hedefleyen Ortak Geli\u015fim Kongresi, yaratt\u0131\u011f\u0131 bu f\u0131rsatla \u00fcreticilere deste\u011fini s\u00fcrd\u00fcr\u00fcyor.<\/span><\/p>\t\t\t\t\t\t\t\t<\/div>\n\t\t\t\t<\/div>\n\t\t\t\t\t<\/div>\n\t\t<\/div>\n\t\t\t\t\t<\/div>\n\t\t<\/section>\n\t\t\t\t<\/div>\n\t\t","protected":false},"excerpt":{"rendered":"<p>GPD Ortak Geli\u015fim KongresiGPD Ortak Geli\u015fim Kongresi, her y\u0131l perakendecileri, tedarik\u00e7ileri ve servis sa\u011flay\u0131c\u0131lar\u0131 bulu\u015fturmak amac\u0131yla Ekim ay\u0131nda ger\u00e7ekle\u015ftiriliyor. GPD olarak, \u00fcretici\/imalat\u00e7\u0131lar\u0131m\u0131zla, sonu\u00e7ta m\u00fc\u015fterilerimize\/t\u00fcketiciye d\u00f6nen, d\u00f6necek olan ili\u015fkilerimizi konu edinen\u00a0\u201cOrtak Geli\u015fim &#8211; T\u00fcketici Odakl\u0131 Tedarik\u00e7i ve Perakendeci Verimlili\u011fi\u201d\u00a0ba\u015fl\u0131kl\u0131 kongremizi 2014 y\u0131l\u0131ndan bu yana d\u00fczenlemeye devam ediyoruz. Y\u00fczlerce profesyoneli bir araya getiren Kongremiz, sekt\u00f6r i\u00e7in \u00f6nem [&hellip;]<\/p>\n","protected":false},"author":1,"featured_media":0,"parent":0,"menu_order":0,"comment_status":"closed","ping_status":"closed","template":"","meta":{"_monsterinsights_skip_tracking":false,"_monsterinsights_sitenote_active":false,"_monsterinsights_sitenote_note":"","_monsterinsights_sitenote_category":0,"footnotes":""},"class_list":["post-659","page","type-page","status-publish"],"featured_image_src":null,"yoast_head":"<!-- This site is optimized with the Yoast SEO plugin v26.7 - https:\/\/yoast.com\/wordpress\/plugins\/seo\/ -->\n<title>Kongre Hakk\u0131nda - GPD<\/title>\n<meta name=\"robots\" content=\"index, follow, max-snippet:-1, max-image-preview:large, max-video-preview:-1\" \/>\n<link rel=\"canonical\" href=\"https:\/\/www.gidaperakendecileri.org\/?page_id=659\" \/>\n<meta property=\"og:locale\" content=\"en_US\" \/>\n<meta property=\"og:type\" content=\"article\" \/>\n<meta property=\"og:title\" content=\"Kongre Hakk\u0131nda - GPD\" \/>\n<meta property=\"og:description\" content=\"GPD Ortak Geli\u015fim KongresiGPD Ortak Geli\u015fim Kongresi, her y\u0131l perakendecileri, tedarik\u00e7ileri ve servis sa\u011flay\u0131c\u0131lar\u0131 bulu\u015fturmak amac\u0131yla Ekim ay\u0131nda ger\u00e7ekle\u015ftiriliyor. GPD olarak, \u00fcretici\/imalat\u00e7\u0131lar\u0131m\u0131zla, sonu\u00e7ta m\u00fc\u015fterilerimize\/t\u00fcketiciye d\u00f6nen, d\u00f6necek olan ili\u015fkilerimizi konu edinen\u00a0\u201cOrtak Geli\u015fim &#8211; T\u00fcketici Odakl\u0131 Tedarik\u00e7i ve Perakendeci Verimlili\u011fi\u201d\u00a0ba\u015fl\u0131kl\u0131 kongremizi 2014 y\u0131l\u0131ndan bu yana d\u00fczenlemeye devam ediyoruz. Y\u00fczlerce profesyoneli bir araya getiren Kongremiz, sekt\u00f6r i\u00e7in \u00f6nem [&hellip;]\" \/>\n<meta property=\"og:url\" content=\"https:\/\/www.gidaperakendecileri.org\/?page_id=659\" \/>\n<meta property=\"og:site_name\" content=\"GPD\" \/>\n<meta property=\"article:modified_time\" content=\"2019-09-20T10:33:44+00:00\" \/>\n<meta name=\"twitter:card\" content=\"summary_large_image\" \/>\n<meta name=\"twitter:label1\" content=\"Est. reading time\" \/>\n\t<meta name=\"twitter:data1\" content=\"2 minutes\" \/>\n<script type=\"application\/ld+json\" class=\"yoast-schema-graph\">{\"@context\":\"https:\/\/schema.org\",\"@graph\":[{\"@type\":\"WebPage\",\"@id\":\"https:\/\/www.gidaperakendecileri.org\/?page_id=659\",\"url\":\"https:\/\/www.gidaperakendecileri.org\/?page_id=659\",\"name\":\"Kongre Hakk\u0131nda - GPD\",\"isPartOf\":{\"@id\":\"https:\/\/www.gidaperakendecileri.org\/#website\"},\"datePublished\":\"2019-07-31T12:47:21+00:00\",\"dateModified\":\"2019-09-20T10:33:44+00:00\",\"breadcrumb\":{\"@id\":\"https:\/\/www.gidaperakendecileri.org\/?page_id=659#breadcrumb\"},\"inLanguage\":\"en-US\",\"potentialAction\":[{\"@type\":\"ReadAction\",\"target\":[\"https:\/\/www.gidaperakendecileri.org\/?page_id=659\"]}]},{\"@type\":\"BreadcrumbList\",\"@id\":\"https:\/\/www.gidaperakendecileri.org\/?page_id=659#breadcrumb\",\"itemListElement\":[{\"@type\":\"ListItem\",\"position\":1,\"name\":\"Home\",\"item\":\"https:\/\/www.gidaperakendecileri.org\/\"},{\"@type\":\"ListItem\",\"position\":2,\"name\":\"Kongre Hakk\u0131nda\"}]},{\"@type\":\"WebSite\",\"@id\":\"https:\/\/www.gidaperakendecileri.org\/#website\",\"url\":\"https:\/\/www.gidaperakendecileri.org\/\",\"name\":\"GPD\",\"description\":\"G\u0131da Perakendecileri Derne\u011fi\",\"potentialAction\":[{\"@type\":\"SearchAction\",\"target\":{\"@type\":\"EntryPoint\",\"urlTemplate\":\"https:\/\/www.gidaperakendecileri.org\/?s={search_term_string}\"},\"query-input\":{\"@type\":\"PropertyValueSpecification\",\"valueRequired\":true,\"valueName\":\"search_term_string\"}}],\"inLanguage\":\"en-US\"}]}<\/script>\n<!-- \/ Yoast SEO plugin. -->","yoast_head_json":{"title":"Kongre Hakk\u0131nda - GPD","robots":{"index":"index","follow":"follow","max-snippet":"max-snippet:-1","max-image-preview":"max-image-preview:large","max-video-preview":"max-video-preview:-1"},"canonical":"https:\/\/www.gidaperakendecileri.org\/?page_id=659","og_locale":"en_US","og_type":"article","og_title":"Kongre Hakk\u0131nda - GPD","og_description":"GPD Ortak Geli\u015fim KongresiGPD Ortak Geli\u015fim Kongresi, her y\u0131l perakendecileri, tedarik\u00e7ileri ve servis sa\u011flay\u0131c\u0131lar\u0131 bulu\u015fturmak amac\u0131yla Ekim ay\u0131nda ger\u00e7ekle\u015ftiriliyor. GPD olarak, \u00fcretici\/imalat\u00e7\u0131lar\u0131m\u0131zla, sonu\u00e7ta m\u00fc\u015fterilerimize\/t\u00fcketiciye d\u00f6nen, d\u00f6necek olan ili\u015fkilerimizi konu edinen\u00a0\u201cOrtak Geli\u015fim &#8211; T\u00fcketici Odakl\u0131 Tedarik\u00e7i ve Perakendeci Verimlili\u011fi\u201d\u00a0ba\u015fl\u0131kl\u0131 kongremizi 2014 y\u0131l\u0131ndan bu yana d\u00fczenlemeye devam ediyoruz. Y\u00fczlerce profesyoneli bir araya getiren Kongremiz, sekt\u00f6r i\u00e7in \u00f6nem [&hellip;]","og_url":"https:\/\/www.gidaperakendecileri.org\/?page_id=659","og_site_name":"GPD","article_modified_time":"2019-09-20T10:33:44+00:00","twitter_card":"summary_large_image","twitter_misc":{"Est. reading time":"2 minutes"},"schema":{"@context":"https:\/\/schema.org","@graph":[{"@type":"WebPage","@id":"https:\/\/www.gidaperakendecileri.org\/?page_id=659","url":"https:\/\/www.gidaperakendecileri.org\/?page_id=659","name":"Kongre Hakk\u0131nda - GPD","isPartOf":{"@id":"https:\/\/www.gidaperakendecileri.org\/#website"},"datePublished":"2019-07-31T12:47:21+00:00","dateModified":"2019-09-20T10:33:44+00:00","breadcrumb":{"@id":"https:\/\/www.gidaperakendecileri.org\/?page_id=659#breadcrumb"},"inLanguage":"en-US","potentialAction":[{"@type":"ReadAction","target":["https:\/\/www.gidaperakendecileri.org\/?page_id=659"]}]},{"@type":"BreadcrumbList","@id":"https:\/\/www.gidaperakendecileri.org\/?page_id=659#breadcrumb","itemListElement":[{"@type":"ListItem","position":1,"name":"Home","item":"https:\/\/www.gidaperakendecileri.org\/"},{"@type":"ListItem","position":2,"name":"Kongre Hakk\u0131nda"}]},{"@type":"WebSite","@id":"https:\/\/www.gidaperakendecileri.org\/#website","url":"https:\/\/www.gidaperakendecileri.org\/","name":"GPD","description":"G\u0131da Perakendecileri Derne\u011fi","potentialAction":[{"@type":"SearchAction","target":{"@type":"EntryPoint","urlTemplate":"https:\/\/www.gidaperakendecileri.org\/?s={search_term_string}"},"query-input":{"@type":"PropertyValueSpecification","valueRequired":true,"valueName":"search_term_string"}}],"inLanguage":"en-US"}]}},"_links":{"self":[{"href":"https:\/\/www.gidaperakendecileri.org\/index.php?rest_route=\/wp\/v2\/pages\/659","targetHints":{"allow":["GET"]}}],"collection":[{"href":"https:\/\/www.gidaperakendecileri.org\/index.php?rest_route=\/wp\/v2\/pages"}],"about":[{"href":"https:\/\/www.gidaperakendecileri.org\/index.php?rest_route=\/wp\/v2\/types\/page"}],"author":[{"embeddable":true,"href":"https:\/\/www.gidaperakendecileri.org\/index.php?rest_route=\/wp\/v2\/users\/1"}],"replies":[{"embeddable":true,"href":"https:\/\/www.gidaperakendecileri.org\/index.php?rest_route=%2Fwp%2Fv2%2Fcomments&post=659"}],"version-history":[{"count":3,"href":"https:\/\/www.gidaperakendecileri.org\/index.php?rest_route=\/wp\/v2\/pages\/659\/revisions"}],"predecessor-version":[{"id":1188,"href":"https:\/\/www.gidaperakendecileri.org\/index.php?rest_route=\/wp\/v2\/pages\/659\/revisions\/1188"}],"wp:attachment":[{"href":"https:\/\/www.gidaperakendecileri.org\/index.php?rest_route=%2Fwp%2Fv2%2Fmedia&parent=659"}],"curies":[{"name":"wp","href":"https:\/\/api.w.org\/{rel}","templated":true}]}}