{"id":6188,"date":"2023-09-27T10:27:57","date_gmt":"2023-09-27T10:27:57","guid":{"rendered":"https:\/\/www.gidaperakendecileri.org\/?page_id=6188"},"modified":"2023-10-06T11:43:51","modified_gmt":"2023-10-06T11:43:51","slug":"kongre-2023","status":"publish","type":"page","link":"https:\/\/www.gidaperakendecileri.org\/?page_id=6188","title":{"rendered":"Kongre 2023"},"content":{"rendered":"\t\t<div data-elementor-type=\"wp-post\" data-elementor-id=\"6188\" class=\"elementor elementor-6188\">\n\t\t\t\t\t\t<section class=\"elementor-section elementor-top-section elementor-element elementor-element-72419c1 elementor-section-boxed elementor-section-height-default elementor-section-height-default\" data-id=\"72419c1\" data-element_type=\"section\">\n\t\t\t\t\t\t<div class=\"elementor-container elementor-column-gap-default\">\n\t\t\t\t\t<div class=\"elementor-column elementor-col-100 elementor-top-column elementor-element elementor-element-11e519b\" data-id=\"11e519b\" data-element_type=\"column\">\n\t\t\t<div class=\"elementor-widget-wrap elementor-element-populated\">\n\t\t\t\t\t\t<div class=\"elementor-element elementor-element-6eee5c1 elementor-widget elementor-widget-image\" data-id=\"6eee5c1\" data-element_type=\"widget\" data-widget_type=\"image.default\">\n\t\t\t\t<div class=\"elementor-widget-container\">\n\t\t\t\t\t\t\t\t\t\t\t\t\t\t\t\t<a href=\"https:\/\/digitalnetworkalkas.com\/event\/9-ortak-gelisim-kongresi-gpd\" target=\"_blank\">\n\t\t\t\t\t\t\t<img fetchpriority=\"high\" decoding=\"async\" width=\"2067\" height=\"1221\" src=\"https:\/\/www.gidaperakendecileri.org\/wp-content\/uploads\/2023\/09\/GPD_kongre-2023.jpg\" class=\"attachment-full size-full wp-image-6190\" alt=\"\" srcset=\"https:\/\/www.gidaperakendecileri.org\/wp-content\/uploads\/2023\/09\/GPD_kongre-2023.jpg 2067w, https:\/\/www.gidaperakendecileri.org\/wp-content\/uploads\/2023\/09\/GPD_kongre-2023-300x177.jpg 300w, https:\/\/www.gidaperakendecileri.org\/wp-content\/uploads\/2023\/09\/GPD_kongre-2023-1024x605.jpg 1024w, https:\/\/www.gidaperakendecileri.org\/wp-content\/uploads\/2023\/09\/GPD_kongre-2023-768x454.jpg 768w, https:\/\/www.gidaperakendecileri.org\/wp-content\/uploads\/2023\/09\/GPD_kongre-2023-1536x907.jpg 1536w, https:\/\/www.gidaperakendecileri.org\/wp-content\/uploads\/2023\/09\/GPD_kongre-2023-2048x1210.jpg 2048w, https:\/\/www.gidaperakendecileri.org\/wp-content\/uploads\/2023\/09\/GPD_kongre-2023-696x411.jpg 696w, https:\/\/www.gidaperakendecileri.org\/wp-content\/uploads\/2023\/09\/GPD_kongre-2023-1068x631.jpg 1068w, https:\/\/www.gidaperakendecileri.org\/wp-content\/uploads\/2023\/09\/GPD_kongre-2023-711x420.jpg 711w, https:\/\/www.gidaperakendecileri.org\/wp-content\/uploads\/2023\/09\/GPD_kongre-2023-320x189.jpg 320w, https:\/\/www.gidaperakendecileri.org\/wp-content\/uploads\/2023\/09\/GPD_kongre-2023-480x284.jpg 480w, https:\/\/www.gidaperakendecileri.org\/wp-content\/uploads\/2023\/09\/GPD_kongre-2023-800x473.jpg 800w\" sizes=\"(max-width: 2067px) 100vw, 2067px\" \/>\t\t\t\t\t\t\t\t<\/a>\n\t\t\t\t\t\t\t\t\t\t\t\t\t\t\t<\/div>\n\t\t\t\t<\/div>\n\t\t\t\t<div class=\"elementor-element elementor-element-a0e1d7b elementor-widget elementor-widget-text-editor\" data-id=\"a0e1d7b\" data-element_type=\"widget\" data-widget_type=\"text-editor.default\">\n\t\t\t\t<div class=\"elementor-widget-container\">\n\t\t\t\t\t\t\t\t\t<p><span style=\"color: #000000;\"><b>9. Ortak Geli\u015fim Kongresi<br \/>\u201cY\u00fczde 100 Perakende\u201d<\/b><\/span><\/p><p><span style=\"color: #000000;\">G\u0131da Perakendecilerinin ve tedarik\u00e7ilerinin bulu\u015ftu\u011fu 9. Ortak Geli\u015fim Kongresi, <strong>10 Ekim 2023 <\/strong>Sal\u0131 g\u00fcn\u00fc\u00a0<strong>Wyndham Grand \u0130stanbul Levent<\/strong>\u2019te ve e\u015f zamanl\u0131 olarak <strong>Digital Network Alka\u015f<\/strong>\u2019ta hibrit olarak ger\u00e7ekle\u015ftirilecek.<\/span><\/p><p class=\"p1\"><span style=\"color: #000000;\">Kongremizde\u00a0<b>\u201cY\u00fczde 100 Perakende\u201d<\/b>\u00a0temam\u0131zla <strong>\u201cDaha g\u00fc\u00e7l\u00fc bir \u00fclke ekonomisi i\u00e7in \u00e7\u00f6z\u00fcm PERAKENDE\u201d<\/strong> diyoruz. Cumhuriyetimizin y\u00fcz\u00fcnc\u00fc y\u0131l\u0131nda, gelecek y\u00fcz y\u0131l\u0131m\u0131z\u0131 planlarken daha g\u00fc\u00e7l\u00fc bir \u00fclke ekonomisi i\u00e7in \u00e7\u00f6z\u00fcm\u00fcn\u00a0daha planl\u0131 \u00fcretmekte ve daha geli\u015fmi\u015f bir tedarik zincirinde yatt\u0131\u011f\u0131na inan\u0131yoruz.\u00a0Bu nedenle kongremizde perakende ve geriye d\u00f6n\u00fck t\u00fcm tedarik zincirimizin ana konular\u0131na odaklanacak, verimli geli\u015fimin yollar\u0131n\u0131 arayaca\u011f\u0131z.<\/span><\/p>\t\t\t\t\t\t\t\t<\/div>\n\t\t\t\t<\/div>\n\t\t\t\t<div class=\"elementor-element elementor-element-006c37b elementor-widget elementor-widget-button\" data-id=\"006c37b\" data-element_type=\"widget\" data-widget_type=\"button.default\">\n\t\t\t\t<div class=\"elementor-widget-container\">\n\t\t\t\t\t\t\t\t\t<div class=\"elementor-button-wrapper\">\n\t\t\t\t\t<a class=\"elementor-button elementor-button-link elementor-size-md\" href=\"https:\/\/digitalnetworkalkas.com\/event\/9-ortak-gelisim-kongresi-gpd\" target=\"_blank\">\n\t\t\t\t\t\t<span class=\"elementor-button-content-wrapper\">\n\t\t\t\t\t\t\t\t\t<span class=\"elementor-button-text\">Detayl\u0131 Bilgi ve Online Etkinli\u011fe Kay\u0131t \u0130\u00e7in T\u0131klay\u0131n\u0131z<\/span>\n\t\t\t\t\t<\/span>\n\t\t\t\t\t<\/a>\n\t\t\t\t<\/div>\n\t\t\t\t\t\t\t\t<\/div>\n\t\t\t\t<\/div>\n\t\t\t\t\t<\/div>\n\t\t<\/div>\n\t\t\t\t\t<\/div>\n\t\t<\/section>\n\t\t\t\t<section class=\"elementor-section elementor-top-section elementor-element elementor-element-735151c elementor-section-boxed elementor-section-height-default elementor-section-height-default\" data-id=\"735151c\" data-element_type=\"section\">\n\t\t\t\t\t\t<div class=\"elementor-container elementor-column-gap-default\">\n\t\t\t\t\t<div class=\"elementor-column elementor-col-100 elementor-top-column elementor-element elementor-element-cfda09c\" data-id=\"cfda09c\" data-element_type=\"column\">\n\t\t\t<div class=\"elementor-widget-wrap elementor-element-populated\">\n\t\t\t\t\t\t<div class=\"elementor-element elementor-element-0bef444 elementor-widget elementor-widget-text-editor\" data-id=\"0bef444\" data-element_type=\"widget\" data-widget_type=\"text-editor.default\">\n\t\t\t\t<div class=\"elementor-widget-container\">\n\t\t\t\t\t\t\t\t\t<p><em><strong><span style=\"color: #000000;\">Fiziki kat\u0131l\u0131m sadece davete \u00f6zel olup Derne\u011fimiz ile ileti\u015fime ge\u00e7meniz gerekmektedir.<br \/><\/span><\/strong><\/em><strong><span style=\"color: #000000;\">Benek Gen\u00e7ero\u011flu<\/span><\/strong><strong><span style=\"color: #000000;\"><br \/><\/span><\/strong><a href=\"mailto:bgenceroglu@gidaperakendecileri.org\"><span style=\"color: #000000;\">bgenceroglu@gidaperakendecileri.org<\/span><\/a><span style=\"color: #000000;\"><br \/><span class=\"wmi-callto\">0212 227 85 42-52<\/span><\/span><\/p>\t\t\t\t\t\t\t\t<\/div>\n\t\t\t\t<\/div>\n\t\t\t\t\t<\/div>\n\t\t<\/div>\n\t\t\t\t\t<\/div>\n\t\t<\/section>\n\t\t\t\t<section class=\"elementor-section elementor-top-section elementor-element elementor-element-78aef35 elementor-section-boxed elementor-section-height-default elementor-section-height-default\" data-id=\"78aef35\" data-element_type=\"section\">\n\t\t\t\t\t\t<div class=\"elementor-container elementor-column-gap-default\">\n\t\t\t\t\t<div class=\"elementor-column elementor-col-100 elementor-top-column elementor-element elementor-element-47cf122\" data-id=\"47cf122\" data-element_type=\"column\">\n\t\t\t<div class=\"elementor-widget-wrap elementor-element-populated\">\n\t\t\t\t\t\t<div class=\"elementor-element elementor-element-fd4c518 elementor-widget-divider--view-line elementor-widget elementor-widget-divider\" data-id=\"fd4c518\" data-element_type=\"widget\" data-widget_type=\"divider.default\">\n\t\t\t\t<div class=\"elementor-widget-container\">\n\t\t\t\t\t\t\t<div class=\"elementor-divider\">\n\t\t\t<span class=\"elementor-divider-separator\">\n\t\t\t\t\t\t<\/span>\n\t\t<\/div>\n\t\t\t\t\t\t<\/div>\n\t\t\t\t<\/div>\n\t\t\t\t\t<\/div>\n\t\t<\/div>\n\t\t\t\t\t<\/div>\n\t\t<\/section>\n\t\t\t\t<section class=\"elementor-section elementor-top-section elementor-element elementor-element-73f675d elementor-section-boxed elementor-section-height-default elementor-section-height-default\" data-id=\"73f675d\" data-element_type=\"section\">\n\t\t\t\t\t\t<div class=\"elementor-container elementor-column-gap-default\">\n\t\t\t\t\t<div class=\"elementor-column elementor-col-100 elementor-top-column elementor-element elementor-element-98c5030\" data-id=\"98c5030\" data-element_type=\"column\">\n\t\t\t<div class=\"elementor-widget-wrap elementor-element-populated\">\n\t\t\t\t\t\t<div class=\"elementor-element elementor-element-c1115a7 elementor-widget elementor-widget-image\" data-id=\"c1115a7\" data-element_type=\"widget\" data-widget_type=\"image.default\">\n\t\t\t\t<div class=\"elementor-widget-container\">\n\t\t\t\t\t\t\t\t\t\t\t\t\t\t\t<img decoding=\"async\" width=\"2048\" height=\"668\" src=\"https:\/\/www.gidaperakendecileri.org\/wp-content\/uploads\/2023\/10\/sponsorlar-2048x668.jpg\" class=\"attachment-2048x2048 size-2048x2048 wp-image-6211\" alt=\"\" srcset=\"https:\/\/www.gidaperakendecileri.org\/wp-content\/uploads\/2023\/10\/sponsorlar-2048x668.jpg 2048w, https:\/\/www.gidaperakendecileri.org\/wp-content\/uploads\/2023\/10\/sponsorlar-300x98.jpg 300w, https:\/\/www.gidaperakendecileri.org\/wp-content\/uploads\/2023\/10\/sponsorlar-1024x334.jpg 1024w, https:\/\/www.gidaperakendecileri.org\/wp-content\/uploads\/2023\/10\/sponsorlar-768x251.jpg 768w, https:\/\/www.gidaperakendecileri.org\/wp-content\/uploads\/2023\/10\/sponsorlar-1536x501.jpg 1536w, https:\/\/www.gidaperakendecileri.org\/wp-content\/uploads\/2023\/10\/sponsorlar-696x227.jpg 696w, https:\/\/www.gidaperakendecileri.org\/wp-content\/uploads\/2023\/10\/sponsorlar-1068x348.jpg 1068w, https:\/\/www.gidaperakendecileri.org\/wp-content\/uploads\/2023\/10\/sponsorlar-1287x420.jpg 1287w, https:\/\/www.gidaperakendecileri.org\/wp-content\/uploads\/2023\/10\/sponsorlar-320x104.jpg 320w, https:\/\/www.gidaperakendecileri.org\/wp-content\/uploads\/2023\/10\/sponsorlar-480x157.jpg 480w, https:\/\/www.gidaperakendecileri.org\/wp-content\/uploads\/2023\/10\/sponsorlar-800x261.jpg 800w\" sizes=\"(max-width: 2048px) 100vw, 2048px\" \/>\t\t\t\t\t\t\t\t\t\t\t\t\t\t\t<\/div>\n\t\t\t\t<\/div>\n\t\t\t\t\t<\/div>\n\t\t<\/div>\n\t\t\t\t\t<\/div>\n\t\t<\/section>\n\t\t\t\t<section class=\"elementor-section elementor-top-section elementor-element elementor-element-9833d06 elementor-section-boxed elementor-section-height-default elementor-section-height-default\" data-id=\"9833d06\" data-element_type=\"section\">\n\t\t\t\t\t\t<div class=\"elementor-container elementor-column-gap-default\">\n\t\t\t\t\t<div class=\"elementor-column elementor-col-100 elementor-top-column elementor-element elementor-element-91eac85\" data-id=\"91eac85\" data-element_type=\"column\">\n\t\t\t<div class=\"elementor-widget-wrap elementor-element-populated\">\n\t\t\t\t\t\t<div class=\"elementor-element elementor-element-230034d elementor-widget-divider--view-line elementor-widget elementor-widget-divider\" data-id=\"230034d\" data-element_type=\"widget\" data-widget_type=\"divider.default\">\n\t\t\t\t<div class=\"elementor-widget-container\">\n\t\t\t\t\t\t\t<div class=\"elementor-divider\">\n\t\t\t<span class=\"elementor-divider-separator\">\n\t\t\t\t\t\t<\/span>\n\t\t<\/div>\n\t\t\t\t\t\t<\/div>\n\t\t\t\t<\/div>\n\t\t\t\t\t<\/div>\n\t\t<\/div>\n\t\t\t\t\t<\/div>\n\t\t<\/section>\n\t\t\t\t<section class=\"elementor-section elementor-top-section elementor-element elementor-element-9854013 elementor-section-boxed elementor-section-height-default elementor-section-height-default\" data-id=\"9854013\" data-element_type=\"section\">\n\t\t\t\t\t\t<div class=\"elementor-container elementor-column-gap-default\">\n\t\t\t\t\t<div class=\"elementor-column elementor-col-100 elementor-top-column elementor-element elementor-element-cc43af7\" data-id=\"cc43af7\" data-element_type=\"column\">\n\t\t\t<div class=\"elementor-widget-wrap elementor-element-populated\">\n\t\t\t\t\t\t<div class=\"elementor-element elementor-element-ae83808 elementor-widget elementor-widget-heading\" data-id=\"ae83808\" data-element_type=\"widget\" data-widget_type=\"heading.default\">\n\t\t\t\t<div class=\"elementor-widget-container\">\n\t\t\t\t\t<h2 class=\"elementor-heading-title elementor-size-default\">KONGRE PROGRAMI<\/h2>\t\t\t\t<\/div>\n\t\t\t\t<\/div>\n\t\t\t\t\t<\/div>\n\t\t<\/div>\n\t\t\t\t\t<\/div>\n\t\t<\/section>\n\t\t\t\t<section class=\"elementor-section elementor-top-section elementor-element elementor-element-1d84d80 elementor-section-boxed elementor-section-height-default elementor-section-height-default\" data-id=\"1d84d80\" data-element_type=\"section\">\n\t\t\t\t\t\t<div class=\"elementor-container elementor-column-gap-default\">\n\t\t\t\t\t<div class=\"elementor-column elementor-col-100 elementor-top-column elementor-element elementor-element-74e40ec\" data-id=\"74e40ec\" data-element_type=\"column\">\n\t\t\t<div class=\"elementor-widget-wrap elementor-element-populated\">\n\t\t\t\t\t\t<div class=\"elementor-element elementor-element-0f60f19 elementor-widget elementor-widget-image\" data-id=\"0f60f19\" data-element_type=\"widget\" data-widget_type=\"image.default\">\n\t\t\t\t<div class=\"elementor-widget-container\">\n\t\t\t\t\t\t\t\t\t\t\t\t\t\t\t<img decoding=\"async\" width=\"1536\" height=\"1536\" src=\"https:\/\/www.gidaperakendecileri.org\/wp-content\/uploads\/2023\/10\/ortak-gelisim-kongresi-program-2023-1536x1536.jpg\" class=\"attachment-1536x1536 size-1536x1536 wp-image-6225\" alt=\"\" srcset=\"https:\/\/www.gidaperakendecileri.org\/wp-content\/uploads\/2023\/10\/ortak-gelisim-kongresi-program-2023-1536x1536.jpg 1536w, https:\/\/www.gidaperakendecileri.org\/wp-content\/uploads\/2023\/10\/ortak-gelisim-kongresi-program-2023-300x300.jpg 300w, https:\/\/www.gidaperakendecileri.org\/wp-content\/uploads\/2023\/10\/ortak-gelisim-kongresi-program-2023-1024x1024.jpg 1024w, https:\/\/www.gidaperakendecileri.org\/wp-content\/uploads\/2023\/10\/ortak-gelisim-kongresi-program-2023-150x150.jpg 150w, https:\/\/www.gidaperakendecileri.org\/wp-content\/uploads\/2023\/10\/ortak-gelisim-kongresi-program-2023-768x768.jpg 768w, https:\/\/www.gidaperakendecileri.org\/wp-content\/uploads\/2023\/10\/ortak-gelisim-kongresi-program-2023-696x696.jpg 696w, https:\/\/www.gidaperakendecileri.org\/wp-content\/uploads\/2023\/10\/ortak-gelisim-kongresi-program-2023-1068x1068.jpg 1068w, https:\/\/www.gidaperakendecileri.org\/wp-content\/uploads\/2023\/10\/ortak-gelisim-kongresi-program-2023-420x420.jpg 420w, https:\/\/www.gidaperakendecileri.org\/wp-content\/uploads\/2023\/10\/ortak-gelisim-kongresi-program-2023-320x320.jpg 320w, https:\/\/www.gidaperakendecileri.org\/wp-content\/uploads\/2023\/10\/ortak-gelisim-kongresi-program-2023-480x480.jpg 480w, https:\/\/www.gidaperakendecileri.org\/wp-content\/uploads\/2023\/10\/ortak-gelisim-kongresi-program-2023-800x800.jpg 800w, https:\/\/www.gidaperakendecileri.org\/wp-content\/uploads\/2023\/10\/ortak-gelisim-kongresi-program-2023.jpg 1969w\" sizes=\"(max-width: 1536px) 100vw, 1536px\" \/>\t\t\t\t\t\t\t\t\t\t\t\t\t\t\t<\/div>\n\t\t\t\t<\/div>\n\t\t\t\t\t<\/div>\n\t\t<\/div>\n\t\t\t\t\t<\/div>\n\t\t<\/section>\n\t\t\t\t<\/div>\n\t\t","protected":false},"excerpt":{"rendered":"<p>9. Ortak Geli\u015fim Kongresi\u201cY\u00fczde 100 Perakende\u201d G\u0131da Perakendecilerinin ve tedarik\u00e7ilerinin bulu\u015ftu\u011fu 9. Ortak Geli\u015fim Kongresi, 10 Ekim 2023 Sal\u0131 g\u00fcn\u00fc\u00a0Wyndham Grand \u0130stanbul Levent\u2019te ve e\u015f zamanl\u0131 olarak Digital Network Alka\u015f\u2019ta hibrit olarak ger\u00e7ekle\u015ftirilecek. Kongremizde\u00a0\u201cY\u00fczde 100 Perakende\u201d\u00a0temam\u0131zla \u201cDaha g\u00fc\u00e7l\u00fc bir \u00fclke ekonomisi i\u00e7in \u00e7\u00f6z\u00fcm PERAKENDE\u201d diyoruz. Cumhuriyetimizin y\u00fcz\u00fcnc\u00fc y\u0131l\u0131nda, gelecek y\u00fcz y\u0131l\u0131m\u0131z\u0131 planlarken daha g\u00fc\u00e7l\u00fc bir [&hellip;]<\/p>\n","protected":false},"author":2,"featured_media":0,"parent":0,"menu_order":0,"comment_status":"closed","ping_status":"closed","template":"","meta":{"_monsterinsights_skip_tracking":false,"_monsterinsights_sitenote_active":false,"_monsterinsights_sitenote_note":"","_monsterinsights_sitenote_category":0,"footnotes":""},"class_list":["post-6188","page","type-page","status-publish"],"featured_image_src":null,"yoast_head":"<!-- This site is optimized with the Yoast SEO plugin v26.7 - https:\/\/yoast.com\/wordpress\/plugins\/seo\/ -->\n<title>Kongre 2023 - GPD<\/title>\n<meta name=\"description\" content=\"Ortak Geli\u015fim Kongresi bu y\u0131l, 10 Ekim\u2019de Wyndham Grand \u0130stanbul Levent\u2019te ve e\u015f zamanl\u0131 olarak Digital Network Alka\u015f\u2019ta hibrit olarak ger\u00e7ekle\u015ftirilecek.\" \/>\n<meta name=\"robots\" content=\"index, follow, max-snippet:-1, max-image-preview:large, max-video-preview:-1\" \/>\n<link rel=\"canonical\" href=\"https:\/\/www.gidaperakendecileri.org\/?page_id=6188\" \/>\n<meta property=\"og:locale\" content=\"en_US\" \/>\n<meta property=\"og:type\" content=\"article\" \/>\n<meta property=\"og:title\" content=\"Kongre 2023 - GPD\" \/>\n<meta property=\"og:description\" content=\"Ortak Geli\u015fim Kongresi bu y\u0131l, 10 Ekim\u2019de Wyndham Grand \u0130stanbul Levent\u2019te ve e\u015f zamanl\u0131 olarak Digital Network Alka\u015f\u2019ta hibrit olarak ger\u00e7ekle\u015ftirilecek.\" \/>\n<meta property=\"og:url\" content=\"https:\/\/www.gidaperakendecileri.org\/?page_id=6188\" \/>\n<meta property=\"og:site_name\" content=\"GPD\" \/>\n<meta property=\"article:modified_time\" content=\"2023-10-06T11:43:51+00:00\" \/>\n<meta property=\"og:image\" content=\"https:\/\/www.gidaperakendecileri.org\/wp-content\/uploads\/2023\/09\/GPD_kongre-2023.jpg\" \/>\n<meta name=\"twitter:card\" content=\"summary_large_image\" \/>\n<meta name=\"twitter:label1\" content=\"Est. reading time\" \/>\n\t<meta name=\"twitter:data1\" content=\"2 minutes\" \/>\n<script type=\"application\/ld+json\" class=\"yoast-schema-graph\">{\"@context\":\"https:\/\/schema.org\",\"@graph\":[{\"@type\":\"WebPage\",\"@id\":\"https:\/\/www.gidaperakendecileri.org\/?page_id=6188\",\"url\":\"https:\/\/www.gidaperakendecileri.org\/?page_id=6188\",\"name\":\"Kongre 2023 - GPD\",\"isPartOf\":{\"@id\":\"https:\/\/www.gidaperakendecileri.org\/#website\"},\"primaryImageOfPage\":{\"@id\":\"https:\/\/www.gidaperakendecileri.org\/?page_id=6188#primaryimage\"},\"image\":{\"@id\":\"https:\/\/www.gidaperakendecileri.org\/?page_id=6188#primaryimage\"},\"thumbnailUrl\":\"https:\/\/www.gidaperakendecileri.org\/wp-content\/uploads\/2023\/09\/GPD_kongre-2023.jpg\",\"datePublished\":\"2023-09-27T10:27:57+00:00\",\"dateModified\":\"2023-10-06T11:43:51+00:00\",\"description\":\"Ortak Geli\u015fim Kongresi bu y\u0131l, 10 Ekim\u2019de Wyndham Grand \u0130stanbul Levent\u2019te ve e\u015f zamanl\u0131 olarak Digital Network Alka\u015f\u2019ta hibrit olarak ger\u00e7ekle\u015ftirilecek.\",\"breadcrumb\":{\"@id\":\"https:\/\/www.gidaperakendecileri.org\/?page_id=6188#breadcrumb\"},\"inLanguage\":\"en-US\",\"potentialAction\":[{\"@type\":\"ReadAction\",\"target\":[\"https:\/\/www.gidaperakendecileri.org\/?page_id=6188\"]}]},{\"@type\":\"ImageObject\",\"inLanguage\":\"en-US\",\"@id\":\"https:\/\/www.gidaperakendecileri.org\/?page_id=6188#primaryimage\",\"url\":\"https:\/\/www.gidaperakendecileri.org\/wp-content\/uploads\/2023\/09\/GPD_kongre-2023.jpg\",\"contentUrl\":\"https:\/\/www.gidaperakendecileri.org\/wp-content\/uploads\/2023\/09\/GPD_kongre-2023.jpg\",\"width\":2067,\"height\":1221},{\"@type\":\"BreadcrumbList\",\"@id\":\"https:\/\/www.gidaperakendecileri.org\/?page_id=6188#breadcrumb\",\"itemListElement\":[{\"@type\":\"ListItem\",\"position\":1,\"name\":\"Home\",\"item\":\"https:\/\/www.gidaperakendecileri.org\/\"},{\"@type\":\"ListItem\",\"position\":2,\"name\":\"Kongre 2023\"}]},{\"@type\":\"WebSite\",\"@id\":\"https:\/\/www.gidaperakendecileri.org\/#website\",\"url\":\"https:\/\/www.gidaperakendecileri.org\/\",\"name\":\"GPD\",\"description\":\"G\u0131da Perakendecileri Derne\u011fi\",\"potentialAction\":[{\"@type\":\"SearchAction\",\"target\":{\"@type\":\"EntryPoint\",\"urlTemplate\":\"https:\/\/www.gidaperakendecileri.org\/?s={search_term_string}\"},\"query-input\":{\"@type\":\"PropertyValueSpecification\",\"valueRequired\":true,\"valueName\":\"search_term_string\"}}],\"inLanguage\":\"en-US\"}]}<\/script>\n<!-- \/ Yoast SEO plugin. -->","yoast_head_json":{"title":"Kongre 2023 - GPD","description":"Ortak Geli\u015fim Kongresi bu y\u0131l, 10 Ekim\u2019de Wyndham Grand \u0130stanbul Levent\u2019te ve e\u015f zamanl\u0131 olarak Digital Network Alka\u015f\u2019ta hibrit olarak ger\u00e7ekle\u015ftirilecek.","robots":{"index":"index","follow":"follow","max-snippet":"max-snippet:-1","max-image-preview":"max-image-preview:large","max-video-preview":"max-video-preview:-1"},"canonical":"https:\/\/www.gidaperakendecileri.org\/?page_id=6188","og_locale":"en_US","og_type":"article","og_title":"Kongre 2023 - GPD","og_description":"Ortak Geli\u015fim Kongresi bu y\u0131l, 10 Ekim\u2019de Wyndham Grand \u0130stanbul Levent\u2019te ve e\u015f zamanl\u0131 olarak Digital Network Alka\u015f\u2019ta hibrit olarak ger\u00e7ekle\u015ftirilecek.","og_url":"https:\/\/www.gidaperakendecileri.org\/?page_id=6188","og_site_name":"GPD","article_modified_time":"2023-10-06T11:43:51+00:00","og_image":[{"url":"https:\/\/www.gidaperakendecileri.org\/wp-content\/uploads\/2023\/09\/GPD_kongre-2023.jpg","type":"","width":"","height":""}],"twitter_card":"summary_large_image","twitter_misc":{"Est. reading time":"2 minutes"},"schema":{"@context":"https:\/\/schema.org","@graph":[{"@type":"WebPage","@id":"https:\/\/www.gidaperakendecileri.org\/?page_id=6188","url":"https:\/\/www.gidaperakendecileri.org\/?page_id=6188","name":"Kongre 2023 - GPD","isPartOf":{"@id":"https:\/\/www.gidaperakendecileri.org\/#website"},"primaryImageOfPage":{"@id":"https:\/\/www.gidaperakendecileri.org\/?page_id=6188#primaryimage"},"image":{"@id":"https:\/\/www.gidaperakendecileri.org\/?page_id=6188#primaryimage"},"thumbnailUrl":"https:\/\/www.gidaperakendecileri.org\/wp-content\/uploads\/2023\/09\/GPD_kongre-2023.jpg","datePublished":"2023-09-27T10:27:57+00:00","dateModified":"2023-10-06T11:43:51+00:00","description":"Ortak Geli\u015fim Kongresi bu y\u0131l, 10 Ekim\u2019de Wyndham Grand \u0130stanbul Levent\u2019te ve e\u015f zamanl\u0131 olarak Digital Network Alka\u015f\u2019ta hibrit olarak ger\u00e7ekle\u015ftirilecek.","breadcrumb":{"@id":"https:\/\/www.gidaperakendecileri.org\/?page_id=6188#breadcrumb"},"inLanguage":"en-US","potentialAction":[{"@type":"ReadAction","target":["https:\/\/www.gidaperakendecileri.org\/?page_id=6188"]}]},{"@type":"ImageObject","inLanguage":"en-US","@id":"https:\/\/www.gidaperakendecileri.org\/?page_id=6188#primaryimage","url":"https:\/\/www.gidaperakendecileri.org\/wp-content\/uploads\/2023\/09\/GPD_kongre-2023.jpg","contentUrl":"https:\/\/www.gidaperakendecileri.org\/wp-content\/uploads\/2023\/09\/GPD_kongre-2023.jpg","width":2067,"height":1221},{"@type":"BreadcrumbList","@id":"https:\/\/www.gidaperakendecileri.org\/?page_id=6188#breadcrumb","itemListElement":[{"@type":"ListItem","position":1,"name":"Home","item":"https:\/\/www.gidaperakendecileri.org\/"},{"@type":"ListItem","position":2,"name":"Kongre 2023"}]},{"@type":"WebSite","@id":"https:\/\/www.gidaperakendecileri.org\/#website","url":"https:\/\/www.gidaperakendecileri.org\/","name":"GPD","description":"G\u0131da Perakendecileri Derne\u011fi","potentialAction":[{"@type":"SearchAction","target":{"@type":"EntryPoint","urlTemplate":"https:\/\/www.gidaperakendecileri.org\/?s={search_term_string}"},"query-input":{"@type":"PropertyValueSpecification","valueRequired":true,"valueName":"search_term_string"}}],"inLanguage":"en-US"}]}},"_links":{"self":[{"href":"https:\/\/www.gidaperakendecileri.org\/index.php?rest_route=\/wp\/v2\/pages\/6188","targetHints":{"allow":["GET"]}}],"collection":[{"href":"https:\/\/www.gidaperakendecileri.org\/index.php?rest_route=\/wp\/v2\/pages"}],"about":[{"href":"https:\/\/www.gidaperakendecileri.org\/index.php?rest_route=\/wp\/v2\/types\/page"}],"author":[{"embeddable":true,"href":"https:\/\/www.gidaperakendecileri.org\/index.php?rest_route=\/wp\/v2\/users\/2"}],"replies":[{"embeddable":true,"href":"https:\/\/www.gidaperakendecileri.org\/index.php?rest_route=%2Fwp%2Fv2%2Fcomments&post=6188"}],"version-history":[{"count":31,"href":"https:\/\/www.gidaperakendecileri.org\/index.php?rest_route=\/wp\/v2\/pages\/6188\/revisions"}],"predecessor-version":[{"id":6231,"href":"https:\/\/www.gidaperakendecileri.org\/index.php?rest_route=\/wp\/v2\/pages\/6188\/revisions\/6231"}],"wp:attachment":[{"href":"https:\/\/www.gidaperakendecileri.org\/index.php?rest_route=%2Fwp%2Fv2%2Fmedia&parent=6188"}],"curies":[{"name":"wp","href":"https:\/\/api.w.org\/{rel}","templated":true}]}}