{"id":553,"date":"2019-07-26T13:43:31","date_gmt":"2019-07-26T13:43:31","guid":{"rendered":"https:\/\/new.gidaperakendecileri.org\/?page_id=553"},"modified":"2019-09-20T10:12:53","modified_gmt":"2019-09-20T10:12:53","slug":"calisma-gruplari-2","status":"publish","type":"page","link":"https:\/\/www.gidaperakendecileri.org\/?page_id=553","title":{"rendered":"\u00c7al\u0131\u015fma Gruplar\u0131"},"content":{"rendered":"\t\t<div data-elementor-type=\"wp-post\" data-elementor-id=\"553\" class=\"elementor elementor-553\">\n\t\t\t\t\t\t<section class=\"elementor-section elementor-top-section elementor-element elementor-element-72419c1 elementor-section-boxed elementor-section-height-default elementor-section-height-default\" data-id=\"72419c1\" data-element_type=\"section\">\n\t\t\t\t\t\t<div class=\"elementor-container elementor-column-gap-default\">\n\t\t\t\t\t<div class=\"elementor-column elementor-col-100 elementor-top-column elementor-element elementor-element-11e519b\" data-id=\"11e519b\" data-element_type=\"column\">\n\t\t\t<div class=\"elementor-widget-wrap elementor-element-populated\">\n\t\t\t\t\t\t<div class=\"elementor-element elementor-element-6eee5c1 elementor-widget elementor-widget-image\" data-id=\"6eee5c1\" data-element_type=\"widget\" data-widget_type=\"image.default\">\n\t\t\t\t<div class=\"elementor-widget-container\">\n\t\t\t\t\t\t\t\t\t\t\t\t\t\t\t<img fetchpriority=\"high\" decoding=\"async\" width=\"1181\" height=\"669\" src=\"https:\/\/www.gidaperakendecileri.org\/wp-content\/uploads\/2019\/07\/calisma-gruplari.jpg\" class=\"attachment-full size-full wp-image-555\" alt=\"\" srcset=\"https:\/\/www.gidaperakendecileri.org\/wp-content\/uploads\/2019\/07\/calisma-gruplari.jpg 1181w, https:\/\/www.gidaperakendecileri.org\/wp-content\/uploads\/2019\/07\/calisma-gruplari-300x170.jpg 300w, https:\/\/www.gidaperakendecileri.org\/wp-content\/uploads\/2019\/07\/calisma-gruplari-768x435.jpg 768w, https:\/\/www.gidaperakendecileri.org\/wp-content\/uploads\/2019\/07\/calisma-gruplari-1024x580.jpg 1024w, https:\/\/www.gidaperakendecileri.org\/wp-content\/uploads\/2019\/07\/calisma-gruplari-696x394.jpg 696w, https:\/\/www.gidaperakendecileri.org\/wp-content\/uploads\/2019\/07\/calisma-gruplari-1068x605.jpg 1068w, https:\/\/www.gidaperakendecileri.org\/wp-content\/uploads\/2019\/07\/calisma-gruplari-741x420.jpg 741w\" sizes=\"(max-width: 1181px) 100vw, 1181px\" \/>\t\t\t\t\t\t\t\t\t\t\t\t\t\t\t<\/div>\n\t\t\t\t<\/div>\n\t\t\t\t<div class=\"elementor-element elementor-element-a0e1d7b elementor-widget elementor-widget-text-editor\" data-id=\"a0e1d7b\" data-element_type=\"widget\" data-widget_type=\"text-editor.default\">\n\t\t\t\t<div class=\"elementor-widget-container\">\n\t\t\t\t\t\t\t\t\t<p class=\"p1\"><span style=\"background-color: #ffffff; color: #000000;\"><b>G\u0131da Servis Zincirleri Sekt\u00f6rel Grubu<br \/><\/b><\/span><span style=\"background-color: #ffffff; color: #000000;\">GPD b\u00fcnyesindeki g\u0131da servis zincirlerinin yer ald\u0131\u011f\u0131 alt grup olup, sekt\u00f6rel bazl\u0131 konularda \u00e7al\u0131\u015fmalar s\u00fcrd\u00fcrmektedir.<\/span><\/p><p class=\"p1\"><span style=\"background-color: #ffffff; color: #000000;\"><b>Mevzuat \u00c7al\u0131\u015fma Grubu<br \/><\/b><\/span><span style=\"background-color: #ffffff; color: #000000;\">G\u0131da perakendecili\u011fini ilgilendiren mevzuat\u0131n takibi, g\u00f6r\u00fc\u015flerin olu\u015fturulmas\u0131, ilgili kurum ve kurulu\u015flarla g\u00f6r\u00fc\u015flerin payla\u015f\u0131lmas\u0131 faaliyetlerini s\u00fcrd\u00fcrmektedir.<\/span><\/p><p class=\"p1\"><span style=\"background-color: #ffffff; color: #000000;\"><b>E\u011fitim Etkinlik ve Yay\u0131n \u00c7al\u0131\u015fma Grubu<br \/><\/b><\/span><span style=\"background-color: #ffffff; color: #000000;\">D\u00fczenlenecek etkinliklerin planlanmas\u0131 ile perakende alan\u0131nda yeni istihdam yaratma, \u00e7al\u0131\u015fanlar\u0131n e\u011fitimi, e\u011fitim m\u00fcfredatlar\u0131n\u0131n olu\u015fturulmas\u0131 ve bu ama\u00e7la projeler \u00fcretilmesi faaliyetlerini s\u00fcrd\u00fcrmektedir.<\/span><\/p><p class=\"p1\"><span style=\"background-color: #ffffff; color: #000000;\"><b>Ara\u015ft\u0131rma \u00c7al\u0131\u015fma Grubu<br \/><\/b><\/span><span style=\"background-color: #ffffff; color: #000000;\">Sekt\u00f6rel verilerin olu\u015fturulmas\u0131, bu verilerin g\u00fcncellenmesi i\u00e7in y\u00f6ntem olu\u015fturulmas\u0131 ve bu ama\u00e7la yap\u0131lacak ara\u015ft\u0131rma faaliyetlerini s\u00fcrd\u00fcrmektedir.<\/span><\/p>\t\t\t\t\t\t\t\t<\/div>\n\t\t\t\t<\/div>\n\t\t\t\t\t<\/div>\n\t\t<\/div>\n\t\t\t\t\t<\/div>\n\t\t<\/section>\n\t\t\t\t<\/div>\n\t\t","protected":false},"excerpt":{"rendered":"<p>G\u0131da Servis Zincirleri Sekt\u00f6rel GrubuGPD b\u00fcnyesindeki g\u0131da servis zincirlerinin yer ald\u0131\u011f\u0131 alt grup olup, sekt\u00f6rel bazl\u0131 konularda \u00e7al\u0131\u015fmalar s\u00fcrd\u00fcrmektedir. Mevzuat \u00c7al\u0131\u015fma GrubuG\u0131da perakendecili\u011fini ilgilendiren mevzuat\u0131n takibi, g\u00f6r\u00fc\u015flerin olu\u015fturulmas\u0131, ilgili kurum ve kurulu\u015flarla g\u00f6r\u00fc\u015flerin payla\u015f\u0131lmas\u0131 faaliyetlerini s\u00fcrd\u00fcrmektedir. E\u011fitim Etkinlik ve Yay\u0131n \u00c7al\u0131\u015fma GrubuD\u00fczenlenecek etkinliklerin planlanmas\u0131 ile perakende alan\u0131nda yeni istihdam yaratma, \u00e7al\u0131\u015fanlar\u0131n e\u011fitimi, e\u011fitim m\u00fcfredatlar\u0131n\u0131n olu\u015fturulmas\u0131 [&hellip;]<\/p>\n","protected":false},"author":1,"featured_media":0,"parent":0,"menu_order":0,"comment_status":"closed","ping_status":"closed","template":"","meta":{"_monsterinsights_skip_tracking":false,"_monsterinsights_sitenote_active":false,"_monsterinsights_sitenote_note":"","_monsterinsights_sitenote_category":0,"footnotes":""},"class_list":["post-553","page","type-page","status-publish"],"featured_image_src":null,"yoast_head":"<!-- This site is optimized with the Yoast SEO plugin v26.7 - https:\/\/yoast.com\/wordpress\/plugins\/seo\/ -->\n<title>\u00c7al\u0131\u015fma Gruplar\u0131 - GPD<\/title>\n<meta name=\"robots\" content=\"index, follow, max-snippet:-1, max-image-preview:large, max-video-preview:-1\" \/>\n<link rel=\"canonical\" href=\"https:\/\/www.gidaperakendecileri.org\/?page_id=553\" \/>\n<meta property=\"og:locale\" content=\"en_US\" \/>\n<meta property=\"og:type\" content=\"article\" \/>\n<meta property=\"og:title\" content=\"\u00c7al\u0131\u015fma Gruplar\u0131 - GPD\" \/>\n<meta property=\"og:description\" content=\"G\u0131da Servis Zincirleri Sekt\u00f6rel GrubuGPD b\u00fcnyesindeki g\u0131da servis zincirlerinin yer ald\u0131\u011f\u0131 alt grup olup, sekt\u00f6rel bazl\u0131 konularda \u00e7al\u0131\u015fmalar s\u00fcrd\u00fcrmektedir. Mevzuat \u00c7al\u0131\u015fma GrubuG\u0131da perakendecili\u011fini ilgilendiren mevzuat\u0131n takibi, g\u00f6r\u00fc\u015flerin olu\u015fturulmas\u0131, ilgili kurum ve kurulu\u015flarla g\u00f6r\u00fc\u015flerin payla\u015f\u0131lmas\u0131 faaliyetlerini s\u00fcrd\u00fcrmektedir. E\u011fitim Etkinlik ve Yay\u0131n \u00c7al\u0131\u015fma GrubuD\u00fczenlenecek etkinliklerin planlanmas\u0131 ile perakende alan\u0131nda yeni istihdam yaratma, \u00e7al\u0131\u015fanlar\u0131n e\u011fitimi, e\u011fitim m\u00fcfredatlar\u0131n\u0131n olu\u015fturulmas\u0131 [&hellip;]\" \/>\n<meta property=\"og:url\" content=\"https:\/\/www.gidaperakendecileri.org\/?page_id=553\" \/>\n<meta property=\"og:site_name\" content=\"GPD\" \/>\n<meta property=\"article:modified_time\" content=\"2019-09-20T10:12:53+00:00\" \/>\n<meta property=\"og:image\" content=\"https:\/\/www.gidaperakendecileri.org\/wp-content\/uploads\/2019\/07\/calisma-gruplari.jpg\" \/>\n<meta name=\"twitter:card\" content=\"summary_large_image\" \/>\n<meta name=\"twitter:label1\" content=\"Est. reading time\" \/>\n\t<meta name=\"twitter:data1\" content=\"1 minute\" \/>\n<script type=\"application\/ld+json\" class=\"yoast-schema-graph\">{\"@context\":\"https:\/\/schema.org\",\"@graph\":[{\"@type\":\"WebPage\",\"@id\":\"https:\/\/www.gidaperakendecileri.org\/?page_id=553\",\"url\":\"https:\/\/www.gidaperakendecileri.org\/?page_id=553\",\"name\":\"\u00c7al\u0131\u015fma Gruplar\u0131 - GPD\",\"isPartOf\":{\"@id\":\"https:\/\/www.gidaperakendecileri.org\/#website\"},\"primaryImageOfPage\":{\"@id\":\"https:\/\/www.gidaperakendecileri.org\/?page_id=553#primaryimage\"},\"image\":{\"@id\":\"https:\/\/www.gidaperakendecileri.org\/?page_id=553#primaryimage\"},\"thumbnailUrl\":\"https:\/\/www.gidaperakendecileri.org\/wp-content\/uploads\/2019\/07\/calisma-gruplari.jpg\",\"datePublished\":\"2019-07-26T13:43:31+00:00\",\"dateModified\":\"2019-09-20T10:12:53+00:00\",\"breadcrumb\":{\"@id\":\"https:\/\/www.gidaperakendecileri.org\/?page_id=553#breadcrumb\"},\"inLanguage\":\"en-US\",\"potentialAction\":[{\"@type\":\"ReadAction\",\"target\":[\"https:\/\/www.gidaperakendecileri.org\/?page_id=553\"]}]},{\"@type\":\"ImageObject\",\"inLanguage\":\"en-US\",\"@id\":\"https:\/\/www.gidaperakendecileri.org\/?page_id=553#primaryimage\",\"url\":\"https:\/\/www.gidaperakendecileri.org\/wp-content\/uploads\/2019\/07\/calisma-gruplari.jpg\",\"contentUrl\":\"https:\/\/www.gidaperakendecileri.org\/wp-content\/uploads\/2019\/07\/calisma-gruplari.jpg\"},{\"@type\":\"BreadcrumbList\",\"@id\":\"https:\/\/www.gidaperakendecileri.org\/?page_id=553#breadcrumb\",\"itemListElement\":[{\"@type\":\"ListItem\",\"position\":1,\"name\":\"Home\",\"item\":\"https:\/\/www.gidaperakendecileri.org\/\"},{\"@type\":\"ListItem\",\"position\":2,\"name\":\"\u00c7al\u0131\u015fma Gruplar\u0131\"}]},{\"@type\":\"WebSite\",\"@id\":\"https:\/\/www.gidaperakendecileri.org\/#website\",\"url\":\"https:\/\/www.gidaperakendecileri.org\/\",\"name\":\"GPD\",\"description\":\"G\u0131da Perakendecileri Derne\u011fi\",\"potentialAction\":[{\"@type\":\"SearchAction\",\"target\":{\"@type\":\"EntryPoint\",\"urlTemplate\":\"https:\/\/www.gidaperakendecileri.org\/?s={search_term_string}\"},\"query-input\":{\"@type\":\"PropertyValueSpecification\",\"valueRequired\":true,\"valueName\":\"search_term_string\"}}],\"inLanguage\":\"en-US\"}]}<\/script>\n<!-- \/ Yoast SEO plugin. -->","yoast_head_json":{"title":"\u00c7al\u0131\u015fma Gruplar\u0131 - GPD","robots":{"index":"index","follow":"follow","max-snippet":"max-snippet:-1","max-image-preview":"max-image-preview:large","max-video-preview":"max-video-preview:-1"},"canonical":"https:\/\/www.gidaperakendecileri.org\/?page_id=553","og_locale":"en_US","og_type":"article","og_title":"\u00c7al\u0131\u015fma Gruplar\u0131 - GPD","og_description":"G\u0131da Servis Zincirleri Sekt\u00f6rel GrubuGPD b\u00fcnyesindeki g\u0131da servis zincirlerinin yer ald\u0131\u011f\u0131 alt grup olup, sekt\u00f6rel bazl\u0131 konularda \u00e7al\u0131\u015fmalar s\u00fcrd\u00fcrmektedir. Mevzuat \u00c7al\u0131\u015fma GrubuG\u0131da perakendecili\u011fini ilgilendiren mevzuat\u0131n takibi, g\u00f6r\u00fc\u015flerin olu\u015fturulmas\u0131, ilgili kurum ve kurulu\u015flarla g\u00f6r\u00fc\u015flerin payla\u015f\u0131lmas\u0131 faaliyetlerini s\u00fcrd\u00fcrmektedir. E\u011fitim Etkinlik ve Yay\u0131n \u00c7al\u0131\u015fma GrubuD\u00fczenlenecek etkinliklerin planlanmas\u0131 ile perakende alan\u0131nda yeni istihdam yaratma, \u00e7al\u0131\u015fanlar\u0131n e\u011fitimi, e\u011fitim m\u00fcfredatlar\u0131n\u0131n olu\u015fturulmas\u0131 [&hellip;]","og_url":"https:\/\/www.gidaperakendecileri.org\/?page_id=553","og_site_name":"GPD","article_modified_time":"2019-09-20T10:12:53+00:00","og_image":[{"url":"https:\/\/www.gidaperakendecileri.org\/wp-content\/uploads\/2019\/07\/calisma-gruplari.jpg","type":"","width":"","height":""}],"twitter_card":"summary_large_image","twitter_misc":{"Est. reading time":"1 minute"},"schema":{"@context":"https:\/\/schema.org","@graph":[{"@type":"WebPage","@id":"https:\/\/www.gidaperakendecileri.org\/?page_id=553","url":"https:\/\/www.gidaperakendecileri.org\/?page_id=553","name":"\u00c7al\u0131\u015fma Gruplar\u0131 - GPD","isPartOf":{"@id":"https:\/\/www.gidaperakendecileri.org\/#website"},"primaryImageOfPage":{"@id":"https:\/\/www.gidaperakendecileri.org\/?page_id=553#primaryimage"},"image":{"@id":"https:\/\/www.gidaperakendecileri.org\/?page_id=553#primaryimage"},"thumbnailUrl":"https:\/\/www.gidaperakendecileri.org\/wp-content\/uploads\/2019\/07\/calisma-gruplari.jpg","datePublished":"2019-07-26T13:43:31+00:00","dateModified":"2019-09-20T10:12:53+00:00","breadcrumb":{"@id":"https:\/\/www.gidaperakendecileri.org\/?page_id=553#breadcrumb"},"inLanguage":"en-US","potentialAction":[{"@type":"ReadAction","target":["https:\/\/www.gidaperakendecileri.org\/?page_id=553"]}]},{"@type":"ImageObject","inLanguage":"en-US","@id":"https:\/\/www.gidaperakendecileri.org\/?page_id=553#primaryimage","url":"https:\/\/www.gidaperakendecileri.org\/wp-content\/uploads\/2019\/07\/calisma-gruplari.jpg","contentUrl":"https:\/\/www.gidaperakendecileri.org\/wp-content\/uploads\/2019\/07\/calisma-gruplari.jpg"},{"@type":"BreadcrumbList","@id":"https:\/\/www.gidaperakendecileri.org\/?page_id=553#breadcrumb","itemListElement":[{"@type":"ListItem","position":1,"name":"Home","item":"https:\/\/www.gidaperakendecileri.org\/"},{"@type":"ListItem","position":2,"name":"\u00c7al\u0131\u015fma Gruplar\u0131"}]},{"@type":"WebSite","@id":"https:\/\/www.gidaperakendecileri.org\/#website","url":"https:\/\/www.gidaperakendecileri.org\/","name":"GPD","description":"G\u0131da Perakendecileri Derne\u011fi","potentialAction":[{"@type":"SearchAction","target":{"@type":"EntryPoint","urlTemplate":"https:\/\/www.gidaperakendecileri.org\/?s={search_term_string}"},"query-input":{"@type":"PropertyValueSpecification","valueRequired":true,"valueName":"search_term_string"}}],"inLanguage":"en-US"}]}},"_links":{"self":[{"href":"https:\/\/www.gidaperakendecileri.org\/index.php?rest_route=\/wp\/v2\/pages\/553","targetHints":{"allow":["GET"]}}],"collection":[{"href":"https:\/\/www.gidaperakendecileri.org\/index.php?rest_route=\/wp\/v2\/pages"}],"about":[{"href":"https:\/\/www.gidaperakendecileri.org\/index.php?rest_route=\/wp\/v2\/types\/page"}],"author":[{"embeddable":true,"href":"https:\/\/www.gidaperakendecileri.org\/index.php?rest_route=\/wp\/v2\/users\/1"}],"replies":[{"embeddable":true,"href":"https:\/\/www.gidaperakendecileri.org\/index.php?rest_route=%2Fwp%2Fv2%2Fcomments&post=553"}],"version-history":[{"count":3,"href":"https:\/\/www.gidaperakendecileri.org\/index.php?rest_route=\/wp\/v2\/pages\/553\/revisions"}],"predecessor-version":[{"id":1175,"href":"https:\/\/www.gidaperakendecileri.org\/index.php?rest_route=\/wp\/v2\/pages\/553\/revisions\/1175"}],"wp:attachment":[{"href":"https:\/\/www.gidaperakendecileri.org\/index.php?rest_route=%2Fwp%2Fv2%2Fmedia&parent=553"}],"curies":[{"name":"wp","href":"https:\/\/api.w.org\/{rel}","templated":true}]}}