{"id":544,"date":"2019-07-26T13:24:38","date_gmt":"2019-07-26T13:24:38","guid":{"rendered":"https:\/\/new.gidaperakendecileri.org\/?page_id=544"},"modified":"2025-12-19T12:30:25","modified_gmt":"2025-12-19T12:30:25","slug":"yonetim-kurulu-2","status":"publish","type":"page","link":"https:\/\/www.gidaperakendecileri.org\/?page_id=544","title":{"rendered":"Y\u00f6netim Kurulu"},"content":{"rendered":"\t\t<div data-elementor-type=\"wp-post\" data-elementor-id=\"544\" class=\"elementor elementor-544\">\n\t\t\t\t\t\t<section class=\"elementor-section elementor-top-section elementor-element elementor-element-72419c1 elementor-section-boxed elementor-section-height-default elementor-section-height-default\" data-id=\"72419c1\" data-element_type=\"section\">\n\t\t\t\t\t\t<div class=\"elementor-container elementor-column-gap-default\">\n\t\t\t\t\t<div class=\"elementor-column elementor-col-100 elementor-top-column elementor-element elementor-element-11e519b\" data-id=\"11e519b\" data-element_type=\"column\">\n\t\t\t<div class=\"elementor-widget-wrap elementor-element-populated\">\n\t\t\t\t\t\t<div class=\"elementor-element elementor-element-6eee5c1 elementor-widget elementor-widget-image\" data-id=\"6eee5c1\" data-element_type=\"widget\" data-widget_type=\"image.default\">\n\t\t\t\t<div class=\"elementor-widget-container\">\n\t\t\t\t\t\t\t\t\t\t\t\t\t\t\t<img fetchpriority=\"high\" decoding=\"async\" width=\"2002\" height=\"1335\" src=\"https:\/\/www.gidaperakendecileri.org\/wp-content\/uploads\/2025\/02\/Gpd-yonetim-2025.jpg\" class=\"attachment-full size-full wp-image-7000\" alt=\"\" srcset=\"https:\/\/www.gidaperakendecileri.org\/wp-content\/uploads\/2025\/02\/Gpd-yonetim-2025.jpg 2002w, https:\/\/www.gidaperakendecileri.org\/wp-content\/uploads\/2025\/02\/Gpd-yonetim-2025-300x200.jpg 300w, https:\/\/www.gidaperakendecileri.org\/wp-content\/uploads\/2025\/02\/Gpd-yonetim-2025-1024x683.jpg 1024w, https:\/\/www.gidaperakendecileri.org\/wp-content\/uploads\/2025\/02\/Gpd-yonetim-2025-768x512.jpg 768w, https:\/\/www.gidaperakendecileri.org\/wp-content\/uploads\/2025\/02\/Gpd-yonetim-2025-1536x1024.jpg 1536w, https:\/\/www.gidaperakendecileri.org\/wp-content\/uploads\/2025\/02\/Gpd-yonetim-2025-630x420.jpg 630w, https:\/\/www.gidaperakendecileri.org\/wp-content\/uploads\/2025\/02\/Gpd-yonetim-2025-696x464.jpg 696w, https:\/\/www.gidaperakendecileri.org\/wp-content\/uploads\/2025\/02\/Gpd-yonetim-2025-1068x712.jpg 1068w, https:\/\/www.gidaperakendecileri.org\/wp-content\/uploads\/2025\/02\/Gpd-yonetim-2025-320x213.jpg 320w, https:\/\/www.gidaperakendecileri.org\/wp-content\/uploads\/2025\/02\/Gpd-yonetim-2025-480x320.jpg 480w, https:\/\/www.gidaperakendecileri.org\/wp-content\/uploads\/2025\/02\/Gpd-yonetim-2025-800x533.jpg 800w\" sizes=\"(max-width: 2002px) 100vw, 2002px\" \/>\t\t\t\t\t\t\t\t\t\t\t\t\t\t\t<\/div>\n\t\t\t\t<\/div>\n\t\t\t\t<div class=\"elementor-element elementor-element-a0e1d7b elementor-widget elementor-widget-text-editor\" data-id=\"a0e1d7b\" data-element_type=\"widget\" data-widget_type=\"text-editor.default\">\n\t\t\t\t<div class=\"elementor-widget-container\">\n\t\t\t\t\t\t\t\t\t<p><span style=\"color: #000000;\"><strong>Y\u00f6netim Kurulu Ba\u015fkan\u0131<\/strong><br \/>Alp \u00d6nder \u00d6zpamuk\u00e7u &#8211; <strong>G\u00fcrAta<\/strong><\/span><\/p><p><strong><span style=\"color: #000000;\">Y\u00f6netim Kurulu Ba\u015fkan Yard\u0131mc\u0131s\u0131<\/span><\/strong><br \/><span style=\"color: #000000;\">\u00d6mer \u00d6zg\u00fcr Tort &#8211; <strong>Migros<\/strong><\/span><\/p><p><strong><span style=\"color: #000000;\">Y\u00f6netim Kurulu Ba\u015fkan Yard\u0131mc\u0131s\u0131<\/span><\/strong><br \/><span style=\"color: #000000;\">Ahmet \u015e\u00fckr\u00fc Yan\u0131ko\u011flu &#8211; <strong>Caffe Nero<\/strong><\/span><\/p><p><strong><span style=\"color: #000000;\">Y\u00f6netim Kurulu Ba\u015fkan Yard\u0131mc\u0131s\u0131<\/span><\/strong><br \/><span style=\"color: #000000;\">Merter \u00d6zay &#8211;<strong> \u00d6zay Hukuk<\/strong><\/span><\/p><p><strong><span style=\"color: #000000;\">Y\u00f6netim Kurulu \u00dcyeleri:<\/span><\/strong><br \/><span style=\"color: #000000;\">Ahmet Olcay Sunucu &#8211; <strong>Paleks<\/strong><\/span><\/p><p><span style=\"color: #000000;\">Bahad\u0131r \u00d6zbek &#8211; <strong>Shaya<\/strong><\/span><\/p><p><span style=\"color: #000000;\">Banu Ar\u0131duru &#8211; <strong>\u00c7elebi G\u0131da<\/strong><\/span><\/p><p><span style=\"color: #000000;\">Bora Volkan Mumcu &#8211; <strong>Tavuk D\u00fcnyas\u0131<\/strong><\/span><\/p><p><span style=\"color: #000000;\">Burak Deniz &#8211; <strong>Tchibo<\/strong><\/span><\/p><p><span style=\"color: #000000;\">Didem \u015eekerel Erdo\u011fan &#8211; <strong>NielsenIQ<\/strong><\/span><\/p><p><span style=\"color: #000000;\">Erdal T\u00fcfek\u00e7i &#8211; <strong>Onur Market<\/strong><\/span><\/p><p><span style=\"color: #000000;\">Esra G\u00fcven &#8211; <strong>\u00dc\u00c7GE<\/strong><\/span><\/p><p><span style=\"color: #000000;\">Haluk Dortluo\u011flu &#8211; <strong>B\u0130M<\/strong><\/span><\/p><p><span style=\"color: #000000;\">Hamit Baykal &#8211; <strong>Metro<\/strong><\/span><\/p><p><span style=\"color: #000000;\">H\u0131d\u0131r Murat Keklik &#8211; <strong>Detay HMK<\/strong><\/span><\/p><p><span style=\"color: #000000;\">Kutay Kartall\u0131o\u011flu &#8211; <strong>Carrefour<\/strong><\/span><\/p><p><span style=\"color: #000000;\">Mehmet Haluk Alpay &#8211; <strong>Obase<\/strong><\/span><\/p><p><span style=\"color: #000000;\">Mert Baki &#8211; <strong>Yemek Sepeti<\/strong><\/span><\/p><p><span style=\"color: #000000;\">\u00d6zg\u00fcr \u00c7etinkaya &#8211; <strong>TAB G\u0131da<\/strong><\/span><\/p><p><span style=\"color: #000000;\">\u0130smail Evren Aky\u00fcrek &#8211; <strong>Hakmar Ma\u011fazac\u0131l\u0131k<\/strong><\/span><\/p><p><span style=\"color: #000000;\">Serta\u00e7 Hamza &#8211; <strong>McDonalds<\/strong><\/span><\/p><p><span style=\"color: #000000;\">Seymen Serint\u00fcrk &#8211; <strong>IFCO<\/strong><\/span><\/p><p><span style=\"color: #000000;\">Talat Olgay &#8211; <strong>A101<\/strong><\/span><\/p><p><strong><span style=\"color: #000000;\">Denetim Kurulu \u00dcyeleri:<\/span><\/strong><br \/><span style=\"color: #000000;\">Aytekin Keskin &#8211; <strong>\u00d6zdilek<\/strong><\/span><\/p><p><span style=\"color: #000000;\">Birol Alt\u0131nk\u0131l\u0131\u00e7 &#8211; <strong>Kahve D\u00fcnyas\u0131<\/strong><\/span><\/p><p><span style=\"color: #000000;\">Elif Bilgehan M\u00fcft\u00fco\u011flu &#8211; <strong>GS1 T\u00fcrkiye Vakf\u0131<\/strong><\/span><\/p><p><span style=\"color: #000000;\">Kaan \u00dcnver<\/span><\/p><p><span style=\"color: #000000;\">Kamuran Memi\u015f &#8211; <strong>Makbul Kuruyemi\u015f<\/strong><\/span><\/p><p><span style=\"color: #000000;\">Serhat Eny\u00fcce &#8211; <strong>Chep<\/strong><\/span><\/p>\t\t\t\t\t\t\t\t<\/div>\n\t\t\t\t<\/div>\n\t\t\t\t\t<\/div>\n\t\t<\/div>\n\t\t\t\t\t<\/div>\n\t\t<\/section>\n\t\t\t\t<\/div>\n\t\t","protected":false},"excerpt":{"rendered":"<p>Y\u00f6netim Kurulu Ba\u015fkan\u0131 Alp \u00d6nder \u00d6zpamuk\u00e7u &#8211; G\u00fcrAta Y\u00f6netim Kurulu Ba\u015fkan Yard\u0131mc\u0131s\u0131 \u00d6mer \u00d6zg\u00fcr Tort &#8211; Migros Y\u00f6netim Kurulu Ba\u015fkan Yard\u0131mc\u0131s\u0131 Ahmet \u015e\u00fckr\u00fc Yan\u0131ko\u011flu &#8211; Caffe Nero Y\u00f6netim Kurulu Ba\u015fkan Yard\u0131mc\u0131s\u0131 Merter \u00d6zay &#8211; \u00d6zay Hukuk Y\u00f6netim Kurulu \u00dcyeleri: Ahmet Olcay Sunucu &#8211; Paleks Bahad\u0131r \u00d6zbek &#8211; Shaya Banu Ar\u0131duru &#8211; \u00c7elebi G\u0131da Bora Volkan [&hellip;]<\/p>\n","protected":false},"author":1,"featured_media":7000,"parent":0,"menu_order":0,"comment_status":"closed","ping_status":"closed","template":"","meta":{"_monsterinsights_skip_tracking":false,"_monsterinsights_sitenote_active":false,"_monsterinsights_sitenote_note":"","_monsterinsights_sitenote_category":0,"footnotes":""},"class_list":["post-544","page","type-page","status-publish","has-post-thumbnail"],"featured_image_src":"https:\/\/www.gidaperakendecileri.org\/wp-content\/uploads\/2025\/02\/Gpd-yonetim-2025.jpg","yoast_head":"<!-- This site is optimized with the Yoast SEO plugin v26.7 - https:\/\/yoast.com\/wordpress\/plugins\/seo\/ -->\n<title>Y\u00f6netim Kurulu - GPD<\/title>\n<meta name=\"description\" content=\"G\u0131da Perakendecileri Derne\u011fi 2025-2027 D\u00f6nemi Y\u00f6netim Kurulu ve Denetim Kurulu\" \/>\n<meta name=\"robots\" content=\"index, follow, max-snippet:-1, max-image-preview:large, max-video-preview:-1\" \/>\n<link rel=\"canonical\" href=\"https:\/\/www.gidaperakendecileri.org\/?page_id=544\" \/>\n<meta property=\"og:locale\" content=\"en_US\" \/>\n<meta property=\"og:type\" content=\"article\" \/>\n<meta property=\"og:title\" content=\"Y\u00f6netim Kurulu - GPD\" \/>\n<meta property=\"og:description\" content=\"G\u0131da Perakendecileri Derne\u011fi 2025-2027 D\u00f6nemi Y\u00f6netim Kurulu ve Denetim Kurulu\" \/>\n<meta property=\"og:url\" content=\"https:\/\/www.gidaperakendecileri.org\/?page_id=544\" \/>\n<meta property=\"og:site_name\" content=\"GPD\" \/>\n<meta property=\"article:modified_time\" content=\"2025-12-19T12:30:25+00:00\" \/>\n<meta property=\"og:image\" content=\"http:\/\/www.gidaperakendecileri.org\/wp-content\/uploads\/2025\/02\/Gpd-yonetim-2025.jpg\" \/>\n\t<meta property=\"og:image:width\" content=\"2002\" \/>\n\t<meta property=\"og:image:height\" content=\"1335\" \/>\n\t<meta property=\"og:image:type\" content=\"image\/jpeg\" \/>\n<meta name=\"twitter:card\" content=\"summary_large_image\" \/>\n<meta name=\"twitter:label1\" content=\"Est. reading time\" \/>\n\t<meta name=\"twitter:data1\" content=\"1 minute\" \/>\n<script type=\"application\/ld+json\" class=\"yoast-schema-graph\">{\"@context\":\"https:\/\/schema.org\",\"@graph\":[{\"@type\":\"WebPage\",\"@id\":\"https:\/\/www.gidaperakendecileri.org\/?page_id=544\",\"url\":\"https:\/\/www.gidaperakendecileri.org\/?page_id=544\",\"name\":\"Y\u00f6netim Kurulu - GPD\",\"isPartOf\":{\"@id\":\"https:\/\/www.gidaperakendecileri.org\/#website\"},\"primaryImageOfPage\":{\"@id\":\"https:\/\/www.gidaperakendecileri.org\/?page_id=544#primaryimage\"},\"image\":{\"@id\":\"https:\/\/www.gidaperakendecileri.org\/?page_id=544#primaryimage\"},\"thumbnailUrl\":\"https:\/\/www.gidaperakendecileri.org\/wp-content\/uploads\/2025\/02\/Gpd-yonetim-2025.jpg\",\"datePublished\":\"2019-07-26T13:24:38+00:00\",\"dateModified\":\"2025-12-19T12:30:25+00:00\",\"description\":\"G\u0131da Perakendecileri Derne\u011fi 2025-2027 D\u00f6nemi Y\u00f6netim Kurulu ve Denetim Kurulu\",\"breadcrumb\":{\"@id\":\"https:\/\/www.gidaperakendecileri.org\/?page_id=544#breadcrumb\"},\"inLanguage\":\"en-US\",\"potentialAction\":[{\"@type\":\"ReadAction\",\"target\":[\"https:\/\/www.gidaperakendecileri.org\/?page_id=544\"]}]},{\"@type\":\"ImageObject\",\"inLanguage\":\"en-US\",\"@id\":\"https:\/\/www.gidaperakendecileri.org\/?page_id=544#primaryimage\",\"url\":\"https:\/\/www.gidaperakendecileri.org\/wp-content\/uploads\/2025\/02\/Gpd-yonetim-2025.jpg\",\"contentUrl\":\"https:\/\/www.gidaperakendecileri.org\/wp-content\/uploads\/2025\/02\/Gpd-yonetim-2025.jpg\",\"width\":2002,\"height\":1335},{\"@type\":\"BreadcrumbList\",\"@id\":\"https:\/\/www.gidaperakendecileri.org\/?page_id=544#breadcrumb\",\"itemListElement\":[{\"@type\":\"ListItem\",\"position\":1,\"name\":\"Home\",\"item\":\"https:\/\/www.gidaperakendecileri.org\/\"},{\"@type\":\"ListItem\",\"position\":2,\"name\":\"Y\u00f6netim Kurulu\"}]},{\"@type\":\"WebSite\",\"@id\":\"https:\/\/www.gidaperakendecileri.org\/#website\",\"url\":\"https:\/\/www.gidaperakendecileri.org\/\",\"name\":\"GPD\",\"description\":\"G\u0131da Perakendecileri Derne\u011fi\",\"potentialAction\":[{\"@type\":\"SearchAction\",\"target\":{\"@type\":\"EntryPoint\",\"urlTemplate\":\"https:\/\/www.gidaperakendecileri.org\/?s={search_term_string}\"},\"query-input\":{\"@type\":\"PropertyValueSpecification\",\"valueRequired\":true,\"valueName\":\"search_term_string\"}}],\"inLanguage\":\"en-US\"}]}<\/script>\n<!-- \/ Yoast SEO plugin. -->","yoast_head_json":{"title":"Y\u00f6netim Kurulu - GPD","description":"G\u0131da Perakendecileri Derne\u011fi 2025-2027 D\u00f6nemi Y\u00f6netim Kurulu ve Denetim Kurulu","robots":{"index":"index","follow":"follow","max-snippet":"max-snippet:-1","max-image-preview":"max-image-preview:large","max-video-preview":"max-video-preview:-1"},"canonical":"https:\/\/www.gidaperakendecileri.org\/?page_id=544","og_locale":"en_US","og_type":"article","og_title":"Y\u00f6netim Kurulu - GPD","og_description":"G\u0131da Perakendecileri Derne\u011fi 2025-2027 D\u00f6nemi Y\u00f6netim Kurulu ve Denetim Kurulu","og_url":"https:\/\/www.gidaperakendecileri.org\/?page_id=544","og_site_name":"GPD","article_modified_time":"2025-12-19T12:30:25+00:00","og_image":[{"width":2002,"height":1335,"url":"http:\/\/www.gidaperakendecileri.org\/wp-content\/uploads\/2025\/02\/Gpd-yonetim-2025.jpg","type":"image\/jpeg"}],"twitter_card":"summary_large_image","twitter_misc":{"Est. reading time":"1 minute"},"schema":{"@context":"https:\/\/schema.org","@graph":[{"@type":"WebPage","@id":"https:\/\/www.gidaperakendecileri.org\/?page_id=544","url":"https:\/\/www.gidaperakendecileri.org\/?page_id=544","name":"Y\u00f6netim Kurulu - GPD","isPartOf":{"@id":"https:\/\/www.gidaperakendecileri.org\/#website"},"primaryImageOfPage":{"@id":"https:\/\/www.gidaperakendecileri.org\/?page_id=544#primaryimage"},"image":{"@id":"https:\/\/www.gidaperakendecileri.org\/?page_id=544#primaryimage"},"thumbnailUrl":"https:\/\/www.gidaperakendecileri.org\/wp-content\/uploads\/2025\/02\/Gpd-yonetim-2025.jpg","datePublished":"2019-07-26T13:24:38+00:00","dateModified":"2025-12-19T12:30:25+00:00","description":"G\u0131da Perakendecileri Derne\u011fi 2025-2027 D\u00f6nemi Y\u00f6netim Kurulu ve Denetim Kurulu","breadcrumb":{"@id":"https:\/\/www.gidaperakendecileri.org\/?page_id=544#breadcrumb"},"inLanguage":"en-US","potentialAction":[{"@type":"ReadAction","target":["https:\/\/www.gidaperakendecileri.org\/?page_id=544"]}]},{"@type":"ImageObject","inLanguage":"en-US","@id":"https:\/\/www.gidaperakendecileri.org\/?page_id=544#primaryimage","url":"https:\/\/www.gidaperakendecileri.org\/wp-content\/uploads\/2025\/02\/Gpd-yonetim-2025.jpg","contentUrl":"https:\/\/www.gidaperakendecileri.org\/wp-content\/uploads\/2025\/02\/Gpd-yonetim-2025.jpg","width":2002,"height":1335},{"@type":"BreadcrumbList","@id":"https:\/\/www.gidaperakendecileri.org\/?page_id=544#breadcrumb","itemListElement":[{"@type":"ListItem","position":1,"name":"Home","item":"https:\/\/www.gidaperakendecileri.org\/"},{"@type":"ListItem","position":2,"name":"Y\u00f6netim Kurulu"}]},{"@type":"WebSite","@id":"https:\/\/www.gidaperakendecileri.org\/#website","url":"https:\/\/www.gidaperakendecileri.org\/","name":"GPD","description":"G\u0131da Perakendecileri Derne\u011fi","potentialAction":[{"@type":"SearchAction","target":{"@type":"EntryPoint","urlTemplate":"https:\/\/www.gidaperakendecileri.org\/?s={search_term_string}"},"query-input":{"@type":"PropertyValueSpecification","valueRequired":true,"valueName":"search_term_string"}}],"inLanguage":"en-US"}]}},"_links":{"self":[{"href":"https:\/\/www.gidaperakendecileri.org\/index.php?rest_route=\/wp\/v2\/pages\/544","targetHints":{"allow":["GET"]}}],"collection":[{"href":"https:\/\/www.gidaperakendecileri.org\/index.php?rest_route=\/wp\/v2\/pages"}],"about":[{"href":"https:\/\/www.gidaperakendecileri.org\/index.php?rest_route=\/wp\/v2\/types\/page"}],"author":[{"embeddable":true,"href":"https:\/\/www.gidaperakendecileri.org\/index.php?rest_route=\/wp\/v2\/users\/1"}],"replies":[{"embeddable":true,"href":"https:\/\/www.gidaperakendecileri.org\/index.php?rest_route=%2Fwp%2Fv2%2Fcomments&post=544"}],"version-history":[{"count":72,"href":"https:\/\/www.gidaperakendecileri.org\/index.php?rest_route=\/wp\/v2\/pages\/544\/revisions"}],"predecessor-version":[{"id":7581,"href":"https:\/\/www.gidaperakendecileri.org\/index.php?rest_route=\/wp\/v2\/pages\/544\/revisions\/7581"}],"wp:featuredmedia":[{"embeddable":true,"href":"https:\/\/www.gidaperakendecileri.org\/index.php?rest_route=\/wp\/v2\/media\/7000"}],"wp:attachment":[{"href":"https:\/\/www.gidaperakendecileri.org\/index.php?rest_route=%2Fwp%2Fv2%2Fmedia&parent=544"}],"curies":[{"name":"wp","href":"https:\/\/api.w.org\/{rel}","templated":true}]}}