{"id":4285,"date":"2021-11-02T06:27:09","date_gmt":"2021-11-02T06:27:09","guid":{"rendered":"https:\/\/www.gidaperakendecileri.org\/?page_id=4285"},"modified":"2022-08-22T12:19:54","modified_gmt":"2022-08-22T12:19:54","slug":"1-kasim-2021-tanitim-sorumlusu-seviye-4-ulusal-yeterlilik","status":"publish","type":"page","link":"https:\/\/www.gidaperakendecileri.org\/?page_id=4285","title":{"rendered":"1 Kas\u0131m 2021 &#8211; Tan\u0131t\u0131m Sorumlusu (Seviye 4) Ulusal Yeterlilik"},"content":{"rendered":"\t\t<div data-elementor-type=\"wp-page\" data-elementor-id=\"4285\" class=\"elementor elementor-4285\">\n\t\t\t\t\t\t<section class=\"elementor-section elementor-top-section elementor-element elementor-element-da868be elementor-section-boxed elementor-section-height-default elementor-section-height-default\" data-id=\"da868be\" data-element_type=\"section\">\n\t\t\t\t\t\t<div class=\"elementor-container elementor-column-gap-default\">\n\t\t\t\t\t<div class=\"elementor-column elementor-col-100 elementor-top-column elementor-element elementor-element-5aaa5c0\" data-id=\"5aaa5c0\" data-element_type=\"column\">\n\t\t\t<div class=\"elementor-widget-wrap elementor-element-populated\">\n\t\t\t\t\t\t<div class=\"elementor-element elementor-element-ed2272d elementor-widget elementor-widget-image\" data-id=\"ed2272d\" data-element_type=\"widget\" data-widget_type=\"image.default\">\n\t\t\t\t<div class=\"elementor-widget-container\">\n\t\t\t\t\t\t\t\t\t\t\t\t\t\t\t<img fetchpriority=\"high\" decoding=\"async\" width=\"1181\" height=\"684\" src=\"https:\/\/www.gidaperakendecileri.org\/wp-content\/uploads\/2021\/11\/tanitim-sorumlusu-seviye4.jpg\" class=\"attachment-full size-full wp-image-4324\" alt=\"\" srcset=\"https:\/\/www.gidaperakendecileri.org\/wp-content\/uploads\/2021\/11\/tanitim-sorumlusu-seviye4.jpg 1181w, https:\/\/www.gidaperakendecileri.org\/wp-content\/uploads\/2021\/11\/tanitim-sorumlusu-seviye4-300x174.jpg 300w, https:\/\/www.gidaperakendecileri.org\/wp-content\/uploads\/2021\/11\/tanitim-sorumlusu-seviye4-1024x593.jpg 1024w, https:\/\/www.gidaperakendecileri.org\/wp-content\/uploads\/2021\/11\/tanitim-sorumlusu-seviye4-768x445.jpg 768w, https:\/\/www.gidaperakendecileri.org\/wp-content\/uploads\/2021\/11\/tanitim-sorumlusu-seviye4-696x403.jpg 696w, https:\/\/www.gidaperakendecileri.org\/wp-content\/uploads\/2021\/11\/tanitim-sorumlusu-seviye4-1068x619.jpg 1068w, https:\/\/www.gidaperakendecileri.org\/wp-content\/uploads\/2021\/11\/tanitim-sorumlusu-seviye4-725x420.jpg 725w\" sizes=\"(max-width: 1181px) 100vw, 1181px\" \/>\t\t\t\t\t\t\t\t\t\t\t\t\t\t\t<\/div>\n\t\t\t\t<\/div>\n\t\t\t\t\t<\/div>\n\t\t<\/div>\n\t\t\t\t\t<\/div>\n\t\t<\/section>\n\t\t\t\t<section class=\"elementor-section elementor-top-section elementor-element elementor-element-ef8312b elementor-section-boxed elementor-section-height-default elementor-section-height-default\" data-id=\"ef8312b\" data-element_type=\"section\">\n\t\t\t\t\t\t<div class=\"elementor-container elementor-column-gap-default\">\n\t\t\t\t\t<div class=\"elementor-column elementor-col-100 elementor-top-column elementor-element elementor-element-343665e\" data-id=\"343665e\" data-element_type=\"column\">\n\t\t\t<div class=\"elementor-widget-wrap elementor-element-populated\">\n\t\t\t\t\t\t<div class=\"elementor-element elementor-element-46b5653 elementor-widget elementor-widget-heading\" data-id=\"46b5653\" data-element_type=\"widget\" data-widget_type=\"heading.default\">\n\t\t\t\t<div class=\"elementor-widget-container\">\n\t\t\t\t\t<h2 class=\"elementor-heading-title elementor-size-xl\">Tan\u0131t\u0131m Sorumlusu (Seviye 4) Ulusal Yeterlilik<\/h2>\t\t\t\t<\/div>\n\t\t\t\t<\/div>\n\t\t\t\t<div class=\"elementor-element elementor-element-d855d9c elementor-view-default elementor-widget elementor-widget-icon\" data-id=\"d855d9c\" data-element_type=\"widget\" data-widget_type=\"icon.default\">\n\t\t\t\t<div class=\"elementor-widget-container\">\n\t\t\t\t\t\t\t<div class=\"elementor-icon-wrapper\">\n\t\t\t<div class=\"elementor-icon\">\n\t\t\t<i aria-hidden=\"true\" class=\"fas fa-user\"><\/i>\t\t\t<\/div>\n\t\t<\/div>\n\t\t\t\t\t\t<\/div>\n\t\t\t\t<\/div>\n\t\t\t\t\t<\/div>\n\t\t<\/div>\n\t\t\t\t\t<\/div>\n\t\t<\/section>\n\t\t\t\t<section class=\"elementor-section elementor-top-section elementor-element elementor-element-e6268c5 elementor-section-boxed elementor-section-height-default elementor-section-height-default\" data-id=\"e6268c5\" data-element_type=\"section\">\n\t\t\t\t\t\t<div class=\"elementor-container elementor-column-gap-default\">\n\t\t\t\t\t<div class=\"elementor-column elementor-col-100 elementor-top-column elementor-element elementor-element-955c2f7\" data-id=\"955c2f7\" data-element_type=\"column\">\n\t\t\t<div class=\"elementor-widget-wrap elementor-element-populated\">\n\t\t\t\t\t\t<div class=\"elementor-element elementor-element-3146408 elementor-widget elementor-widget-text-editor\" data-id=\"3146408\" data-element_type=\"widget\" data-widget_type=\"text-editor.default\">\n\t\t\t\t<div class=\"elementor-widget-container\">\n\t\t\t\t\t\t\t\t\t<p style=\"text-align: center;\"><span style=\"color: #000000;\">G\u0131da Perakendecileri Derne\u011fi olarak, \u201cVOC-Test Merkezleri-III Hibe Program\u0131\u201d kapsam\u0131nda Ticaret Sekt\u00f6r\u00fcnde \u201cGPD VOC-Test Merkezi Projesi\u201d ile hibe almaya hak kazanm\u0131\u015f ve MYK ile GPD aras\u0131nda \u201cUlusal Yeterlilik Haz\u0131rlama \u0130\u015fbirli\u011fi Protokol\u00fc\u201d imzalanm\u0131\u015ft\u0131r. \u0130mzalanan protokol ile ulusal yeterlilik haz\u0131rlama s\u00fcreci ba\u015flam\u0131\u015ft\u0131r.<\/span><\/p><p style=\"text-align: center;\"><span style=\"color: #000000;\">A\u015fa\u011f\u0131da g\u00f6r\u00fc\u015flerinize sundu\u011fumuz Tan\u0131t\u0131m Sorumlusu (Seviye 4) Ulusal Yeterlilik Tasla\u011f\u0131 hakk\u0131ndaki \u00f6neri ve\/veya g\u00f6r\u00fc\u015flerinizi yine a\u015fa\u011f\u0131daki <strong>G\u00f6r\u00fc\u015f ve De\u011ferlendirme Formunu<\/strong> kullanarak, 19 Kas\u0131m 2021 tarihine kadar <strong>bas\u0131l\u0131 olarak posta ile veya dijital formda e-posta olarak GPD\u2019nin a\u015fa\u011f\u0131daki adresine bildirmenizi rica ederiz.<\/strong><\/span><\/p><p class=\"p1\" style=\"text-align: center;\"><span style=\"color: #000000;\">Ayazmadere Cad. No:12 Ak\u015fit Plaza Kat 7<\/span><br \/><span style=\"color: #000000;\">Dikilita\u015f Be\u015fikta\u015f \u2013 \u0130stanbul<\/span><br \/><span style=\"color: #000000;\"><strong>T.\u00a0<\/strong>0 532 336 75 61<\/span><br \/><span style=\"color: #000000;\"><strong>T.<\/strong>\u00a00212 227 85 42-52-62\u00a0<strong>F.<\/strong>\u00a00212 227 85 35<\/span><br \/><span class=\"s2\" style=\"color: #000000;\"><strong>E-posta:<\/strong>\u00a0<a style=\"color: #000000;\" href=\"mailto:fdereci@gidaperakendecileri.org\"><span class=\"s1\">fdereci@gidaperakendecileri.org<\/span><\/a><\/span><\/p>\t\t\t\t\t\t\t\t<\/div>\n\t\t\t\t<\/div>\n\t\t\t\t\t<\/div>\n\t\t<\/div>\n\t\t\t\t\t<\/div>\n\t\t<\/section>\n\t\t\t\t<section class=\"elementor-section elementor-top-section elementor-element elementor-element-3175b60 elementor-section-boxed elementor-section-height-default elementor-section-height-default\" data-id=\"3175b60\" data-element_type=\"section\">\n\t\t\t\t\t\t<div class=\"elementor-container elementor-column-gap-default\">\n\t\t\t\t\t<div class=\"elementor-column elementor-col-100 elementor-top-column elementor-element elementor-element-7720845\" data-id=\"7720845\" data-element_type=\"column\">\n\t\t\t<div class=\"elementor-widget-wrap elementor-element-populated\">\n\t\t\t\t\t\t<div class=\"elementor-element elementor-element-9dd44db elementor-widget elementor-widget-heading\" data-id=\"9dd44db\" data-element_type=\"widget\" data-widget_type=\"heading.default\">\n\t\t\t\t<div class=\"elementor-widget-container\">\n\t\t\t\t\t<h2 class=\"elementor-heading-title elementor-size-default\"><a href=\"https:\/\/www.gidaperakendecileri.org\/wp-content\/uploads\/2021\/11\/Tanitim-Sorumlusu-Seviye-4-UY_25.10.2021.pdf\" target=\"_blank\">Tan\u0131t\u0131m Sorumlusu (Seviye 4) Ulusal Yeterlilik<\/a><\/h2>\t\t\t\t<\/div>\n\t\t\t\t<\/div>\n\t\t\t\t<div class=\"elementor-element elementor-element-a418c69 elementor-align-center elementor-widget elementor-widget-button\" data-id=\"a418c69\" data-element_type=\"widget\" data-widget_type=\"button.default\">\n\t\t\t\t<div class=\"elementor-widget-container\">\n\t\t\t\t\t\t\t\t\t<div class=\"elementor-button-wrapper\">\n\t\t\t\t\t<a class=\"elementor-button elementor-button-link elementor-size-md\" href=\"https:\/\/www.gidaperakendecileri.org\/wp-content\/uploads\/2021\/11\/Tanitim-Sorumlusu-Seviye-4-UY_25.10.2021.pdf\" target=\"_blank\">\n\t\t\t\t\t\t<span class=\"elementor-button-content-wrapper\">\n\t\t\t\t\t\t<span class=\"elementor-button-icon\">\n\t\t\t\t<i aria-hidden=\"true\" class=\"far fa-arrow-alt-circle-down\"><\/i>\t\t\t<\/span>\n\t\t\t\t\t\t\t\t\t<span class=\"elementor-button-text\">\u0130ND\u0130R<\/span>\n\t\t\t\t\t<\/span>\n\t\t\t\t\t<\/a>\n\t\t\t\t<\/div>\n\t\t\t\t\t\t\t\t<\/div>\n\t\t\t\t<\/div>\n\t\t\t\t\t<\/div>\n\t\t<\/div>\n\t\t\t\t\t<\/div>\n\t\t<\/section>\n\t\t\t\t<section class=\"elementor-section elementor-top-section elementor-element elementor-element-61d98f5 elementor-section-boxed elementor-section-height-default elementor-section-height-default\" data-id=\"61d98f5\" data-element_type=\"section\">\n\t\t\t\t\t\t<div class=\"elementor-container elementor-column-gap-default\">\n\t\t\t\t\t<div class=\"elementor-column elementor-col-100 elementor-top-column elementor-element elementor-element-0cb7d5b\" data-id=\"0cb7d5b\" data-element_type=\"column\">\n\t\t\t<div class=\"elementor-widget-wrap elementor-element-populated\">\n\t\t\t\t\t\t<div class=\"elementor-element elementor-element-5638567 elementor-widget elementor-widget-heading\" data-id=\"5638567\" data-element_type=\"widget\" data-widget_type=\"heading.default\">\n\t\t\t\t<div class=\"elementor-widget-container\">\n\t\t\t\t\t<h2 class=\"elementor-heading-title elementor-size-default\"><a href=\"https:\/\/www.gidaperakendecileri.org\/wp-content\/uploads\/2021\/11\/Go\u0308ru\u0308s\u0327-ve-Deg\u0306erlendirme-Formu_-Tanitim-Sorumlusu-Seviye-4.doc\" target=\"_blank\">G\u00f6r\u00fc\u015f ve De\u011ferlendirme Formu<\/a><\/h2>\t\t\t\t<\/div>\n\t\t\t\t<\/div>\n\t\t\t\t<div class=\"elementor-element elementor-element-6819906 elementor-align-center elementor-widget elementor-widget-button\" data-id=\"6819906\" data-element_type=\"widget\" data-widget_type=\"button.default\">\n\t\t\t\t<div class=\"elementor-widget-container\">\n\t\t\t\t\t\t\t\t\t<div class=\"elementor-button-wrapper\">\n\t\t\t\t\t<a class=\"elementor-button elementor-button-link elementor-size-md\" href=\"https:\/\/www.gidaperakendecileri.org\/wp-content\/uploads\/2021\/11\/Go\u0308ru\u0308s\u0327-ve-Deg\u0306erlendirme-Formu_-Tanitim-Sorumlusu-Seviye-4.doc\" target=\"_blank\">\n\t\t\t\t\t\t<span class=\"elementor-button-content-wrapper\">\n\t\t\t\t\t\t<span class=\"elementor-button-icon\">\n\t\t\t\t<i aria-hidden=\"true\" class=\"far fa-arrow-alt-circle-down\"><\/i>\t\t\t<\/span>\n\t\t\t\t\t\t\t\t\t<span class=\"elementor-button-text\">\u0130ND\u0130R<\/span>\n\t\t\t\t\t<\/span>\n\t\t\t\t\t<\/a>\n\t\t\t\t<\/div>\n\t\t\t\t\t\t\t\t<\/div>\n\t\t\t\t<\/div>\n\t\t\t\t<div class=\"elementor-element elementor-element-0fbaf82 elementor-widget elementor-widget-spacer\" data-id=\"0fbaf82\" data-element_type=\"widget\" data-widget_type=\"spacer.default\">\n\t\t\t\t<div class=\"elementor-widget-container\">\n\t\t\t\t\t\t\t<div class=\"elementor-spacer\">\n\t\t\t<div class=\"elementor-spacer-inner\"><\/div>\n\t\t<\/div>\n\t\t\t\t\t\t<\/div>\n\t\t\t\t<\/div>\n\t\t\t\t\t<\/div>\n\t\t<\/div>\n\t\t\t\t\t<\/div>\n\t\t<\/section>\n\t\t\t\t<\/div>\n\t\t","protected":false},"excerpt":{"rendered":"<p>Tan\u0131t\u0131m Sorumlusu (Seviye 4) Ulusal Yeterlilik G\u0131da Perakendecileri Derne\u011fi olarak, \u201cVOC-Test Merkezleri-III Hibe Program\u0131\u201d kapsam\u0131nda Ticaret Sekt\u00f6r\u00fcnde \u201cGPD VOC-Test Merkezi Projesi\u201d ile hibe almaya hak kazanm\u0131\u015f ve MYK ile GPD aras\u0131nda \u201cUlusal Yeterlilik Haz\u0131rlama \u0130\u015fbirli\u011fi Protokol\u00fc\u201d imzalanm\u0131\u015ft\u0131r. \u0130mzalanan protokol ile ulusal yeterlilik haz\u0131rlama s\u00fcreci ba\u015flam\u0131\u015ft\u0131r. A\u015fa\u011f\u0131da g\u00f6r\u00fc\u015flerinize sundu\u011fumuz Tan\u0131t\u0131m Sorumlusu (Seviye 4) Ulusal Yeterlilik Tasla\u011f\u0131 [&hellip;]<\/p>\n","protected":false},"author":2,"featured_media":0,"parent":0,"menu_order":0,"comment_status":"closed","ping_status":"closed","template":"","meta":{"_monsterinsights_skip_tracking":false,"_monsterinsights_sitenote_active":false,"_monsterinsights_sitenote_note":"","_monsterinsights_sitenote_category":0,"footnotes":""},"class_list":["post-4285","page","type-page","status-publish"],"featured_image_src":null,"yoast_head":"<!-- This site is optimized with the Yoast SEO plugin v26.7 - https:\/\/yoast.com\/wordpress\/plugins\/seo\/ -->\n<title>1 Kas\u0131m 2021 - Tan\u0131t\u0131m Sorumlusu (Seviye 4) Ulusal Yeterlilik - GPD<\/title>\n<meta name=\"description\" content=\"\u201cUlusal Yeterlilik Haz\u0131rlama \u0130\u015fbirli\u011fi Protokol\u00fc\u201d kapsam\u0131nda Kasiyer (Seviye 3) ve Ma\u011faza Sat\u0131\u015f Alan\u0131 Geli\u015ftirme ve Yerle\u015ftirme Sorumlusu (Seviye 5) Ulusal Meslek Standard\u0131 Revizyon Taslaklar\u0131 yay\u0131nland\u0131.\" \/>\n<meta name=\"robots\" content=\"index, follow, max-snippet:-1, max-image-preview:large, max-video-preview:-1\" \/>\n<link rel=\"canonical\" href=\"https:\/\/www.gidaperakendecileri.org\/?page_id=4285\" \/>\n<meta property=\"og:locale\" content=\"en_US\" \/>\n<meta property=\"og:type\" content=\"article\" \/>\n<meta property=\"og:title\" content=\"1 Kas\u0131m 2021 - Tan\u0131t\u0131m Sorumlusu (Seviye 4) Ulusal Yeterlilik - GPD\" \/>\n<meta property=\"og:description\" content=\"\u201cUlusal Yeterlilik Haz\u0131rlama \u0130\u015fbirli\u011fi Protokol\u00fc\u201d kapsam\u0131nda Kasiyer (Seviye 3) ve Ma\u011faza Sat\u0131\u015f Alan\u0131 Geli\u015ftirme ve Yerle\u015ftirme Sorumlusu (Seviye 5) Ulusal Meslek Standard\u0131 Revizyon Taslaklar\u0131 yay\u0131nland\u0131.\" \/>\n<meta property=\"og:url\" content=\"https:\/\/www.gidaperakendecileri.org\/?page_id=4285\" \/>\n<meta property=\"og:site_name\" content=\"GPD\" \/>\n<meta property=\"article:modified_time\" content=\"2022-08-22T12:19:54+00:00\" \/>\n<meta property=\"og:image\" content=\"https:\/\/www.gidaperakendecileri.org\/wp-content\/uploads\/2021\/11\/tanitim-sorumlusu-seviye4.jpg\" \/>\n<meta name=\"twitter:card\" content=\"summary_large_image\" \/>\n<meta name=\"twitter:label1\" content=\"Est. reading time\" \/>\n\t<meta name=\"twitter:data1\" content=\"1 minute\" \/>\n<script type=\"application\/ld+json\" class=\"yoast-schema-graph\">{\"@context\":\"https:\/\/schema.org\",\"@graph\":[{\"@type\":\"WebPage\",\"@id\":\"https:\/\/www.gidaperakendecileri.org\/?page_id=4285\",\"url\":\"https:\/\/www.gidaperakendecileri.org\/?page_id=4285\",\"name\":\"1 Kas\u0131m 2021 - Tan\u0131t\u0131m Sorumlusu (Seviye 4) Ulusal Yeterlilik - GPD\",\"isPartOf\":{\"@id\":\"https:\/\/www.gidaperakendecileri.org\/#website\"},\"primaryImageOfPage\":{\"@id\":\"https:\/\/www.gidaperakendecileri.org\/?page_id=4285#primaryimage\"},\"image\":{\"@id\":\"https:\/\/www.gidaperakendecileri.org\/?page_id=4285#primaryimage\"},\"thumbnailUrl\":\"https:\/\/www.gidaperakendecileri.org\/wp-content\/uploads\/2021\/11\/tanitim-sorumlusu-seviye4.jpg\",\"datePublished\":\"2021-11-02T06:27:09+00:00\",\"dateModified\":\"2022-08-22T12:19:54+00:00\",\"description\":\"\u201cUlusal Yeterlilik Haz\u0131rlama \u0130\u015fbirli\u011fi Protokol\u00fc\u201d kapsam\u0131nda Kasiyer (Seviye 3) ve Ma\u011faza Sat\u0131\u015f Alan\u0131 Geli\u015ftirme ve Yerle\u015ftirme Sorumlusu (Seviye 5) Ulusal Meslek Standard\u0131 Revizyon Taslaklar\u0131 yay\u0131nland\u0131.\",\"breadcrumb\":{\"@id\":\"https:\/\/www.gidaperakendecileri.org\/?page_id=4285#breadcrumb\"},\"inLanguage\":\"en-US\",\"potentialAction\":[{\"@type\":\"ReadAction\",\"target\":[\"https:\/\/www.gidaperakendecileri.org\/?page_id=4285\"]}]},{\"@type\":\"ImageObject\",\"inLanguage\":\"en-US\",\"@id\":\"https:\/\/www.gidaperakendecileri.org\/?page_id=4285#primaryimage\",\"url\":\"https:\/\/www.gidaperakendecileri.org\/wp-content\/uploads\/2021\/11\/tanitim-sorumlusu-seviye4.jpg\",\"contentUrl\":\"https:\/\/www.gidaperakendecileri.org\/wp-content\/uploads\/2021\/11\/tanitim-sorumlusu-seviye4.jpg\",\"width\":1181,\"height\":684},{\"@type\":\"BreadcrumbList\",\"@id\":\"https:\/\/www.gidaperakendecileri.org\/?page_id=4285#breadcrumb\",\"itemListElement\":[{\"@type\":\"ListItem\",\"position\":1,\"name\":\"Home\",\"item\":\"https:\/\/www.gidaperakendecileri.org\/\"},{\"@type\":\"ListItem\",\"position\":2,\"name\":\"1 Kas\u0131m 2021 &#8211; Tan\u0131t\u0131m Sorumlusu (Seviye 4) Ulusal Yeterlilik\"}]},{\"@type\":\"WebSite\",\"@id\":\"https:\/\/www.gidaperakendecileri.org\/#website\",\"url\":\"https:\/\/www.gidaperakendecileri.org\/\",\"name\":\"GPD\",\"description\":\"G\u0131da Perakendecileri Derne\u011fi\",\"potentialAction\":[{\"@type\":\"SearchAction\",\"target\":{\"@type\":\"EntryPoint\",\"urlTemplate\":\"https:\/\/www.gidaperakendecileri.org\/?s={search_term_string}\"},\"query-input\":{\"@type\":\"PropertyValueSpecification\",\"valueRequired\":true,\"valueName\":\"search_term_string\"}}],\"inLanguage\":\"en-US\"}]}<\/script>\n<!-- \/ Yoast SEO plugin. -->","yoast_head_json":{"title":"1 Kas\u0131m 2021 - Tan\u0131t\u0131m Sorumlusu (Seviye 4) Ulusal Yeterlilik - GPD","description":"\u201cUlusal Yeterlilik Haz\u0131rlama \u0130\u015fbirli\u011fi Protokol\u00fc\u201d kapsam\u0131nda Kasiyer (Seviye 3) ve Ma\u011faza Sat\u0131\u015f Alan\u0131 Geli\u015ftirme ve Yerle\u015ftirme Sorumlusu (Seviye 5) Ulusal Meslek Standard\u0131 Revizyon Taslaklar\u0131 yay\u0131nland\u0131.","robots":{"index":"index","follow":"follow","max-snippet":"max-snippet:-1","max-image-preview":"max-image-preview:large","max-video-preview":"max-video-preview:-1"},"canonical":"https:\/\/www.gidaperakendecileri.org\/?page_id=4285","og_locale":"en_US","og_type":"article","og_title":"1 Kas\u0131m 2021 - Tan\u0131t\u0131m Sorumlusu (Seviye 4) Ulusal Yeterlilik - GPD","og_description":"\u201cUlusal Yeterlilik Haz\u0131rlama \u0130\u015fbirli\u011fi Protokol\u00fc\u201d kapsam\u0131nda Kasiyer (Seviye 3) ve Ma\u011faza Sat\u0131\u015f Alan\u0131 Geli\u015ftirme ve Yerle\u015ftirme Sorumlusu (Seviye 5) Ulusal Meslek Standard\u0131 Revizyon Taslaklar\u0131 yay\u0131nland\u0131.","og_url":"https:\/\/www.gidaperakendecileri.org\/?page_id=4285","og_site_name":"GPD","article_modified_time":"2022-08-22T12:19:54+00:00","og_image":[{"url":"https:\/\/www.gidaperakendecileri.org\/wp-content\/uploads\/2021\/11\/tanitim-sorumlusu-seviye4.jpg","type":"","width":"","height":""}],"twitter_card":"summary_large_image","twitter_misc":{"Est. reading time":"1 minute"},"schema":{"@context":"https:\/\/schema.org","@graph":[{"@type":"WebPage","@id":"https:\/\/www.gidaperakendecileri.org\/?page_id=4285","url":"https:\/\/www.gidaperakendecileri.org\/?page_id=4285","name":"1 Kas\u0131m 2021 - Tan\u0131t\u0131m Sorumlusu (Seviye 4) Ulusal Yeterlilik - GPD","isPartOf":{"@id":"https:\/\/www.gidaperakendecileri.org\/#website"},"primaryImageOfPage":{"@id":"https:\/\/www.gidaperakendecileri.org\/?page_id=4285#primaryimage"},"image":{"@id":"https:\/\/www.gidaperakendecileri.org\/?page_id=4285#primaryimage"},"thumbnailUrl":"https:\/\/www.gidaperakendecileri.org\/wp-content\/uploads\/2021\/11\/tanitim-sorumlusu-seviye4.jpg","datePublished":"2021-11-02T06:27:09+00:00","dateModified":"2022-08-22T12:19:54+00:00","description":"\u201cUlusal Yeterlilik Haz\u0131rlama \u0130\u015fbirli\u011fi Protokol\u00fc\u201d kapsam\u0131nda Kasiyer (Seviye 3) ve Ma\u011faza Sat\u0131\u015f Alan\u0131 Geli\u015ftirme ve Yerle\u015ftirme Sorumlusu (Seviye 5) Ulusal Meslek Standard\u0131 Revizyon Taslaklar\u0131 yay\u0131nland\u0131.","breadcrumb":{"@id":"https:\/\/www.gidaperakendecileri.org\/?page_id=4285#breadcrumb"},"inLanguage":"en-US","potentialAction":[{"@type":"ReadAction","target":["https:\/\/www.gidaperakendecileri.org\/?page_id=4285"]}]},{"@type":"ImageObject","inLanguage":"en-US","@id":"https:\/\/www.gidaperakendecileri.org\/?page_id=4285#primaryimage","url":"https:\/\/www.gidaperakendecileri.org\/wp-content\/uploads\/2021\/11\/tanitim-sorumlusu-seviye4.jpg","contentUrl":"https:\/\/www.gidaperakendecileri.org\/wp-content\/uploads\/2021\/11\/tanitim-sorumlusu-seviye4.jpg","width":1181,"height":684},{"@type":"BreadcrumbList","@id":"https:\/\/www.gidaperakendecileri.org\/?page_id=4285#breadcrumb","itemListElement":[{"@type":"ListItem","position":1,"name":"Home","item":"https:\/\/www.gidaperakendecileri.org\/"},{"@type":"ListItem","position":2,"name":"1 Kas\u0131m 2021 &#8211; Tan\u0131t\u0131m Sorumlusu (Seviye 4) Ulusal Yeterlilik"}]},{"@type":"WebSite","@id":"https:\/\/www.gidaperakendecileri.org\/#website","url":"https:\/\/www.gidaperakendecileri.org\/","name":"GPD","description":"G\u0131da Perakendecileri Derne\u011fi","potentialAction":[{"@type":"SearchAction","target":{"@type":"EntryPoint","urlTemplate":"https:\/\/www.gidaperakendecileri.org\/?s={search_term_string}"},"query-input":{"@type":"PropertyValueSpecification","valueRequired":true,"valueName":"search_term_string"}}],"inLanguage":"en-US"}]}},"_links":{"self":[{"href":"https:\/\/www.gidaperakendecileri.org\/index.php?rest_route=\/wp\/v2\/pages\/4285","targetHints":{"allow":["GET"]}}],"collection":[{"href":"https:\/\/www.gidaperakendecileri.org\/index.php?rest_route=\/wp\/v2\/pages"}],"about":[{"href":"https:\/\/www.gidaperakendecileri.org\/index.php?rest_route=\/wp\/v2\/types\/page"}],"author":[{"embeddable":true,"href":"https:\/\/www.gidaperakendecileri.org\/index.php?rest_route=\/wp\/v2\/users\/2"}],"replies":[{"embeddable":true,"href":"https:\/\/www.gidaperakendecileri.org\/index.php?rest_route=%2Fwp%2Fv2%2Fcomments&post=4285"}],"version-history":[{"count":34,"href":"https:\/\/www.gidaperakendecileri.org\/index.php?rest_route=\/wp\/v2\/pages\/4285\/revisions"}],"predecessor-version":[{"id":5471,"href":"https:\/\/www.gidaperakendecileri.org\/index.php?rest_route=\/wp\/v2\/pages\/4285\/revisions\/5471"}],"wp:attachment":[{"href":"https:\/\/www.gidaperakendecileri.org\/index.php?rest_route=%2Fwp%2Fv2%2Fmedia&parent=4285"}],"curies":[{"name":"wp","href":"https:\/\/api.w.org\/{rel}","templated":true}]}}