{"id":3847,"date":"2021-09-18T06:30:52","date_gmt":"2021-09-18T06:30:52","guid":{"rendered":"https:\/\/www.gidaperakendecileri.org\/?page_id=3847"},"modified":"2022-06-22T11:14:59","modified_gmt":"2022-06-22T11:14:59","slug":"kongre-2021","status":"publish","type":"page","link":"https:\/\/www.gidaperakendecileri.org\/?page_id=3847","title":{"rendered":"Kongre 2021"},"content":{"rendered":"\t\t<div data-elementor-type=\"wp-post\" data-elementor-id=\"3847\" class=\"elementor elementor-3847\">\n\t\t\t\t\t\t<section class=\"elementor-section elementor-top-section elementor-element elementor-element-72419c1 elementor-section-boxed elementor-section-height-default elementor-section-height-default\" data-id=\"72419c1\" data-element_type=\"section\">\n\t\t\t\t\t\t<div class=\"elementor-container elementor-column-gap-default\">\n\t\t\t\t\t<div class=\"elementor-column elementor-col-100 elementor-top-column elementor-element elementor-element-11e519b\" data-id=\"11e519b\" data-element_type=\"column\">\n\t\t\t<div class=\"elementor-widget-wrap elementor-element-populated\">\n\t\t\t\t\t\t<div class=\"elementor-element elementor-element-6eee5c1 elementor-widget elementor-widget-image\" data-id=\"6eee5c1\" data-element_type=\"widget\" data-widget_type=\"image.default\">\n\t\t\t\t<div class=\"elementor-widget-container\">\n\t\t\t\t\t\t\t\t\t\t\t\t\t\t\t<img fetchpriority=\"high\" decoding=\"async\" width=\"983\" height=\"609\" src=\"https:\/\/www.gidaperakendecileri.org\/wp-content\/uploads\/2021\/09\/ortak-gelisim-kongresi-7.jpg\" class=\"attachment-full size-full wp-image-3852\" alt=\"\" srcset=\"https:\/\/www.gidaperakendecileri.org\/wp-content\/uploads\/2021\/09\/ortak-gelisim-kongresi-7.jpg 983w, https:\/\/www.gidaperakendecileri.org\/wp-content\/uploads\/2021\/09\/ortak-gelisim-kongresi-7-300x186.jpg 300w, https:\/\/www.gidaperakendecileri.org\/wp-content\/uploads\/2021\/09\/ortak-gelisim-kongresi-7-768x476.jpg 768w, https:\/\/www.gidaperakendecileri.org\/wp-content\/uploads\/2021\/09\/ortak-gelisim-kongresi-7-356x220.jpg 356w, https:\/\/www.gidaperakendecileri.org\/wp-content\/uploads\/2021\/09\/ortak-gelisim-kongresi-7-696x431.jpg 696w, https:\/\/www.gidaperakendecileri.org\/wp-content\/uploads\/2021\/09\/ortak-gelisim-kongresi-7-678x420.jpg 678w\" sizes=\"(max-width: 983px) 100vw, 983px\" \/>\t\t\t\t\t\t\t\t\t\t\t\t\t\t\t<\/div>\n\t\t\t\t<\/div>\n\t\t\t\t<div class=\"elementor-element elementor-element-a0e1d7b elementor-widget elementor-widget-text-editor\" data-id=\"a0e1d7b\" data-element_type=\"widget\" data-widget_type=\"text-editor.default\">\n\t\t\t\t<div class=\"elementor-widget-container\">\n\t\t\t\t\t\t\t\t\t<p><span style=\"color: #000000;\"><b>7. Ortak Geli\u015fim Kongresi<br \/>\u201cKOLAY MI?\u201d<\/b><\/span><\/p><p><span style=\"color: #000000;\">G\u0131da Perakendecilerinin ve tedarik\u00e7ilerinin bulu\u015ftu\u011fu Ortak Geli\u015fim Kongresi, <b>19 Ekim 2021<\/b>\u2019de <b>Wyndham Grand \u0130stanbul Levent<\/b>\u2019te ve e\u015f zamanl\u0131 olarak <b>Digital Network Alka\u015f<\/b>\u2019ta hibrit olarak ger\u00e7ekle\u015ftirildi.<\/span><\/p>\t\t\t\t\t\t\t\t<\/div>\n\t\t\t\t<\/div>\n\t\t\t\t<div class=\"elementor-element elementor-element-006c37b elementor-widget elementor-widget-button\" data-id=\"006c37b\" data-element_type=\"widget\" data-widget_type=\"button.default\">\n\t\t\t\t<div class=\"elementor-widget-container\">\n\t\t\t\t\t\t\t\t\t<div class=\"elementor-button-wrapper\">\n\t\t\t\t\t<a class=\"elementor-button elementor-button-link elementor-size-md\" href=\"https:\/\/www.gidaperakendecileri.org\/wp-content\/uploads\/2022\/06\/2021-ortak-gelisim-kongresi-ardindan.pdf\" target=\"_blank\">\n\t\t\t\t\t\t<span class=\"elementor-button-content-wrapper\">\n\t\t\t\t\t\t\t\t\t<span class=\"elementor-button-text\">7. Ortak Geli\u015fim Kongresi \u00d6zeti \u0130\u00e7in T\u0131klay\u0131n\u0131z<\/span>\n\t\t\t\t\t<\/span>\n\t\t\t\t\t<\/a>\n\t\t\t\t<\/div>\n\t\t\t\t\t\t\t\t<\/div>\n\t\t\t\t<\/div>\n\t\t\t\t<div class=\"elementor-element elementor-element-8009c8e elementor-widget-divider--view-line elementor-widget elementor-widget-divider\" data-id=\"8009c8e\" data-element_type=\"widget\" data-widget_type=\"divider.default\">\n\t\t\t\t<div class=\"elementor-widget-container\">\n\t\t\t\t\t\t\t<div class=\"elementor-divider\">\n\t\t\t<span class=\"elementor-divider-separator\">\n\t\t\t\t\t\t<\/span>\n\t\t<\/div>\n\t\t\t\t\t\t<\/div>\n\t\t\t\t<\/div>\n\t\t\t\t<div class=\"elementor-element elementor-element-33d4af0 elementor-widget elementor-widget-text-editor\" data-id=\"33d4af0\" data-element_type=\"widget\" data-widget_type=\"text-editor.default\">\n\t\t\t\t<div class=\"elementor-widget-container\">\n\t\t\t\t\t\t\t\t\t<h1><strong><span style=\"color: #000000;\">KONGRE PROGRAMI<\/span><\/strong><\/h1>\t\t\t\t\t\t\t\t<\/div>\n\t\t\t\t<\/div>\n\t\t\t\t<div class=\"elementor-element elementor-element-46dedad elementor-widget elementor-widget-text-editor\" data-id=\"46dedad\" data-element_type=\"widget\" data-widget_type=\"text-editor.default\">\n\t\t\t\t<div class=\"elementor-widget-container\">\n\t\t\t\t\t\t\t\t\t<p><span style=\"color: #000000;\">09.00-09.10<\/span><br \/><span style=\"color: #000000;\"><strong>A\u00e7\u0131l\u0131\u015f Konu\u015fmas\u0131<\/strong><\/span><br \/><span style=\"color: #000000;\">Galip Ayka\u00e7, B\u0130M, \u0130cra Kurulu \u00dcyesi, Operasyon Ba\u015fkan\u0131 ve GPD Ba\u015fkan\u0131<\/span><\/p><p><span style=\"color: #000000;\">09.10-09.25 <strong>Plaket t\u00f6reni<\/strong><\/span><\/p><p><span style=\"color: #000000;\">09.25-09.55<\/span><br \/><span style=\"color: #000000;\"><strong>Yeni Normal&#8217;den Yak\u0131n Gelece\u011fe: Perakende ve Al\u0131\u015fveri\u015f\u00e7i Trendleri\u00a0\u00a0\u00a0\u00a0\u00a0\u00a0\u00a0\u00a0<\/strong><\/span><br \/><span style=\"color: #000000;\">Didem \u015eekerel Erdo\u011fan, NielsenIQ, T\u00fcrkiye Genel M\u00fcd\u00fcr\u00fc Orta Do\u011fu ve Afrika Analitik Lideri<\/span><br \/><span style=\"color: #000000;\">Serhat S\u00fckan, NielsenIQ, Perakende Hizmetleri Direkt\u00f6r\u00fc<\/span><\/p><p><span style=\"color: #000000;\">09.55-10.10<\/span><br \/><span style=\"color: #000000;\"><strong>Birimiz Hepimiz \u0130\u00e7in!<\/strong><\/span><br \/><span style=\"color: #000000;\">Leyal Eskin Y\u0131lmaz, Unilever T\u00fcrkiye, Sat\u0131\u015f ve M\u00fc\u015fteri Geli\u015ftirmeden Sorumlu Ba\u015fkan Yard\u0131mc\u0131s\u0131<\/span><\/p><p><span style=\"color: #000000;\">10.10-10.25<\/span><br \/><span style=\"color: #000000;\"><strong>Dijital \u00c7a\u011fa Uyum \u0130\u00e7in S\u00fcrd\u00fcr\u00fclebilir Yetenek Geli\u015ftirme<\/strong><\/span><br \/><span style=\"color: #000000;\">Leyla Deli\u00e7, Coca Cola \u0130\u00e7ecek, Dijital D\u00f6n\u00fc\u015f\u00fcm Direkt\u00f6r\u00fc<\/span><\/p><p><span style=\"color: #000000;\">10.25-10.45 <strong>Kahve Molas\u0131<\/strong><\/span><\/p><p><span style=\"color: #000000;\">10.45-11.00<br \/><strong>Ekosistem Odakl\u0131 Pozitif D\u00f6n\u00fc\u015f\u00fcm<\/strong><br \/>Evrim \u015een, PepsiCo, Sat\u0131\u015f Ba\u015fkan Yard\u0131mc\u0131s\u0131<\/span><\/p><p><span style=\"color: #000000;\">11.00-11.45<\/span><br \/><span style=\"color: #000000;\"><strong>\u0130\u015fimiz Art\u0131k, Basit-Karma\u015f\u0131k-Kar\u0131\u015f\u0131k<\/strong><\/span><br \/><span style=\"color: #000000;\">Faz\u0131l Oral, Liderlik ve Y\u00f6netim D\u00fc\u015f\u00fcn\u00fcr\u00fc<\/span><\/p><p><span style=\"color: #000000;\">11.45-12.00<\/span><br \/><span style=\"color: #000000;\"><strong>Tedarik Zinciri Darbo\u011faz\u0131 ve Riskleri<\/strong><\/span><br \/><span style=\"color: #000000;\">\u015eahap \u00c7ak, Netlog, Lojistik Grubu Y\u00f6netim Kurulu Ba\u015fkan\u0131<\/span><\/p><p><span style=\"color: #000000;\">12.00-12.30<\/span><br \/><span style=\"color: #000000;\"><strong>De\u011fi\u015fen D\u00fcnyada \u0130\u015fimiz Daha m\u0131 Kolay?<\/strong><\/span><br \/><span style=\"color: #000000;\"><strong>Moderat\u00f6r:<\/strong> Dr. B\u00fclent Dal, Obase, Genel M\u00fcd\u00fcr<\/span><br \/><span style=\"color: #000000;\"><strong>Panelistler:<\/strong><\/span><br \/><span style=\"color: #000000;\">\u00d6zg\u00fcr Tort, Migros, Migros Ticaret A.\u015e., \u0130cra Ba\u015fkan\u0131<\/span><br \/><span style=\"color: #000000;\">O\u011fuz U\u00e7anlar, Mc Donald\u2019s, Genel M\u00fcd\u00fcr<\/span><\/p><p><span style=\"color: #000000;\">12.30-13.30 <strong>\u00d6\u011fle Yeme\u011fi<\/strong><\/span><\/p><p><span style=\"color: #000000;\">13.30-14.00<\/span><br \/><span style=\"color: #000000;\"><strong>De\u011fi\u015fen \u0130\u015f Modellerine Organize Perakende Nas\u0131l Liderlik Yap\u0131yor?<\/strong><\/span><br \/><span style=\"color: #000000;\"><strong>Moderat\u00f6r:<\/strong> Deniz Alka\u00e7, Metro, Sat\u0131nalmadan Sorumlu Y\u00f6netim Kurulu \u00dcyesi<\/span><br \/><span style=\"color: #000000;\"><strong>Panelistler:<\/strong><\/span><br \/><span style=\"color: #000000;\">Kutay Kartall\u0131o\u011flu, CarrefourSA, CEO<\/span><br \/><span style=\"color: #000000;\">\u00d6zg\u00fcr \u00c7etinkaya, TAB G\u0131da, CFO<\/span><\/p><p><span style=\"color: #000000;\">14.00-14.15<\/span><br \/><span style=\"color: #000000;\"><strong>G\u0131da G\u00fcvenli\u011fi ve G\u00fcvencesinde Tar\u0131m\u0131n Finansman\u0131<\/strong><\/span><br \/><span style=\"color: #000000;\">Burak Ko\u00e7ak, Denizbank, Tar\u0131m Bankac\u0131l\u0131\u011f\u0131 Genel M\u00fcd\u00fcr Yard\u0131mc\u0131s\u0131<\/span><\/p><p><span style=\"color: #000000;\">14.15-15.00 <strong>Kahve Molas\u0131<\/strong><\/span><\/p><p><span style=\"color: #000000;\">15.00-16.15<\/span><br \/><span style=\"color: #000000;\"><strong>G\u0131da, Fiyatlar, Marketler ve Rekabet\u2026 Do\u011frusu Ne?<\/strong><\/span><br \/><span style=\"color: #000000;\"><strong>Moderat\u00f6r:<\/strong> G\u00fczem Y\u0131lmaz Ertem, Bloomberg HT Sunucusu<\/span><br \/><span style=\"color: #000000;\"><strong>Panelistler:<\/strong><\/span><br \/><span style=\"color: #000000;\">Bekir A\u011f\u0131rd\u0131r, Konda Ara\u015ft\u0131rma, Genel M\u00fcd\u00fcr<\/span><br \/><span style=\"color: #000000;\">Ali Ekber Y\u0131ld\u0131r\u0131m, Gazeteci\/Yazar<\/span><br \/><span style=\"color: #000000;\">Prof. Dr. Emre Alkin, Ekonomist<\/span><br \/><span style=\"color: #000000;\">Prof. Dr. \u00d6mer Torlak, \u0130stanbul Ticaret \u00dcniversitesi \u00d6\u011fretim \u00dcyesi<\/span><\/p>\t\t\t\t\t\t\t\t<\/div>\n\t\t\t\t<\/div>\n\t\t\t\t\t<\/div>\n\t\t<\/div>\n\t\t\t\t\t<\/div>\n\t\t<\/section>\n\t\t\t\t<section class=\"elementor-section elementor-top-section elementor-element elementor-element-4d68803 elementor-section-boxed elementor-section-height-default elementor-section-height-default\" data-id=\"4d68803\" data-element_type=\"section\">\n\t\t\t\t\t\t<div class=\"elementor-container elementor-column-gap-default\">\n\t\t\t\t\t<div class=\"elementor-column elementor-col-100 elementor-top-column elementor-element elementor-element-f8aa4b4\" data-id=\"f8aa4b4\" data-element_type=\"column\">\n\t\t\t<div class=\"elementor-widget-wrap elementor-element-populated\">\n\t\t\t\t\t\t<div class=\"elementor-element elementor-element-597385d elementor-widget elementor-widget-image\" data-id=\"597385d\" data-element_type=\"widget\" data-widget_type=\"image.default\">\n\t\t\t\t<div class=\"elementor-widget-container\">\n\t\t\t\t\t\t\t\t\t\t\t\t\t\t\t\t<a href=\"https:\/\/www.alkas-platform.com\/lcv\/gpd-7-ortak-gelisim-kongresi-html\" target=\"_blank\">\n\t\t\t\t\t\t\t<img decoding=\"async\" width=\"850\" height=\"1350\" src=\"https:\/\/www.gidaperakendecileri.org\/wp-content\/uploads\/2021\/10\/kongre2021-program-1.jpg\" class=\"attachment-2048x2048 size-2048x2048 wp-image-4045\" alt=\"\" srcset=\"https:\/\/www.gidaperakendecileri.org\/wp-content\/uploads\/2021\/10\/kongre2021-program-1.jpg 850w, https:\/\/www.gidaperakendecileri.org\/wp-content\/uploads\/2021\/10\/kongre2021-program-1-189x300.jpg 189w, https:\/\/www.gidaperakendecileri.org\/wp-content\/uploads\/2021\/10\/kongre2021-program-1-645x1024.jpg 645w, https:\/\/www.gidaperakendecileri.org\/wp-content\/uploads\/2021\/10\/kongre2021-program-1-768x1220.jpg 768w, https:\/\/www.gidaperakendecileri.org\/wp-content\/uploads\/2021\/10\/kongre2021-program-1-696x1105.jpg 696w, https:\/\/www.gidaperakendecileri.org\/wp-content\/uploads\/2021\/10\/kongre2021-program-1-264x420.jpg 264w\" sizes=\"(max-width: 850px) 100vw, 850px\" \/>\t\t\t\t\t\t\t\t<\/a>\n\t\t\t\t\t\t\t\t\t\t\t\t\t\t\t<\/div>\n\t\t\t\t<\/div>\n\t\t\t\t\t<\/div>\n\t\t<\/div>\n\t\t\t\t\t<\/div>\n\t\t<\/section>\n\t\t\t\t<\/div>\n\t\t","protected":false},"excerpt":{"rendered":"<p>7. Ortak Geli\u015fim Kongresi\u201cKOLAY MI?\u201d G\u0131da Perakendecilerinin ve tedarik\u00e7ilerinin bulu\u015ftu\u011fu Ortak Geli\u015fim Kongresi, 19 Ekim 2021\u2019de Wyndham Grand \u0130stanbul Levent\u2019te ve e\u015f zamanl\u0131 olarak Digital Network Alka\u015f\u2019ta hibrit olarak ger\u00e7ekle\u015ftirildi. 7. Ortak Geli\u015fim Kongresi \u00d6zeti \u0130\u00e7in T\u0131klay\u0131n\u0131z KONGRE PROGRAMI 09.00-09.10A\u00e7\u0131l\u0131\u015f Konu\u015fmas\u0131Galip Ayka\u00e7, B\u0130M, \u0130cra Kurulu \u00dcyesi, Operasyon Ba\u015fkan\u0131 ve GPD Ba\u015fkan\u0131 09.10-09.25 Plaket t\u00f6reni 09.25-09.55Yeni [&hellip;]<\/p>\n","protected":false},"author":2,"featured_media":0,"parent":0,"menu_order":0,"comment_status":"closed","ping_status":"closed","template":"","meta":{"_monsterinsights_skip_tracking":false,"_monsterinsights_sitenote_active":false,"_monsterinsights_sitenote_note":"","_monsterinsights_sitenote_category":0,"footnotes":""},"class_list":["post-3847","page","type-page","status-publish"],"featured_image_src":null,"yoast_head":"<!-- This site is optimized with the Yoast SEO plugin v26.7 - https:\/\/yoast.com\/wordpress\/plugins\/seo\/ -->\n<title>Kongre 2021 - GPD<\/title>\n<meta name=\"description\" content=\"Ortak Geli\u015fim Kongresi bu y\u0131l, 19 Ekim\u2019de Wyndham Grand \u0130stanbul Levent\u2019te ve e\u015f zamanl\u0131 olarak Digital Network Alka\u015f\u2019ta hibrit olarak ger\u00e7ekle\u015ftirilecek.\" \/>\n<meta name=\"robots\" content=\"index, follow, max-snippet:-1, max-image-preview:large, max-video-preview:-1\" \/>\n<link rel=\"canonical\" href=\"https:\/\/www.gidaperakendecileri.org\/?page_id=3847\" \/>\n<meta property=\"og:locale\" content=\"en_US\" \/>\n<meta property=\"og:type\" content=\"article\" \/>\n<meta property=\"og:title\" content=\"Kongre 2021 - GPD\" \/>\n<meta property=\"og:description\" content=\"Ortak Geli\u015fim Kongresi bu y\u0131l, 19 Ekim\u2019de Wyndham Grand \u0130stanbul Levent\u2019te ve e\u015f zamanl\u0131 olarak Digital Network Alka\u015f\u2019ta hibrit olarak ger\u00e7ekle\u015ftirilecek.\" \/>\n<meta property=\"og:url\" content=\"https:\/\/www.gidaperakendecileri.org\/?page_id=3847\" \/>\n<meta property=\"og:site_name\" content=\"GPD\" \/>\n<meta property=\"article:modified_time\" content=\"2022-06-22T11:14:59+00:00\" \/>\n<meta property=\"og:image\" content=\"https:\/\/www.gidaperakendecileri.org\/wp-content\/uploads\/2021\/09\/ortak-gelisim-kongresi-7.jpg\" \/>\n<meta name=\"twitter:card\" content=\"summary_large_image\" \/>\n<meta name=\"twitter:label1\" content=\"Est. reading time\" \/>\n\t<meta name=\"twitter:data1\" content=\"2 minutes\" \/>\n<script type=\"application\/ld+json\" class=\"yoast-schema-graph\">{\"@context\":\"https:\/\/schema.org\",\"@graph\":[{\"@type\":\"WebPage\",\"@id\":\"https:\/\/www.gidaperakendecileri.org\/?page_id=3847\",\"url\":\"https:\/\/www.gidaperakendecileri.org\/?page_id=3847\",\"name\":\"Kongre 2021 - GPD\",\"isPartOf\":{\"@id\":\"https:\/\/www.gidaperakendecileri.org\/#website\"},\"primaryImageOfPage\":{\"@id\":\"https:\/\/www.gidaperakendecileri.org\/?page_id=3847#primaryimage\"},\"image\":{\"@id\":\"https:\/\/www.gidaperakendecileri.org\/?page_id=3847#primaryimage\"},\"thumbnailUrl\":\"https:\/\/www.gidaperakendecileri.org\/wp-content\/uploads\/2021\/09\/ortak-gelisim-kongresi-7.jpg\",\"datePublished\":\"2021-09-18T06:30:52+00:00\",\"dateModified\":\"2022-06-22T11:14:59+00:00\",\"description\":\"Ortak Geli\u015fim Kongresi bu y\u0131l, 19 Ekim\u2019de Wyndham Grand \u0130stanbul Levent\u2019te ve e\u015f zamanl\u0131 olarak Digital Network Alka\u015f\u2019ta hibrit olarak ger\u00e7ekle\u015ftirilecek.\",\"breadcrumb\":{\"@id\":\"https:\/\/www.gidaperakendecileri.org\/?page_id=3847#breadcrumb\"},\"inLanguage\":\"en-US\",\"potentialAction\":[{\"@type\":\"ReadAction\",\"target\":[\"https:\/\/www.gidaperakendecileri.org\/?page_id=3847\"]}]},{\"@type\":\"ImageObject\",\"inLanguage\":\"en-US\",\"@id\":\"https:\/\/www.gidaperakendecileri.org\/?page_id=3847#primaryimage\",\"url\":\"https:\/\/www.gidaperakendecileri.org\/wp-content\/uploads\/2021\/09\/ortak-gelisim-kongresi-7.jpg\",\"contentUrl\":\"https:\/\/www.gidaperakendecileri.org\/wp-content\/uploads\/2021\/09\/ortak-gelisim-kongresi-7.jpg\",\"width\":983,\"height\":609},{\"@type\":\"BreadcrumbList\",\"@id\":\"https:\/\/www.gidaperakendecileri.org\/?page_id=3847#breadcrumb\",\"itemListElement\":[{\"@type\":\"ListItem\",\"position\":1,\"name\":\"Home\",\"item\":\"https:\/\/www.gidaperakendecileri.org\/\"},{\"@type\":\"ListItem\",\"position\":2,\"name\":\"Kongre 2021\"}]},{\"@type\":\"WebSite\",\"@id\":\"https:\/\/www.gidaperakendecileri.org\/#website\",\"url\":\"https:\/\/www.gidaperakendecileri.org\/\",\"name\":\"GPD\",\"description\":\"G\u0131da Perakendecileri Derne\u011fi\",\"potentialAction\":[{\"@type\":\"SearchAction\",\"target\":{\"@type\":\"EntryPoint\",\"urlTemplate\":\"https:\/\/www.gidaperakendecileri.org\/?s={search_term_string}\"},\"query-input\":{\"@type\":\"PropertyValueSpecification\",\"valueRequired\":true,\"valueName\":\"search_term_string\"}}],\"inLanguage\":\"en-US\"}]}<\/script>\n<!-- \/ Yoast SEO plugin. -->","yoast_head_json":{"title":"Kongre 2021 - GPD","description":"Ortak Geli\u015fim Kongresi bu y\u0131l, 19 Ekim\u2019de Wyndham Grand \u0130stanbul Levent\u2019te ve e\u015f zamanl\u0131 olarak Digital Network Alka\u015f\u2019ta hibrit olarak ger\u00e7ekle\u015ftirilecek.","robots":{"index":"index","follow":"follow","max-snippet":"max-snippet:-1","max-image-preview":"max-image-preview:large","max-video-preview":"max-video-preview:-1"},"canonical":"https:\/\/www.gidaperakendecileri.org\/?page_id=3847","og_locale":"en_US","og_type":"article","og_title":"Kongre 2021 - GPD","og_description":"Ortak Geli\u015fim Kongresi bu y\u0131l, 19 Ekim\u2019de Wyndham Grand \u0130stanbul Levent\u2019te ve e\u015f zamanl\u0131 olarak Digital Network Alka\u015f\u2019ta hibrit olarak ger\u00e7ekle\u015ftirilecek.","og_url":"https:\/\/www.gidaperakendecileri.org\/?page_id=3847","og_site_name":"GPD","article_modified_time":"2022-06-22T11:14:59+00:00","og_image":[{"url":"https:\/\/www.gidaperakendecileri.org\/wp-content\/uploads\/2021\/09\/ortak-gelisim-kongresi-7.jpg","type":"","width":"","height":""}],"twitter_card":"summary_large_image","twitter_misc":{"Est. reading time":"2 minutes"},"schema":{"@context":"https:\/\/schema.org","@graph":[{"@type":"WebPage","@id":"https:\/\/www.gidaperakendecileri.org\/?page_id=3847","url":"https:\/\/www.gidaperakendecileri.org\/?page_id=3847","name":"Kongre 2021 - GPD","isPartOf":{"@id":"https:\/\/www.gidaperakendecileri.org\/#website"},"primaryImageOfPage":{"@id":"https:\/\/www.gidaperakendecileri.org\/?page_id=3847#primaryimage"},"image":{"@id":"https:\/\/www.gidaperakendecileri.org\/?page_id=3847#primaryimage"},"thumbnailUrl":"https:\/\/www.gidaperakendecileri.org\/wp-content\/uploads\/2021\/09\/ortak-gelisim-kongresi-7.jpg","datePublished":"2021-09-18T06:30:52+00:00","dateModified":"2022-06-22T11:14:59+00:00","description":"Ortak Geli\u015fim Kongresi bu y\u0131l, 19 Ekim\u2019de Wyndham Grand \u0130stanbul Levent\u2019te ve e\u015f zamanl\u0131 olarak Digital Network Alka\u015f\u2019ta hibrit olarak ger\u00e7ekle\u015ftirilecek.","breadcrumb":{"@id":"https:\/\/www.gidaperakendecileri.org\/?page_id=3847#breadcrumb"},"inLanguage":"en-US","potentialAction":[{"@type":"ReadAction","target":["https:\/\/www.gidaperakendecileri.org\/?page_id=3847"]}]},{"@type":"ImageObject","inLanguage":"en-US","@id":"https:\/\/www.gidaperakendecileri.org\/?page_id=3847#primaryimage","url":"https:\/\/www.gidaperakendecileri.org\/wp-content\/uploads\/2021\/09\/ortak-gelisim-kongresi-7.jpg","contentUrl":"https:\/\/www.gidaperakendecileri.org\/wp-content\/uploads\/2021\/09\/ortak-gelisim-kongresi-7.jpg","width":983,"height":609},{"@type":"BreadcrumbList","@id":"https:\/\/www.gidaperakendecileri.org\/?page_id=3847#breadcrumb","itemListElement":[{"@type":"ListItem","position":1,"name":"Home","item":"https:\/\/www.gidaperakendecileri.org\/"},{"@type":"ListItem","position":2,"name":"Kongre 2021"}]},{"@type":"WebSite","@id":"https:\/\/www.gidaperakendecileri.org\/#website","url":"https:\/\/www.gidaperakendecileri.org\/","name":"GPD","description":"G\u0131da Perakendecileri Derne\u011fi","potentialAction":[{"@type":"SearchAction","target":{"@type":"EntryPoint","urlTemplate":"https:\/\/www.gidaperakendecileri.org\/?s={search_term_string}"},"query-input":{"@type":"PropertyValueSpecification","valueRequired":true,"valueName":"search_term_string"}}],"inLanguage":"en-US"}]}},"_links":{"self":[{"href":"https:\/\/www.gidaperakendecileri.org\/index.php?rest_route=\/wp\/v2\/pages\/3847","targetHints":{"allow":["GET"]}}],"collection":[{"href":"https:\/\/www.gidaperakendecileri.org\/index.php?rest_route=\/wp\/v2\/pages"}],"about":[{"href":"https:\/\/www.gidaperakendecileri.org\/index.php?rest_route=\/wp\/v2\/types\/page"}],"author":[{"embeddable":true,"href":"https:\/\/www.gidaperakendecileri.org\/index.php?rest_route=\/wp\/v2\/users\/2"}],"replies":[{"embeddable":true,"href":"https:\/\/www.gidaperakendecileri.org\/index.php?rest_route=%2Fwp%2Fv2%2Fcomments&post=3847"}],"version-history":[{"count":49,"href":"https:\/\/www.gidaperakendecileri.org\/index.php?rest_route=\/wp\/v2\/pages\/3847\/revisions"}],"predecessor-version":[{"id":5358,"href":"https:\/\/www.gidaperakendecileri.org\/index.php?rest_route=\/wp\/v2\/pages\/3847\/revisions\/5358"}],"wp:attachment":[{"href":"https:\/\/www.gidaperakendecileri.org\/index.php?rest_route=%2Fwp%2Fv2%2Fmedia&parent=3847"}],"curies":[{"name":"wp","href":"https:\/\/api.w.org\/{rel}","templated":true}]}}