{"id":2504,"date":"2020-12-28T10:18:39","date_gmt":"2020-12-28T10:18:39","guid":{"rendered":"https:\/\/www.gidaperakendecileri.org\/?page_id=2504"},"modified":"2020-12-28T10:18:57","modified_gmt":"2020-12-28T10:18:57","slug":"16-kasim-2020-gpd-voc-test-center-is-ilani","status":"publish","type":"page","link":"https:\/\/www.gidaperakendecileri.org\/?page_id=2504","title":{"rendered":"16 Kas\u0131m 2020 \u2013 GPD VOC Test Center \u0130\u015f \u0130lan\u0131"},"content":{"rendered":"\t\t<div data-elementor-type=\"wp-page\" data-elementor-id=\"2504\" class=\"elementor elementor-2504\">\n\t\t\t\t\t\t<section class=\"elementor-section elementor-top-section elementor-element elementor-element-da868be elementor-section-boxed elementor-section-height-default elementor-section-height-default\" data-id=\"da868be\" data-element_type=\"section\">\n\t\t\t\t\t\t<div class=\"elementor-container elementor-column-gap-default\">\n\t\t\t\t\t<div class=\"elementor-column elementor-col-100 elementor-top-column elementor-element elementor-element-5aaa5c0\" data-id=\"5aaa5c0\" data-element_type=\"column\">\n\t\t\t<div class=\"elementor-widget-wrap elementor-element-populated\">\n\t\t\t\t\t\t<div class=\"elementor-element elementor-element-ed2272d elementor-widget elementor-widget-image\" data-id=\"ed2272d\" data-element_type=\"widget\" data-widget_type=\"image.default\">\n\t\t\t\t<div class=\"elementor-widget-container\">\n\t\t\t\t\t\t\t\t\t\t\t\t\t\t\t<img fetchpriority=\"high\" decoding=\"async\" width=\"696\" height=\"987\" src=\"https:\/\/www.gidaperakendecileri.org\/wp-content\/uploads\/2020\/11\/personel-is-alimi-722x1024.png\" class=\"attachment-large size-large wp-image-2486\" alt=\"\" srcset=\"https:\/\/www.gidaperakendecileri.org\/wp-content\/uploads\/2020\/11\/personel-is-alimi-722x1024.png 722w, https:\/\/www.gidaperakendecileri.org\/wp-content\/uploads\/2020\/11\/personel-is-alimi-212x300.png 212w, https:\/\/www.gidaperakendecileri.org\/wp-content\/uploads\/2020\/11\/personel-is-alimi-768x1089.png 768w, https:\/\/www.gidaperakendecileri.org\/wp-content\/uploads\/2020\/11\/personel-is-alimi-696x987.png 696w, https:\/\/www.gidaperakendecileri.org\/wp-content\/uploads\/2020\/11\/personel-is-alimi-296x420.png 296w, https:\/\/www.gidaperakendecileri.org\/wp-content\/uploads\/2020\/11\/personel-is-alimi.png 881w\" sizes=\"(max-width: 696px) 100vw, 696px\" \/>\t\t\t\t\t\t\t\t\t\t\t\t\t\t\t<\/div>\n\t\t\t\t<\/div>\n\t\t\t\t\t<\/div>\n\t\t<\/div>\n\t\t\t\t\t<\/div>\n\t\t<\/section>\n\t\t\t\t<\/div>\n\t\t","protected":false},"excerpt":{"rendered":"","protected":false},"author":1,"featured_media":0,"parent":0,"menu_order":0,"comment_status":"closed","ping_status":"closed","template":"","meta":{"_monsterinsights_skip_tracking":false,"_monsterinsights_sitenote_active":false,"_monsterinsights_sitenote_note":"","_monsterinsights_sitenote_category":0,"footnotes":""},"class_list":["post-2504","page","type-page","status-publish"],"featured_image_src":null,"yoast_head":"<!-- This site is optimized with the Yoast SEO plugin v26.7 - https:\/\/yoast.com\/wordpress\/plugins\/seo\/ -->\n<title>16 Kas\u0131m 2020 \u2013 GPD VOC Test Center \u0130\u015f \u0130lan\u0131 - GPD<\/title>\n<meta name=\"robots\" content=\"index, follow, max-snippet:-1, max-image-preview:large, max-video-preview:-1\" \/>\n<link rel=\"canonical\" href=\"https:\/\/www.gidaperakendecileri.org\/?page_id=2504\" \/>\n<meta property=\"og:locale\" content=\"en_US\" \/>\n<meta property=\"og:type\" content=\"article\" \/>\n<meta property=\"og:title\" content=\"16 Kas\u0131m 2020 \u2013 GPD VOC Test Center \u0130\u015f \u0130lan\u0131 - GPD\" \/>\n<meta property=\"og:url\" content=\"https:\/\/www.gidaperakendecileri.org\/?page_id=2504\" \/>\n<meta property=\"og:site_name\" content=\"GPD\" \/>\n<meta property=\"article:modified_time\" content=\"2020-12-28T10:18:57+00:00\" \/>\n<meta property=\"og:image\" content=\"https:\/\/www.gidaperakendecileri.org\/wp-content\/uploads\/2020\/11\/personel-is-alimi-722x1024.png\" \/>\n<meta name=\"twitter:card\" content=\"summary_large_image\" \/>\n<script type=\"application\/ld+json\" class=\"yoast-schema-graph\">{\"@context\":\"https:\/\/schema.org\",\"@graph\":[{\"@type\":\"WebPage\",\"@id\":\"https:\/\/www.gidaperakendecileri.org\/?page_id=2504\",\"url\":\"https:\/\/www.gidaperakendecileri.org\/?page_id=2504\",\"name\":\"16 Kas\u0131m 2020 \u2013 GPD VOC Test Center \u0130\u015f \u0130lan\u0131 - GPD\",\"isPartOf\":{\"@id\":\"https:\/\/www.gidaperakendecileri.org\/#website\"},\"primaryImageOfPage\":{\"@id\":\"https:\/\/www.gidaperakendecileri.org\/?page_id=2504#primaryimage\"},\"image\":{\"@id\":\"https:\/\/www.gidaperakendecileri.org\/?page_id=2504#primaryimage\"},\"thumbnailUrl\":\"https:\/\/www.gidaperakendecileri.org\/wp-content\/uploads\/2020\/11\/personel-is-alimi-722x1024.png\",\"datePublished\":\"2020-12-28T10:18:39+00:00\",\"dateModified\":\"2020-12-28T10:18:57+00:00\",\"breadcrumb\":{\"@id\":\"https:\/\/www.gidaperakendecileri.org\/?page_id=2504#breadcrumb\"},\"inLanguage\":\"en-US\",\"potentialAction\":[{\"@type\":\"ReadAction\",\"target\":[\"https:\/\/www.gidaperakendecileri.org\/?page_id=2504\"]}]},{\"@type\":\"ImageObject\",\"inLanguage\":\"en-US\",\"@id\":\"https:\/\/www.gidaperakendecileri.org\/?page_id=2504#primaryimage\",\"url\":\"https:\/\/www.gidaperakendecileri.org\/wp-content\/uploads\/2020\/11\/personel-is-alimi-722x1024.png\",\"contentUrl\":\"https:\/\/www.gidaperakendecileri.org\/wp-content\/uploads\/2020\/11\/personel-is-alimi-722x1024.png\"},{\"@type\":\"BreadcrumbList\",\"@id\":\"https:\/\/www.gidaperakendecileri.org\/?page_id=2504#breadcrumb\",\"itemListElement\":[{\"@type\":\"ListItem\",\"position\":1,\"name\":\"Home\",\"item\":\"https:\/\/www.gidaperakendecileri.org\/\"},{\"@type\":\"ListItem\",\"position\":2,\"name\":\"16 Kas\u0131m 2020 \u2013 GPD VOC Test Center \u0130\u015f \u0130lan\u0131\"}]},{\"@type\":\"WebSite\",\"@id\":\"https:\/\/www.gidaperakendecileri.org\/#website\",\"url\":\"https:\/\/www.gidaperakendecileri.org\/\",\"name\":\"GPD\",\"description\":\"G\u0131da Perakendecileri Derne\u011fi\",\"potentialAction\":[{\"@type\":\"SearchAction\",\"target\":{\"@type\":\"EntryPoint\",\"urlTemplate\":\"https:\/\/www.gidaperakendecileri.org\/?s={search_term_string}\"},\"query-input\":{\"@type\":\"PropertyValueSpecification\",\"valueRequired\":true,\"valueName\":\"search_term_string\"}}],\"inLanguage\":\"en-US\"}]}<\/script>\n<!-- \/ Yoast SEO plugin. -->","yoast_head_json":{"title":"16 Kas\u0131m 2020 \u2013 GPD VOC Test Center \u0130\u015f \u0130lan\u0131 - GPD","robots":{"index":"index","follow":"follow","max-snippet":"max-snippet:-1","max-image-preview":"max-image-preview:large","max-video-preview":"max-video-preview:-1"},"canonical":"https:\/\/www.gidaperakendecileri.org\/?page_id=2504","og_locale":"en_US","og_type":"article","og_title":"16 Kas\u0131m 2020 \u2013 GPD VOC Test Center \u0130\u015f \u0130lan\u0131 - GPD","og_url":"https:\/\/www.gidaperakendecileri.org\/?page_id=2504","og_site_name":"GPD","article_modified_time":"2020-12-28T10:18:57+00:00","og_image":[{"url":"https:\/\/www.gidaperakendecileri.org\/wp-content\/uploads\/2020\/11\/personel-is-alimi-722x1024.png","type":"","width":"","height":""}],"twitter_card":"summary_large_image","schema":{"@context":"https:\/\/schema.org","@graph":[{"@type":"WebPage","@id":"https:\/\/www.gidaperakendecileri.org\/?page_id=2504","url":"https:\/\/www.gidaperakendecileri.org\/?page_id=2504","name":"16 Kas\u0131m 2020 \u2013 GPD VOC Test Center \u0130\u015f \u0130lan\u0131 - GPD","isPartOf":{"@id":"https:\/\/www.gidaperakendecileri.org\/#website"},"primaryImageOfPage":{"@id":"https:\/\/www.gidaperakendecileri.org\/?page_id=2504#primaryimage"},"image":{"@id":"https:\/\/www.gidaperakendecileri.org\/?page_id=2504#primaryimage"},"thumbnailUrl":"https:\/\/www.gidaperakendecileri.org\/wp-content\/uploads\/2020\/11\/personel-is-alimi-722x1024.png","datePublished":"2020-12-28T10:18:39+00:00","dateModified":"2020-12-28T10:18:57+00:00","breadcrumb":{"@id":"https:\/\/www.gidaperakendecileri.org\/?page_id=2504#breadcrumb"},"inLanguage":"en-US","potentialAction":[{"@type":"ReadAction","target":["https:\/\/www.gidaperakendecileri.org\/?page_id=2504"]}]},{"@type":"ImageObject","inLanguage":"en-US","@id":"https:\/\/www.gidaperakendecileri.org\/?page_id=2504#primaryimage","url":"https:\/\/www.gidaperakendecileri.org\/wp-content\/uploads\/2020\/11\/personel-is-alimi-722x1024.png","contentUrl":"https:\/\/www.gidaperakendecileri.org\/wp-content\/uploads\/2020\/11\/personel-is-alimi-722x1024.png"},{"@type":"BreadcrumbList","@id":"https:\/\/www.gidaperakendecileri.org\/?page_id=2504#breadcrumb","itemListElement":[{"@type":"ListItem","position":1,"name":"Home","item":"https:\/\/www.gidaperakendecileri.org\/"},{"@type":"ListItem","position":2,"name":"16 Kas\u0131m 2020 \u2013 GPD VOC Test Center \u0130\u015f \u0130lan\u0131"}]},{"@type":"WebSite","@id":"https:\/\/www.gidaperakendecileri.org\/#website","url":"https:\/\/www.gidaperakendecileri.org\/","name":"GPD","description":"G\u0131da Perakendecileri Derne\u011fi","potentialAction":[{"@type":"SearchAction","target":{"@type":"EntryPoint","urlTemplate":"https:\/\/www.gidaperakendecileri.org\/?s={search_term_string}"},"query-input":{"@type":"PropertyValueSpecification","valueRequired":true,"valueName":"search_term_string"}}],"inLanguage":"en-US"}]}},"_links":{"self":[{"href":"https:\/\/www.gidaperakendecileri.org\/index.php?rest_route=\/wp\/v2\/pages\/2504","targetHints":{"allow":["GET"]}}],"collection":[{"href":"https:\/\/www.gidaperakendecileri.org\/index.php?rest_route=\/wp\/v2\/pages"}],"about":[{"href":"https:\/\/www.gidaperakendecileri.org\/index.php?rest_route=\/wp\/v2\/types\/page"}],"author":[{"embeddable":true,"href":"https:\/\/www.gidaperakendecileri.org\/index.php?rest_route=\/wp\/v2\/users\/1"}],"replies":[{"embeddable":true,"href":"https:\/\/www.gidaperakendecileri.org\/index.php?rest_route=%2Fwp%2Fv2%2Fcomments&post=2504"}],"version-history":[{"count":4,"href":"https:\/\/www.gidaperakendecileri.org\/index.php?rest_route=\/wp\/v2\/pages\/2504\/revisions"}],"predecessor-version":[{"id":2511,"href":"https:\/\/www.gidaperakendecileri.org\/index.php?rest_route=\/wp\/v2\/pages\/2504\/revisions\/2511"}],"wp:attachment":[{"href":"https:\/\/www.gidaperakendecileri.org\/index.php?rest_route=%2Fwp%2Fv2%2Fmedia&parent=2504"}],"curies":[{"name":"wp","href":"https:\/\/api.w.org\/{rel}","templated":true}]}}