{"id":2490,"date":"2020-11-30T09:53:09","date_gmt":"2020-11-30T09:53:09","guid":{"rendered":"https:\/\/www.gidaperakendecileri.org\/?page_id=2490"},"modified":"2021-11-02T12:58:47","modified_gmt":"2021-11-02T12:58:47","slug":"duyurular","status":"publish","type":"page","link":"https:\/\/www.gidaperakendecileri.org\/?page_id=2490","title":{"rendered":"Duyurular"},"content":{"rendered":"\t\t<div data-elementor-type=\"wp-page\" data-elementor-id=\"2490\" class=\"elementor elementor-2490\">\n\t\t\t\t\t\t<section class=\"elementor-section elementor-top-section elementor-element elementor-element-9d8f377 elementor-section-boxed elementor-section-height-default elementor-section-height-default\" data-id=\"9d8f377\" data-element_type=\"section\">\n\t\t\t\t\t\t<div class=\"elementor-container elementor-column-gap-default\">\n\t\t\t\t\t<div class=\"elementor-column elementor-col-100 elementor-top-column elementor-element elementor-element-e36666a\" data-id=\"e36666a\" data-element_type=\"column\">\n\t\t\t<div class=\"elementor-widget-wrap elementor-element-populated\">\n\t\t\t\t\t\t<div class=\"elementor-element elementor-element-fd7afd0 elementor-widget elementor-widget-image\" data-id=\"fd7afd0\" data-element_type=\"widget\" data-widget_type=\"image.default\">\n\t\t\t\t<div class=\"elementor-widget-container\">\n\t\t\t\t\t\t\t\t\t\t\t\t\t\t\t<img fetchpriority=\"high\" decoding=\"async\" width=\"2560\" height=\"534\" src=\"https:\/\/www.gidaperakendecileri.org\/wp-content\/uploads\/2020\/12\/gdp-duyurular-scaled.jpg\" class=\"attachment-full size-full wp-image-2507\" alt=\"\" srcset=\"https:\/\/www.gidaperakendecileri.org\/wp-content\/uploads\/2020\/12\/gdp-duyurular-scaled.jpg 2560w, https:\/\/www.gidaperakendecileri.org\/wp-content\/uploads\/2020\/12\/gdp-duyurular-300x63.jpg 300w, https:\/\/www.gidaperakendecileri.org\/wp-content\/uploads\/2020\/12\/gdp-duyurular-1024x214.jpg 1024w, https:\/\/www.gidaperakendecileri.org\/wp-content\/uploads\/2020\/12\/gdp-duyurular-768x160.jpg 768w, https:\/\/www.gidaperakendecileri.org\/wp-content\/uploads\/2020\/12\/gdp-duyurular-1536x320.jpg 1536w, https:\/\/www.gidaperakendecileri.org\/wp-content\/uploads\/2020\/12\/gdp-duyurular-2048x427.jpg 2048w, https:\/\/www.gidaperakendecileri.org\/wp-content\/uploads\/2020\/12\/gdp-duyurular-696x145.jpg 696w, https:\/\/www.gidaperakendecileri.org\/wp-content\/uploads\/2020\/12\/gdp-duyurular-1068x223.jpg 1068w, https:\/\/www.gidaperakendecileri.org\/wp-content\/uploads\/2020\/12\/gdp-duyurular-2014x420.jpg 2014w\" sizes=\"(max-width: 2560px) 100vw, 2560px\" \/>\t\t\t\t\t\t\t\t\t\t\t\t\t\t\t<\/div>\n\t\t\t\t<\/div>\n\t\t\t\t\t<\/div>\n\t\t<\/div>\n\t\t\t\t\t<\/div>\n\t\t<\/section>\n\t\t\t\t<section class=\"elementor-section elementor-top-section elementor-element elementor-element-5292a24 elementor-section-boxed elementor-section-height-default elementor-section-height-default\" data-id=\"5292a24\" data-element_type=\"section\">\n\t\t\t\t\t\t<div class=\"elementor-container elementor-column-gap-default\">\n\t\t\t\t\t<div class=\"elementor-column elementor-col-100 elementor-top-column elementor-element elementor-element-5652a33\" data-id=\"5652a33\" data-element_type=\"column\">\n\t\t\t<div class=\"elementor-widget-wrap elementor-element-populated\">\n\t\t\t\t\t\t<div class=\"elementor-element elementor-element-a4d6cb4 elementor-widget elementor-widget-heading\" data-id=\"a4d6cb4\" data-element_type=\"widget\" data-widget_type=\"heading.default\">\n\t\t\t\t<div class=\"elementor-widget-container\">\n\t\t\t\t\t<h2 class=\"elementor-heading-title elementor-size-large\">GPD\u2019nin \u00e7al\u0131\u015fmalar\u0131na dair yapt\u0131\u011f\u0131 duyurulara a\u015fa\u011f\u0131daki listeden eri\u015febilirsiniz:\n<\/h2>\t\t\t\t<\/div>\n\t\t\t\t<\/div>\n\t\t\t\t\t<\/div>\n\t\t<\/div>\n\t\t\t\t\t<\/div>\n\t\t<\/section>\n\t\t\t\t<section class=\"elementor-section elementor-top-section elementor-element elementor-element-5135bb4 elementor-section-boxed elementor-section-height-default elementor-section-height-default\" data-id=\"5135bb4\" data-element_type=\"section\">\n\t\t\t\t\t\t<div class=\"elementor-container elementor-column-gap-default\">\n\t\t\t\t\t<div class=\"elementor-column elementor-col-100 elementor-top-column elementor-element elementor-element-6d1d673\" data-id=\"6d1d673\" data-element_type=\"column\">\n\t\t\t<div class=\"elementor-widget-wrap elementor-element-populated\">\n\t\t\t\t\t\t<div class=\"elementor-element elementor-element-83fdb77 elementor-widget elementor-widget-text-editor\" data-id=\"83fdb77\" data-element_type=\"widget\" data-widget_type=\"text-editor.default\">\n\t\t\t\t<div class=\"elementor-widget-container\">\n\t\t\t\t\t\t\t\t\t<p><span style=\"color: #000000;\"><a style=\"color: #000000;\" href=\"https:\/\/www.gidaperakendecileri.org\/?page_id=4285\"><strong>1 Kas\u0131m 2021 \u2013 Tan\u0131t\u0131m Sorumlusu (Seviye 4) Ulusal Yeterlilik<\/strong><\/a><\/span><\/p><p><span style=\"color: #000000;\"><a style=\"color: #000000;\" href=\"https:\/\/www.gidaperakendecileri.org\/?page_id=4114\" target=\"_blank\" rel=\"noopener\"><strong>22 Ekim 2021 \u2013 G\u00fcncellenmi\u015f Ulusal Meslek Standartlar\u0131<\/strong><\/a><\/span><\/p><p><span style=\"color: #000000;\"><strong><a style=\"color: #000000;\" href=\"https:\/\/www.gidaperakendecileri.org\/?page_id=2515\" target=\"_blank\" rel=\"noopener\">15 Temmuz 2021 \u2013 Ulusal Yeterlilik, Tan\u0131t\u0131m Eleman\u0131 (Seviye 3)<\/a><\/strong><\/span><\/p><p><span style=\"color: #000000;\"><strong><a style=\"color: #000000;\" href=\"https:\/\/www.gidaperakendecileri.org\/?page_id=2746\" target=\"_blank\" rel=\"noopener\">19 Ocak 2021 &#8211; GPD VOC Test Center \u0130\u015f \u0130lan\u0131<\/a><\/strong><\/span><\/p><p><span style=\"color: #000000;\"><strong><a style=\"color: #000000;\" href=\"https:\/\/www.gidaperakendecileri.org\/?page_id=3579\" target=\"_blank\" rel=\"noopener\">10 Aral\u0131k 2020 \u2013 GPD VOC Test Center Bas\u0131n Duyurusu<\/a><\/strong><\/span><\/p><p><span style=\"color: #000000;\"><strong><a style=\"color: #000000;\" href=\"https:\/\/www.gidaperakendecileri.org\/?page_id=2504\" target=\"_blank\" rel=\"noopener\">16 Kas\u0131m 2020 \u2013 GPD VOC Test Center \u0130\u015f \u0130lan\u0131<\/a><\/strong><\/span><\/p>\t\t\t\t\t\t\t\t<\/div>\n\t\t\t\t<\/div>\n\t\t\t\t\t<\/div>\n\t\t<\/div>\n\t\t\t\t\t<\/div>\n\t\t<\/section>\n\t\t\t\t<\/div>\n\t\t","protected":false},"excerpt":{"rendered":"<p>GPD\u2019nin \u00e7al\u0131\u015fmalar\u0131na dair yapt\u0131\u011f\u0131 duyurulara a\u015fa\u011f\u0131daki listeden eri\u015febilirsiniz: 1 Kas\u0131m 2021 \u2013 Tan\u0131t\u0131m Sorumlusu (Seviye 4) Ulusal Yeterlilik 22 Ekim 2021 \u2013 G\u00fcncellenmi\u015f Ulusal Meslek Standartlar\u0131 15 Temmuz 2021 \u2013 Ulusal Yeterlilik, Tan\u0131t\u0131m Eleman\u0131 (Seviye 3) 19 Ocak 2021 &#8211; GPD VOC Test Center \u0130\u015f \u0130lan\u0131 10 Aral\u0131k 2020 \u2013 GPD VOC Test Center Bas\u0131n [&hellip;]<\/p>\n","protected":false},"author":1,"featured_media":0,"parent":0,"menu_order":0,"comment_status":"closed","ping_status":"closed","template":"","meta":{"_monsterinsights_skip_tracking":false,"_monsterinsights_sitenote_active":false,"_monsterinsights_sitenote_note":"","_monsterinsights_sitenote_category":0,"footnotes":""},"class_list":["post-2490","page","type-page","status-publish"],"featured_image_src":null,"yoast_head":"<!-- This site is optimized with the Yoast SEO plugin v26.7 - https:\/\/yoast.com\/wordpress\/plugins\/seo\/ -->\n<title>Duyurular - GPD<\/title>\n<meta name=\"robots\" content=\"index, follow, max-snippet:-1, max-image-preview:large, max-video-preview:-1\" \/>\n<link rel=\"canonical\" href=\"https:\/\/www.gidaperakendecileri.org\/?page_id=2490\" \/>\n<meta property=\"og:locale\" content=\"en_US\" \/>\n<meta property=\"og:type\" content=\"article\" \/>\n<meta property=\"og:title\" content=\"Duyurular - GPD\" \/>\n<meta property=\"og:description\" content=\"GPD\u2019nin \u00e7al\u0131\u015fmalar\u0131na dair yapt\u0131\u011f\u0131 duyurulara a\u015fa\u011f\u0131daki listeden eri\u015febilirsiniz: 1 Kas\u0131m 2021 \u2013 Tan\u0131t\u0131m Sorumlusu (Seviye 4) Ulusal Yeterlilik 22 Ekim 2021 \u2013 G\u00fcncellenmi\u015f Ulusal Meslek Standartlar\u0131 15 Temmuz 2021 \u2013 Ulusal Yeterlilik, Tan\u0131t\u0131m Eleman\u0131 (Seviye 3) 19 Ocak 2021 &#8211; GPD VOC Test Center \u0130\u015f \u0130lan\u0131 10 Aral\u0131k 2020 \u2013 GPD VOC Test Center Bas\u0131n [&hellip;]\" \/>\n<meta property=\"og:url\" content=\"https:\/\/www.gidaperakendecileri.org\/?page_id=2490\" \/>\n<meta property=\"og:site_name\" content=\"GPD\" \/>\n<meta property=\"article:modified_time\" content=\"2021-11-02T12:58:47+00:00\" \/>\n<meta property=\"og:image\" content=\"https:\/\/www.gidaperakendecileri.org\/wp-content\/uploads\/2020\/12\/gdp-duyurular-scaled.jpg\" \/>\n<meta name=\"twitter:card\" content=\"summary_large_image\" \/>\n<meta name=\"twitter:label1\" content=\"Est. reading time\" \/>\n\t<meta name=\"twitter:data1\" content=\"1 minute\" \/>\n<script type=\"application\/ld+json\" class=\"yoast-schema-graph\">{\"@context\":\"https:\/\/schema.org\",\"@graph\":[{\"@type\":\"WebPage\",\"@id\":\"https:\/\/www.gidaperakendecileri.org\/?page_id=2490\",\"url\":\"https:\/\/www.gidaperakendecileri.org\/?page_id=2490\",\"name\":\"Duyurular - GPD\",\"isPartOf\":{\"@id\":\"https:\/\/www.gidaperakendecileri.org\/#website\"},\"primaryImageOfPage\":{\"@id\":\"https:\/\/www.gidaperakendecileri.org\/?page_id=2490#primaryimage\"},\"image\":{\"@id\":\"https:\/\/www.gidaperakendecileri.org\/?page_id=2490#primaryimage\"},\"thumbnailUrl\":\"https:\/\/www.gidaperakendecileri.org\/wp-content\/uploads\/2020\/12\/gdp-duyurular-scaled.jpg\",\"datePublished\":\"2020-11-30T09:53:09+00:00\",\"dateModified\":\"2021-11-02T12:58:47+00:00\",\"breadcrumb\":{\"@id\":\"https:\/\/www.gidaperakendecileri.org\/?page_id=2490#breadcrumb\"},\"inLanguage\":\"en-US\",\"potentialAction\":[{\"@type\":\"ReadAction\",\"target\":[\"https:\/\/www.gidaperakendecileri.org\/?page_id=2490\"]}]},{\"@type\":\"ImageObject\",\"inLanguage\":\"en-US\",\"@id\":\"https:\/\/www.gidaperakendecileri.org\/?page_id=2490#primaryimage\",\"url\":\"https:\/\/www.gidaperakendecileri.org\/wp-content\/uploads\/2020\/12\/gdp-duyurular-scaled.jpg\",\"contentUrl\":\"https:\/\/www.gidaperakendecileri.org\/wp-content\/uploads\/2020\/12\/gdp-duyurular-scaled.jpg\",\"width\":2560,\"height\":534},{\"@type\":\"BreadcrumbList\",\"@id\":\"https:\/\/www.gidaperakendecileri.org\/?page_id=2490#breadcrumb\",\"itemListElement\":[{\"@type\":\"ListItem\",\"position\":1,\"name\":\"Home\",\"item\":\"https:\/\/www.gidaperakendecileri.org\/\"},{\"@type\":\"ListItem\",\"position\":2,\"name\":\"Duyurular\"}]},{\"@type\":\"WebSite\",\"@id\":\"https:\/\/www.gidaperakendecileri.org\/#website\",\"url\":\"https:\/\/www.gidaperakendecileri.org\/\",\"name\":\"GPD\",\"description\":\"G\u0131da Perakendecileri Derne\u011fi\",\"potentialAction\":[{\"@type\":\"SearchAction\",\"target\":{\"@type\":\"EntryPoint\",\"urlTemplate\":\"https:\/\/www.gidaperakendecileri.org\/?s={search_term_string}\"},\"query-input\":{\"@type\":\"PropertyValueSpecification\",\"valueRequired\":true,\"valueName\":\"search_term_string\"}}],\"inLanguage\":\"en-US\"}]}<\/script>\n<!-- \/ Yoast SEO plugin. -->","yoast_head_json":{"title":"Duyurular - GPD","robots":{"index":"index","follow":"follow","max-snippet":"max-snippet:-1","max-image-preview":"max-image-preview:large","max-video-preview":"max-video-preview:-1"},"canonical":"https:\/\/www.gidaperakendecileri.org\/?page_id=2490","og_locale":"en_US","og_type":"article","og_title":"Duyurular - GPD","og_description":"GPD\u2019nin \u00e7al\u0131\u015fmalar\u0131na dair yapt\u0131\u011f\u0131 duyurulara a\u015fa\u011f\u0131daki listeden eri\u015febilirsiniz: 1 Kas\u0131m 2021 \u2013 Tan\u0131t\u0131m Sorumlusu (Seviye 4) Ulusal Yeterlilik 22 Ekim 2021 \u2013 G\u00fcncellenmi\u015f Ulusal Meslek Standartlar\u0131 15 Temmuz 2021 \u2013 Ulusal Yeterlilik, Tan\u0131t\u0131m Eleman\u0131 (Seviye 3) 19 Ocak 2021 &#8211; GPD VOC Test Center \u0130\u015f \u0130lan\u0131 10 Aral\u0131k 2020 \u2013 GPD VOC Test Center Bas\u0131n [&hellip;]","og_url":"https:\/\/www.gidaperakendecileri.org\/?page_id=2490","og_site_name":"GPD","article_modified_time":"2021-11-02T12:58:47+00:00","og_image":[{"url":"https:\/\/www.gidaperakendecileri.org\/wp-content\/uploads\/2020\/12\/gdp-duyurular-scaled.jpg","type":"","width":"","height":""}],"twitter_card":"summary_large_image","twitter_misc":{"Est. reading time":"1 minute"},"schema":{"@context":"https:\/\/schema.org","@graph":[{"@type":"WebPage","@id":"https:\/\/www.gidaperakendecileri.org\/?page_id=2490","url":"https:\/\/www.gidaperakendecileri.org\/?page_id=2490","name":"Duyurular - GPD","isPartOf":{"@id":"https:\/\/www.gidaperakendecileri.org\/#website"},"primaryImageOfPage":{"@id":"https:\/\/www.gidaperakendecileri.org\/?page_id=2490#primaryimage"},"image":{"@id":"https:\/\/www.gidaperakendecileri.org\/?page_id=2490#primaryimage"},"thumbnailUrl":"https:\/\/www.gidaperakendecileri.org\/wp-content\/uploads\/2020\/12\/gdp-duyurular-scaled.jpg","datePublished":"2020-11-30T09:53:09+00:00","dateModified":"2021-11-02T12:58:47+00:00","breadcrumb":{"@id":"https:\/\/www.gidaperakendecileri.org\/?page_id=2490#breadcrumb"},"inLanguage":"en-US","potentialAction":[{"@type":"ReadAction","target":["https:\/\/www.gidaperakendecileri.org\/?page_id=2490"]}]},{"@type":"ImageObject","inLanguage":"en-US","@id":"https:\/\/www.gidaperakendecileri.org\/?page_id=2490#primaryimage","url":"https:\/\/www.gidaperakendecileri.org\/wp-content\/uploads\/2020\/12\/gdp-duyurular-scaled.jpg","contentUrl":"https:\/\/www.gidaperakendecileri.org\/wp-content\/uploads\/2020\/12\/gdp-duyurular-scaled.jpg","width":2560,"height":534},{"@type":"BreadcrumbList","@id":"https:\/\/www.gidaperakendecileri.org\/?page_id=2490#breadcrumb","itemListElement":[{"@type":"ListItem","position":1,"name":"Home","item":"https:\/\/www.gidaperakendecileri.org\/"},{"@type":"ListItem","position":2,"name":"Duyurular"}]},{"@type":"WebSite","@id":"https:\/\/www.gidaperakendecileri.org\/#website","url":"https:\/\/www.gidaperakendecileri.org\/","name":"GPD","description":"G\u0131da Perakendecileri Derne\u011fi","potentialAction":[{"@type":"SearchAction","target":{"@type":"EntryPoint","urlTemplate":"https:\/\/www.gidaperakendecileri.org\/?s={search_term_string}"},"query-input":{"@type":"PropertyValueSpecification","valueRequired":true,"valueName":"search_term_string"}}],"inLanguage":"en-US"}]}},"_links":{"self":[{"href":"https:\/\/www.gidaperakendecileri.org\/index.php?rest_route=\/wp\/v2\/pages\/2490","targetHints":{"allow":["GET"]}}],"collection":[{"href":"https:\/\/www.gidaperakendecileri.org\/index.php?rest_route=\/wp\/v2\/pages"}],"about":[{"href":"https:\/\/www.gidaperakendecileri.org\/index.php?rest_route=\/wp\/v2\/types\/page"}],"author":[{"embeddable":true,"href":"https:\/\/www.gidaperakendecileri.org\/index.php?rest_route=\/wp\/v2\/users\/1"}],"replies":[{"embeddable":true,"href":"https:\/\/www.gidaperakendecileri.org\/index.php?rest_route=%2Fwp%2Fv2%2Fcomments&post=2490"}],"version-history":[{"count":24,"href":"https:\/\/www.gidaperakendecileri.org\/index.php?rest_route=\/wp\/v2\/pages\/2490\/revisions"}],"predecessor-version":[{"id":4332,"href":"https:\/\/www.gidaperakendecileri.org\/index.php?rest_route=\/wp\/v2\/pages\/2490\/revisions\/4332"}],"wp:attachment":[{"href":"https:\/\/www.gidaperakendecileri.org\/index.php?rest_route=%2Fwp%2Fv2%2Fmedia&parent=2490"}],"curies":[{"name":"wp","href":"https:\/\/api.w.org\/{rel}","templated":true}]}}