{"id":219,"date":"2019-06-26T14:46:41","date_gmt":"2019-06-26T14:46:41","guid":{"rendered":"http:\/\/gpd.obase.co\/?page_id=219"},"modified":"2023-09-29T17:55:23","modified_gmt":"2023-09-29T17:55:23","slug":"hakkimizda","status":"publish","type":"page","link":"https:\/\/www.gidaperakendecileri.org\/?page_id=219","title":{"rendered":"Hakk\u0131m\u0131zda"},"content":{"rendered":"\t\t<div data-elementor-type=\"wp-post\" data-elementor-id=\"219\" class=\"elementor elementor-219\">\n\t\t\t\t\t\t<section class=\"elementor-section elementor-top-section elementor-element elementor-element-72419c1 elementor-section-boxed elementor-section-height-default elementor-section-height-default\" data-id=\"72419c1\" data-element_type=\"section\">\n\t\t\t\t\t\t<div class=\"elementor-container elementor-column-gap-default\">\n\t\t\t\t\t<div class=\"elementor-column elementor-col-100 elementor-top-column elementor-element elementor-element-11e519b\" data-id=\"11e519b\" data-element_type=\"column\">\n\t\t\t<div class=\"elementor-widget-wrap elementor-element-populated\">\n\t\t\t\t\t\t<div class=\"elementor-element elementor-element-6eee5c1 elementor-widget elementor-widget-image\" data-id=\"6eee5c1\" data-element_type=\"widget\" data-widget_type=\"image.default\">\n\t\t\t\t<div class=\"elementor-widget-container\">\n\t\t\t\t\t\t\t\t\t\t\t\t\t\t\t<img decoding=\"async\" src=\"http:\/\/gidaperakendecileri.org\/wp-content\/uploads\/2019\/07\/gpd-hakk\u0131m\u0131zda.jpg\" title=\"\" alt=\"\" loading=\"lazy\" \/>\t\t\t\t\t\t\t\t\t\t\t\t\t\t\t<\/div>\n\t\t\t\t<\/div>\n\t\t\t\t<div class=\"elementor-element elementor-element-a0e1d7b elementor-widget elementor-widget-text-editor\" data-id=\"a0e1d7b\" data-element_type=\"widget\" data-widget_type=\"text-editor.default\">\n\t\t\t\t<div class=\"elementor-widget-container\">\n\t\t\t\t\t\t\t\t\t<h4><strong>2012 y\u0131l\u0131nda kurulmu\u015f olan G\u0131da Perakendecileri Derne\u011fi (GPD) 500 milyar TL ciroya ula\u015fan, T\u00fcrkiye\u2019nin hemen hemen her \u015fehrinde yakla\u015f\u0131k 40 bin sat\u0131\u015f noktas\u0131nda ve 450 binin \u00fczerinde \u00e7al\u0131\u015fanla t\u00fcketiciye kaliteli ve g\u00fcvenilir hizmet ula\u015ft\u0131ran ulusal ve yerel organize g\u0131da perakendecileri ile g\u0131da servis zincirlerinin temsilcisi konumundad\u0131r.<\/strong><br \/><strong>Sekt\u00f6r\u00fcn \u00f6nde gelen t\u00fcm perakende kurulu\u015flar\u0131 ve g\u0131da servis zincirleri GPD \u00fcyesidir.<\/strong><\/h4><h4>18 milyon hanede 68 milyon ki\u015fiyle do\u011frudan temasta olan, sekt\u00f6r\u00fcn \u00f6nde gelen t\u00fcm perakende kurulu\u015flar\u0131 ve g\u0131da servis zincirlerinden olu\u015fan g\u00fc\u00e7l\u00fc \u00fcye kitlesi sayesinde GPD, organize g\u0131da perakende sekt\u00f6r\u00fcn\u00fcn s\u00f6zc\u00fcs\u00fcd\u00fcr.<br \/>GPD k\u00f6ylere kadar uzanan market ve servis zincirleriyle her g\u00fcn; T\u00fcrkiye\u2019deki 18 milyon hanenin en az %79\u2019una ula\u015farak, 15 milyon ki\u015fiye hijyen standartlar\u0131na uygun, g\u00fcvenilir, kendi i\u00e7 mekanizmalar\u0131 ile denetlenen, ayn\u0131 zamanda makul fiyatl\u0131 her g\u00fcn t\u00fcketmek zorunda oldu\u011fumuz, ba\u015fta g\u0131da olmak \u00fczere h\u0131zl\u0131 t\u00fcketilen \u00fcr\u00fcnlerin hizmetini vermektedir.<br \/>Sekt\u00f6rel kararlara sa\u011flam zemin olu\u015fturmak amac\u0131yla sekt\u00f6rel veri toplay\u0131p, analiz eden ve bunlar\u0131 sekt\u00f6rel bilgiye d\u00f6n\u00fc\u015ft\u00fcren GPD, sekt\u00f6r\u00fcn en g\u00fcvenilir veri ve bilgi merkezidir.<br \/>GPD, organize g\u0131da perakende sekt\u00f6r\u00fcn\u00fcn g\u00fcndemine ba\u011fl\u0131 olarak, sekt\u00f6rle ilgili yasa ve y\u00f6netmelikleri takip eder. Kendi alan\u0131nda \u00f6ne \u00e7\u0131kan geli\u015fmeleri ele alarak de\u011ferlendirir. Olu\u015fturulan g\u00f6r\u00fc\u015f ve \u00e7\u00f6z\u00fcmleri ilgili bakanl\u0131klara ve komisyonlara sunar. Bu g\u00f6r\u00fc\u015fleri ilgili bakanl\u0131klar d\u0131\u015f\u0131nda, sosyal payda\u015flar, uzmanlar, ara\u015ft\u0131rma kurulu\u015flar\u0131, uluslararas\u0131 yetkili kurumlar ile de payla\u015f\u0131r ve \u00e7\u00f6z\u00fcm \u00fcretmek i\u00e7in onlarla i\u015f birli\u011fi i\u00e7inde \u00e7al\u0131\u015f\u0131r.<br \/>D\u00fcnyan\u0131n en geni\u015f kapsaml\u0131 ticari perakende organizasyonu NRF (National Retail Federation), perakende, toptan sat\u0131\u015f ve uluslararas\u0131 ticaret sekt\u00f6rlerinde Avrupa\u2019y\u0131 temsil eden EuroCommerce, Asya\u2019daki en b\u00fcy\u00fck perakende organizasyonlar\u0131n\u0131 \u00e7at\u0131s\u0131 alt\u0131na toplayan FAPRA (Federation of Asian-Pasific Retailers Association), ECR ve CGF gibi bir\u00e7ok uluslararas\u0131 kurulu\u015f ile s\u00fcrekli olarak ba\u011flant\u0131da olan GPD, uluslararas\u0131 dan\u0131\u015fmanl\u0131k kurulu\u015flar\u0131 ile de s\u0131k\u0131 bir i\u015f birli\u011fi i\u00e7indedir. GPD bu ili\u015fkileri sayesinde global know-how\u2019\u0131 T\u00fcrkiye\u2019ye ta\u015f\u0131r.<br \/>GPD, sekt\u00f6r\u00fcn kurumsalla\u015fmas\u0131n\u0131 sa\u011flamak, sekt\u00f6r\u00fc ve hizmet kalitesini uluslararas\u0131 standartlara \u00e7\u0131karmak amac\u0131yla seminer ve workshoplar d\u00fczenleyerek, sekt\u00f6rel bilgilerin g\u00fcncellenmesine katk\u0131da bulunur.<br \/>GPD, sekt\u00f6rdeki e\u011fitimli istihdam a\u00e7\u0131\u011f\u0131n\u0131 ve yo\u011fun sirk\u00fclasyonu g\u00f6z \u00f6n\u00fcnde bulundurarak sekt\u00f6rel e\u011fitime y\u00f6nelik \u00e7al\u0131\u015fmalar yapar. Belirledi\u011fi eksiklikler do\u011frultusunda \u00fcretti\u011fi \u00e7\u00f6z\u00fcmleri resmi mercilere ileterek, uygulamaya ge\u00e7irilmesi i\u00e7in takipte bulunur.<br \/>T\u00fcketici haklar\u0131 konusundaki geli\u015fmelere paralel olarak t\u00fcketiciler ve sekt\u00f6r nezdinde \u00e7al\u0131\u015fmalar yapan GPD, \u00f6zellikle hijyen ve g\u00fcvenlik standartlar\u0131na uygunluk konular\u0131nda yapt\u0131\u011f\u0131 faaliyetlerle bu alanda uluslararas\u0131 standartlar\u0131n olu\u015fmas\u0131n\u0131 sa\u011flamay\u0131 hedeflemektedir.<\/h4><h4><style type=\"text\/css\">\np.p1 {margin: 0.0px 0.0px 0.0px 0.0px; font: 12.0px Times}<br \/>p.p2 {margin: 0.0px 0.0px 0.0px 0.0px; font: 12.0px Times; min-height: 14.0px}<br \/><\/style><\/h4>\t\t\t\t\t\t\t\t<\/div>\n\t\t\t\t<\/div>\n\t\t\t\t\t<\/div>\n\t\t<\/div>\n\t\t\t\t\t<\/div>\n\t\t<\/section>\n\t\t\t\t<section class=\"elementor-section elementor-top-section elementor-element elementor-element-9061112 elementor-section-boxed elementor-section-height-default elementor-section-height-default\" data-id=\"9061112\" data-element_type=\"section\">\n\t\t\t\t\t\t<div class=\"elementor-container elementor-column-gap-default\">\n\t\t\t\t\t<div class=\"elementor-column elementor-col-100 elementor-top-column elementor-element elementor-element-b745a1b\" data-id=\"b745a1b\" data-element_type=\"column\">\n\t\t\t<div class=\"elementor-widget-wrap\">\n\t\t\t\t\t\t\t<\/div>\n\t\t<\/div>\n\t\t\t\t\t<\/div>\n\t\t<\/section>\n\t\t\t\t<\/div>\n\t\t","protected":false},"excerpt":{"rendered":"<p>2012 y\u0131l\u0131nda kurulmu\u015f olan G\u0131da Perakendecileri Derne\u011fi (GPD) 500 milyar TL ciroya ula\u015fan, T\u00fcrkiye\u2019nin hemen hemen her \u015fehrinde yakla\u015f\u0131k 40 bin sat\u0131\u015f noktas\u0131nda ve 450 binin \u00fczerinde \u00e7al\u0131\u015fanla t\u00fcketiciye kaliteli ve g\u00fcvenilir hizmet ula\u015ft\u0131ran ulusal ve yerel organize g\u0131da perakendecileri ile g\u0131da servis zincirlerinin temsilcisi konumundad\u0131r. Sekt\u00f6r\u00fcn \u00f6nde gelen t\u00fcm perakende kurulu\u015flar\u0131 ve g\u0131da servis [&hellip;]<\/p>\n","protected":false},"author":1,"featured_media":0,"parent":0,"menu_order":0,"comment_status":"closed","ping_status":"closed","template":"","meta":{"_monsterinsights_skip_tracking":false,"_monsterinsights_sitenote_active":false,"_monsterinsights_sitenote_note":"","_monsterinsights_sitenote_category":0,"footnotes":""},"class_list":["post-219","page","type-page","status-publish"],"featured_image_src":null,"yoast_head":"<!-- This site is optimized with the Yoast SEO plugin v26.7 - https:\/\/yoast.com\/wordpress\/plugins\/seo\/ -->\n<title>Hakk\u0131m\u0131zda - GPD<\/title>\n<meta name=\"robots\" content=\"index, follow, max-snippet:-1, max-image-preview:large, max-video-preview:-1\" \/>\n<link rel=\"canonical\" href=\"https:\/\/www.gidaperakendecileri.org\/?page_id=219\" \/>\n<meta property=\"og:locale\" content=\"en_US\" \/>\n<meta property=\"og:type\" content=\"article\" \/>\n<meta property=\"og:title\" content=\"Hakk\u0131m\u0131zda - GPD\" \/>\n<meta property=\"og:description\" content=\"2012 y\u0131l\u0131nda kurulmu\u015f olan G\u0131da Perakendecileri Derne\u011fi (GPD) 500 milyar TL ciroya ula\u015fan, T\u00fcrkiye\u2019nin hemen hemen her \u015fehrinde yakla\u015f\u0131k 40 bin sat\u0131\u015f noktas\u0131nda ve 450 binin \u00fczerinde \u00e7al\u0131\u015fanla t\u00fcketiciye kaliteli ve g\u00fcvenilir hizmet ula\u015ft\u0131ran ulusal ve yerel organize g\u0131da perakendecileri ile g\u0131da servis zincirlerinin temsilcisi konumundad\u0131r. Sekt\u00f6r\u00fcn \u00f6nde gelen t\u00fcm perakende kurulu\u015flar\u0131 ve g\u0131da servis [&hellip;]\" \/>\n<meta property=\"og:url\" content=\"https:\/\/www.gidaperakendecileri.org\/?page_id=219\" \/>\n<meta property=\"og:site_name\" content=\"GPD\" \/>\n<meta property=\"article:modified_time\" content=\"2023-09-29T17:55:23+00:00\" \/>\n<meta name=\"twitter:card\" content=\"summary_large_image\" \/>\n<meta name=\"twitter:label1\" content=\"Est. reading time\" \/>\n\t<meta name=\"twitter:data1\" content=\"2 minutes\" \/>\n<script type=\"application\/ld+json\" class=\"yoast-schema-graph\">{\"@context\":\"https:\/\/schema.org\",\"@graph\":[{\"@type\":\"WebPage\",\"@id\":\"https:\/\/www.gidaperakendecileri.org\/?page_id=219\",\"url\":\"https:\/\/www.gidaperakendecileri.org\/?page_id=219\",\"name\":\"Hakk\u0131m\u0131zda - GPD\",\"isPartOf\":{\"@id\":\"https:\/\/www.gidaperakendecileri.org\/#website\"},\"datePublished\":\"2019-06-26T14:46:41+00:00\",\"dateModified\":\"2023-09-29T17:55:23+00:00\",\"breadcrumb\":{\"@id\":\"https:\/\/www.gidaperakendecileri.org\/?page_id=219#breadcrumb\"},\"inLanguage\":\"en-US\",\"potentialAction\":[{\"@type\":\"ReadAction\",\"target\":[\"https:\/\/www.gidaperakendecileri.org\/?page_id=219\"]}]},{\"@type\":\"BreadcrumbList\",\"@id\":\"https:\/\/www.gidaperakendecileri.org\/?page_id=219#breadcrumb\",\"itemListElement\":[{\"@type\":\"ListItem\",\"position\":1,\"name\":\"Home\",\"item\":\"https:\/\/www.gidaperakendecileri.org\/\"},{\"@type\":\"ListItem\",\"position\":2,\"name\":\"Hakk\u0131m\u0131zda\"}]},{\"@type\":\"WebSite\",\"@id\":\"https:\/\/www.gidaperakendecileri.org\/#website\",\"url\":\"https:\/\/www.gidaperakendecileri.org\/\",\"name\":\"GPD\",\"description\":\"G\u0131da Perakendecileri Derne\u011fi\",\"potentialAction\":[{\"@type\":\"SearchAction\",\"target\":{\"@type\":\"EntryPoint\",\"urlTemplate\":\"https:\/\/www.gidaperakendecileri.org\/?s={search_term_string}\"},\"query-input\":{\"@type\":\"PropertyValueSpecification\",\"valueRequired\":true,\"valueName\":\"search_term_string\"}}],\"inLanguage\":\"en-US\"}]}<\/script>\n<!-- \/ Yoast SEO plugin. -->","yoast_head_json":{"title":"Hakk\u0131m\u0131zda - GPD","robots":{"index":"index","follow":"follow","max-snippet":"max-snippet:-1","max-image-preview":"max-image-preview:large","max-video-preview":"max-video-preview:-1"},"canonical":"https:\/\/www.gidaperakendecileri.org\/?page_id=219","og_locale":"en_US","og_type":"article","og_title":"Hakk\u0131m\u0131zda - GPD","og_description":"2012 y\u0131l\u0131nda kurulmu\u015f olan G\u0131da Perakendecileri Derne\u011fi (GPD) 500 milyar TL ciroya ula\u015fan, T\u00fcrkiye\u2019nin hemen hemen her \u015fehrinde yakla\u015f\u0131k 40 bin sat\u0131\u015f noktas\u0131nda ve 450 binin \u00fczerinde \u00e7al\u0131\u015fanla t\u00fcketiciye kaliteli ve g\u00fcvenilir hizmet ula\u015ft\u0131ran ulusal ve yerel organize g\u0131da perakendecileri ile g\u0131da servis zincirlerinin temsilcisi konumundad\u0131r. Sekt\u00f6r\u00fcn \u00f6nde gelen t\u00fcm perakende kurulu\u015flar\u0131 ve g\u0131da servis [&hellip;]","og_url":"https:\/\/www.gidaperakendecileri.org\/?page_id=219","og_site_name":"GPD","article_modified_time":"2023-09-29T17:55:23+00:00","twitter_card":"summary_large_image","twitter_misc":{"Est. reading time":"2 minutes"},"schema":{"@context":"https:\/\/schema.org","@graph":[{"@type":"WebPage","@id":"https:\/\/www.gidaperakendecileri.org\/?page_id=219","url":"https:\/\/www.gidaperakendecileri.org\/?page_id=219","name":"Hakk\u0131m\u0131zda - GPD","isPartOf":{"@id":"https:\/\/www.gidaperakendecileri.org\/#website"},"datePublished":"2019-06-26T14:46:41+00:00","dateModified":"2023-09-29T17:55:23+00:00","breadcrumb":{"@id":"https:\/\/www.gidaperakendecileri.org\/?page_id=219#breadcrumb"},"inLanguage":"en-US","potentialAction":[{"@type":"ReadAction","target":["https:\/\/www.gidaperakendecileri.org\/?page_id=219"]}]},{"@type":"BreadcrumbList","@id":"https:\/\/www.gidaperakendecileri.org\/?page_id=219#breadcrumb","itemListElement":[{"@type":"ListItem","position":1,"name":"Home","item":"https:\/\/www.gidaperakendecileri.org\/"},{"@type":"ListItem","position":2,"name":"Hakk\u0131m\u0131zda"}]},{"@type":"WebSite","@id":"https:\/\/www.gidaperakendecileri.org\/#website","url":"https:\/\/www.gidaperakendecileri.org\/","name":"GPD","description":"G\u0131da Perakendecileri Derne\u011fi","potentialAction":[{"@type":"SearchAction","target":{"@type":"EntryPoint","urlTemplate":"https:\/\/www.gidaperakendecileri.org\/?s={search_term_string}"},"query-input":{"@type":"PropertyValueSpecification","valueRequired":true,"valueName":"search_term_string"}}],"inLanguage":"en-US"}]}},"_links":{"self":[{"href":"https:\/\/www.gidaperakendecileri.org\/index.php?rest_route=\/wp\/v2\/pages\/219","targetHints":{"allow":["GET"]}}],"collection":[{"href":"https:\/\/www.gidaperakendecileri.org\/index.php?rest_route=\/wp\/v2\/pages"}],"about":[{"href":"https:\/\/www.gidaperakendecileri.org\/index.php?rest_route=\/wp\/v2\/types\/page"}],"author":[{"embeddable":true,"href":"https:\/\/www.gidaperakendecileri.org\/index.php?rest_route=\/wp\/v2\/users\/1"}],"replies":[{"embeddable":true,"href":"https:\/\/www.gidaperakendecileri.org\/index.php?rest_route=%2Fwp%2Fv2%2Fcomments&post=219"}],"version-history":[{"count":19,"href":"https:\/\/www.gidaperakendecileri.org\/index.php?rest_route=\/wp\/v2\/pages\/219\/revisions"}],"predecessor-version":[{"id":6210,"href":"https:\/\/www.gidaperakendecileri.org\/index.php?rest_route=\/wp\/v2\/pages\/219\/revisions\/6210"}],"wp:attachment":[{"href":"https:\/\/www.gidaperakendecileri.org\/index.php?rest_route=%2Fwp%2Fv2%2Fmedia&parent=219"}],"curies":[{"name":"wp","href":"https:\/\/api.w.org\/{rel}","templated":true}]}}